{"id":1847,"date":"2023-10-23T17:02:04","date_gmt":"2023-10-23T20:02:04","guid":{"rendered":"https:\/\/quasarhomecenter.com\/?post_type=product&#038;p=1847"},"modified":"2023-12-07T11:14:50","modified_gmt":"2023-12-07T14:14:50","slug":"escritorio-3-cajones-2","status":"publish","type":"product","link":"https:\/\/quasarhomecenter.com\/index.php\/product\/escritorio-3-cajones-2\/","title":{"rendered":"Escritorio 3 cajones"},"content":{"rendered":"\n<h2 class=\"wp-block-heading has-vivid-cyan-blue-color has-text-color\" id=\"block-06565ea0-b2b7-49ce-ad72-b6e7bd107805\">Caracter\u00edsticas destacadas<\/h2>\n\n\n\n<p id=\"block-952fa47f-dffa-4dcd-a689-b622928ff0fb\">El escritorio con dimensiones de 100x50x75 cm, identificado como modelo 1002-A con el c\u00f3digo 10379, presenta una soluci\u00f3n compacta y funcional para tu espacio de trabajo. Este escritorio combina un dise\u00f1o pr\u00e1ctico con dimensiones equilibradas, ofreciendo una superficie de trabajo eficiente. Con 3 cajones adicionales, proporciona espacio de almacenamiento organizado. El modelo 1002-A a\u00f1ade un toque distintivo de estilo, mientras que el c\u00f3digo identificador 10379 destaca su singularidad. Este escritorio con 3 cajones ofrece un entorno organizado y est\u00e9ticamente agradable para abordar tus tareas diarias con eficiencia y comodidad.<\/p>\n\n\n\n<p>Tama\u00f1o 100x50x75cm<br>Modelo 1002-A<br>C\u00f3digo 10379<\/p>\n\n\n\n<h3 class=\"wp-block-heading has-vivid-cyan-blue-color has-text-color\" id=\"block-6a9cf7d5-efd0-4d74-81a2-9485d8661d23\">Caracter\u00edsticas generales<\/h3>\n\n\n\n<ul class=\"wp-block-list\" id=\"block-a981275a-f8b0-4630-a837-b04d8878f551\"><\/ul>\n\n\n\n<figure class=\"wp-block-table\"><table><tbody><tr><td><strong>Marca<\/strong><\/td><td>Escritorio<\/td><\/tr><tr><td><strong>Modelo<\/strong><\/td><td>1002-A<\/td><\/tr><\/tbody><\/table><\/figure>\n\n\n\n<h3 class=\"wp-block-heading has-vivid-cyan-blue-color has-text-color\" id=\"block-a69a19fa-1890-4f17-94da-112e2d075d58\">Especificaciones<\/h3>\n\n\n\n<figure class=\"wp-block-table\"><table><tbody><tr><td><strong>Material de Escritorio<\/strong><\/td><td>\ufeff<\/td><\/tr><tr><td><strong>Con Cajones<\/strong><\/td><td>Si<\/td><\/tr><tr><td><strong>Es en forma de L<\/strong><\/td><td>No<\/td><\/tr><tr><td><strong>Es Gamer<\/strong><\/td><td>No<\/td><\/tr><tr><td><strong>Con luces LED<\/strong><\/td><td>No<\/td><\/tr><tr><td><strong>Requiere ensamblado<\/strong><\/td><td>No<\/td><\/tr><tr><td><strong>Peso<\/strong><\/td><td>\ufeff<\/td><\/tr><tr><td><strong>Con puertas<\/strong><\/td><td>No<\/td><\/tr><tr><td><strong>Estantes<\/strong><\/td><td>No<\/td><\/tr><tr><td><strong>Con ruedas<\/strong><\/td><td>No<\/td><\/tr><tr><td><strong>Bandeja deslizante<\/strong><\/td><td>Si<\/td><\/tr><\/tbody><\/table><\/figure>\n\n\n\n<h3 class=\"wp-block-heading has-vivid-cyan-blue-color has-text-color\" id=\"block-241772f3-4e79-4607-aef8-3120c809c3ff\">Dimensiones:<\/h3>\n\n\n\n<p id=\"block-d1ad4b5e-e5c4-4b99-b5eb-8e1bb9148097\">Tama\u00f1o 100x50x75cm<\/p>\n","protected":false},"excerpt":{"rendered":"<p>Tama\u00f1o 100x50x75 cm<br \/>Modelo 1002-A<br \/>C\u00f3digo 10379<\/p>\n","protected":false},"featured_media":1848,"comment_status":"open","ping_status":"closed","template":"","meta":{"om_disable_all_campaigns":false,"_uag_custom_page_level_css":"","_monsterinsights_skip_tracking":false,"_monsterinsights_sitenote_active":false,"_monsterinsights_sitenote_note":"","_monsterinsights_sitenote_category":0},"product_cat":[30],"product_tag":[],"class_list":{"0":"post-1847","1":"product","2":"type-product","3":"status-publish","4":"has-post-thumbnail","6":"product_cat-muebleria","8":"first","9":"instock","10":"shipping-taxable","11":"purchasable","12":"product-type-simple"},"aioseo_notices":[],"jetpack_sharing_enabled":true,"uagb_featured_image_src":{"full":["https:\/\/quasarhomecenter.com\/wp-content\/uploads\/2023\/10\/image-removebg-preview-40.png",229,184,false],"thumbnail":["https:\/\/quasarhomecenter.com\/wp-content\/uploads\/2023\/10\/image-removebg-preview-40-150x150.png",150,150,true],"medium":["https:\/\/quasarhomecenter.com\/wp-content\/uploads\/2023\/10\/image-removebg-preview-40.png",229,184,false],"medium_large":["https:\/\/quasarhomecenter.com\/wp-content\/uploads\/2023\/10\/image-removebg-preview-40.png",229,184,false],"large":["https:\/\/quasarhomecenter.com\/wp-content\/uploads\/2023\/10\/image-removebg-preview-40.png",229,184,false],"1536x1536":["https:\/\/quasarhomecenter.com\/wp-content\/uploads\/2023\/10\/image-removebg-preview-40.png",229,184,false],"2048x2048":["https:\/\/quasarhomecenter.com\/wp-content\/uploads\/2023\/10\/image-removebg-preview-40.png",229,184,false],"mailpoet_newsletter_max":["https:\/\/quasarhomecenter.com\/wp-content\/uploads\/2023\/10\/image-removebg-preview-40.png",229,184,false],"woocommerce_thumbnail":["https:\/\/quasarhomecenter.com\/wp-content\/uploads\/2023\/10\/image-removebg-preview-40.png",229,184,false],"woocommerce_single":["https:\/\/quasarhomecenter.com\/wp-content\/uploads\/2023\/10\/image-removebg-preview-40.png",229,184,false],"woocommerce_gallery_thumbnail":["https:\/\/quasarhomecenter.com\/wp-content\/uploads\/2023\/10\/image-removebg-preview-40-100x100.png",100,100,true]},"uagb_author_info":{"display_name":"quasarhomecenter.com","author_link":"https:\/\/quasarhomecenter.com\/index.php\/author\/"},"uagb_comment_info":0,"uagb_excerpt":"Tama\u00f1o 100x50x75 cmModelo 1002-AC\u00f3digo 10379","_links":{"self":[{"href":"https:\/\/quasarhomecenter.com\/index.php\/wp-json\/wp\/v2\/product\/1847","targetHints":{"allow":["GET"]}}],"collection":[{"href":"https:\/\/quasarhomecenter.com\/index.php\/wp-json\/wp\/v2\/product"}],"about":[{"href":"https:\/\/quasarhomecenter.com\/index.php\/wp-json\/wp\/v2\/types\/product"}],"replies":[{"embeddable":true,"href":"https:\/\/quasarhomecenter.com\/index.php\/wp-json\/wp\/v2\/comments?post=1847"}],"wp:featuredmedia":[{"embeddable":true,"href":"https:\/\/quasarhomecenter.com\/index.php\/wp-json\/wp\/v2\/media\/1848"}],"wp:attachment":[{"href":"https:\/\/quasarhomecenter.com\/index.php\/wp-json\/wp\/v2\/media?parent=1847"}],"wp:term":[{"taxonomy":"product_cat","embeddable":true,"href":"https:\/\/quasarhomecenter.com\/index.php\/wp-json\/wp\/v2\/product_cat?post=1847"},{"taxonomy":"product_tag","embeddable":true,"href":"https:\/\/quasarhomecenter.com\/index.php\/wp-json\/wp\/v2\/product_tag?post=1847"}],"curies":[{"name":"wp","href":"https:\/\/api.w.org\/{rel}","templated":true}]}}