{"id":1885,"date":"2023-10-23T18:03:28","date_gmt":"2023-10-23T21:03:28","guid":{"rendered":"https:\/\/quasarhomecenter.com\/?post_type=product&#038;p=1885"},"modified":"2023-12-07T16:45:15","modified_gmt":"2023-12-07T19:45:15","slug":"silla-oficina","status":"publish","type":"product","link":"https:\/\/quasarhomecenter.com\/index.php\/product\/silla-oficina\/","title":{"rendered":"Silla oficina"},"content":{"rendered":"\n<h2 class=\"wp-block-heading has-vivid-cyan-blue-color has-text-color\" id=\"block-d4117f80-7239-4eba-b4d1-c137839d559e\">Caracter\u00edsticas destacadas<\/h2>\n\n\n\n<p id=\"block-fd18d3f3-4852-4e9e-be36-c84427ff3521\">La silla modelo AD945, con el c\u00f3digo 10958, es una elecci\u00f3n elegante y funcional para proporcionar comodidad en diversos entornos. Dise\u00f1ada con atenci\u00f3n al detalle, esta silla ofrece un asiento ergon\u00f3mico que brinda soporte y confort durante per\u00edodos prolongados. Su dise\u00f1o contempor\u00e1neo se combina con la durabilidad, asegurando una experiencia de uso agradable. El c\u00f3digo identificador 10958 resalta su singularidad. La silla modelo AD945 es una opci\u00f3n vers\u00e1til y estilizada para complementar tu espacio con estilo y confort.<\/p>\n\n\n\n<p>Modelo AD945<br>C\u00f3digo 10958<\/p>\n\n\n\n<h3 class=\"wp-block-heading has-vivid-cyan-blue-color has-text-color\" id=\"block-0d0e401c-3de1-4e4e-b7ae-8a3c257fa1ad\">Caracter\u00edsticas generales<\/h3>\n\n\n\n<figure class=\"wp-block-table\"><table><tbody><tr><td><strong>Marca<\/strong><\/td><td>Silla<\/td><\/tr><tr><td><strong>Modelo<\/strong><\/td><td>AD945<\/td><\/tr><tr><td><strong>Color<\/strong><\/td><td>Negro<\/td><\/tr><\/tbody><\/table><\/figure>\n\n\n\n<h3 class=\"wp-block-heading has-vivid-cyan-blue-color has-text-color\" id=\"block-3f352ec8-ec4d-4af2-a281-311453f70d8f\">Especificaciones<\/h3>\n\n\n\n<figure class=\"wp-block-table\"><table><tbody><tr><td><strong>Giratorio<\/strong><\/td><td>Si<\/td><\/tr><tr><td><strong>Tipo de soporte lumbar<\/strong><\/td><td>Fijo<\/td><\/tr><tr><td><strong>Peso m\u00e1ximo soportado <\/strong><\/td><td>No<\/td><\/tr><\/tbody><\/table><\/figure>\n\n\n\n<h3 class=\"wp-block-heading has-vivid-cyan-blue-color has-text-color\" id=\"block-cfe4911b-888d-4e56-ad72-1a126ce35e8a\">Dimensiones:<\/h3>\n\n\n\n<p id=\"block-807b97f7-cc65-411b-ac78-f2555a9f3fe2\">Tama\u00f1o<\/p>\n","protected":false},"excerpt":{"rendered":"<p>Modelo AD945<br \/>C\u00f3digo 10958<\/p>\n","protected":false},"featured_media":1886,"comment_status":"open","ping_status":"closed","template":"","meta":{"om_disable_all_campaigns":false,"_uag_custom_page_level_css":"","_monsterinsights_skip_tracking":false,"_monsterinsights_sitenote_active":false,"_monsterinsights_sitenote_note":"","_monsterinsights_sitenote_category":0},"product_cat":[30],"product_tag":[125],"class_list":{"0":"post-1885","1":"product","2":"type-product","3":"status-publish","4":"has-post-thumbnail","6":"product_cat-muebleria","7":"product_tag-oficina","9":"first","10":"instock","11":"shipping-taxable","12":"purchasable","13":"product-type-simple"},"aioseo_notices":[],"jetpack_sharing_enabled":true,"uagb_featured_image_src":{"full":["https:\/\/quasarhomecenter.com\/wp-content\/uploads\/2023\/10\/image-removebg-preview-61.png",139,250,false],"thumbnail":["https:\/\/quasarhomecenter.com\/wp-content\/uploads\/2023\/10\/image-removebg-preview-61-139x150.png",139,150,true],"medium":["https:\/\/quasarhomecenter.com\/wp-content\/uploads\/2023\/10\/image-removebg-preview-61.png",139,250,false],"medium_large":["https:\/\/quasarhomecenter.com\/wp-content\/uploads\/2023\/10\/image-removebg-preview-61.png",139,250,false],"large":["https:\/\/quasarhomecenter.com\/wp-content\/uploads\/2023\/10\/image-removebg-preview-61.png",139,250,false],"1536x1536":["https:\/\/quasarhomecenter.com\/wp-content\/uploads\/2023\/10\/image-removebg-preview-61.png",139,250,false],"2048x2048":["https:\/\/quasarhomecenter.com\/wp-content\/uploads\/2023\/10\/image-removebg-preview-61.png",139,250,false],"mailpoet_newsletter_max":["https:\/\/quasarhomecenter.com\/wp-content\/uploads\/2023\/10\/image-removebg-preview-61.png",139,250,false],"woocommerce_thumbnail":["https:\/\/quasarhomecenter.com\/wp-content\/uploads\/2023\/10\/image-removebg-preview-61.png",139,250,false],"woocommerce_single":["https:\/\/quasarhomecenter.com\/wp-content\/uploads\/2023\/10\/image-removebg-preview-61.png",139,250,false],"woocommerce_gallery_thumbnail":["https:\/\/quasarhomecenter.com\/wp-content\/uploads\/2023\/10\/image-removebg-preview-61-100x100.png",100,100,true]},"uagb_author_info":{"display_name":"quasarhomecenter.com","author_link":"https:\/\/quasarhomecenter.com\/index.php\/author\/"},"uagb_comment_info":0,"uagb_excerpt":"Modelo AD945C\u00f3digo 10958","_links":{"self":[{"href":"https:\/\/quasarhomecenter.com\/index.php\/wp-json\/wp\/v2\/product\/1885","targetHints":{"allow":["GET"]}}],"collection":[{"href":"https:\/\/quasarhomecenter.com\/index.php\/wp-json\/wp\/v2\/product"}],"about":[{"href":"https:\/\/quasarhomecenter.com\/index.php\/wp-json\/wp\/v2\/types\/product"}],"replies":[{"embeddable":true,"href":"https:\/\/quasarhomecenter.com\/index.php\/wp-json\/wp\/v2\/comments?post=1885"}],"wp:featuredmedia":[{"embeddable":true,"href":"https:\/\/quasarhomecenter.com\/index.php\/wp-json\/wp\/v2\/media\/1886"}],"wp:attachment":[{"href":"https:\/\/quasarhomecenter.com\/index.php\/wp-json\/wp\/v2\/media?parent=1885"}],"wp:term":[{"taxonomy":"product_cat","embeddable":true,"href":"https:\/\/quasarhomecenter.com\/index.php\/wp-json\/wp\/v2\/product_cat?post=1885"},{"taxonomy":"product_tag","embeddable":true,"href":"https:\/\/quasarhomecenter.com\/index.php\/wp-json\/wp\/v2\/product_tag?post=1885"}],"curies":[{"name":"wp","href":"https:\/\/api.w.org\/{rel}","templated":true}]}}