{"id":1928,"date":"2023-10-24T15:39:03","date_gmt":"2023-10-24T18:39:03","guid":{"rendered":"https:\/\/quasarhomecenter.com\/?post_type=product&#038;p=1928"},"modified":"2023-12-07T16:45:59","modified_gmt":"2023-12-07T19:45:59","slug":"silla-oficina-2","status":"publish","type":"product","link":"https:\/\/quasarhomecenter.com\/index.php\/product\/silla-oficina-2\/","title":{"rendered":"Silla oficina"},"content":{"rendered":"\n<h2 class=\"wp-block-heading has-vivid-cyan-blue-color has-text-color\" id=\"block-f7052748-c960-45f8-816a-84efb64d6fd4\">Caracter\u00edsticas destacadas<\/h2>\n\n\n\n<p id=\"block-a48b1c54-56a4-4513-bf95-9dfb61c19767\">La silla , con el c\u00f3digo 10381, es una elecci\u00f3n elegante y funcional para proporcionar comodidad en diversos entornos. Dise\u00f1ada con atenci\u00f3n al detalle, esta silla ofrece un asiento ergon\u00f3mico que brinda soporte y confort durante per\u00edodos prolongados. Su dise\u00f1o contempor\u00e1neo se combina con la durabilidad, asegurando una experiencia de uso agradable. El c\u00f3digo identificador 10958 resalta su singularidad. La silla modelo AD945 es una opci\u00f3n vers\u00e1til y estilizada para complementar tu espacio con estilo y confort.<\/p>\n\n\n\n<p id=\"block-7fd96f60-567c-47d5-9e37-8e8f1db64475\">C\u00f3digo 10381<\/p>\n\n\n\n<h3 class=\"wp-block-heading has-vivid-cyan-blue-color has-text-color\" id=\"block-b0ea08f0-b5e4-489e-88ed-ffdd48ab6bdc\">Caracter\u00edsticas generales<\/h3>\n\n\n\n<figure class=\"wp-block-table\"><table><tbody><tr><td><strong>Marca<\/strong><\/td><td>Silla<\/td><\/tr><tr><td><strong>Modelo<\/strong><\/td><td><\/td><\/tr><tr><td><strong>Color<\/strong><\/td><td>Negro<\/td><\/tr><\/tbody><\/table><\/figure>\n\n\n\n<h3 class=\"wp-block-heading has-vivid-cyan-blue-color has-text-color\" id=\"block-a5ec4000-4643-428d-bbb1-a7c02eab12d6\">Especificaciones<\/h3>\n\n\n\n<figure class=\"wp-block-table\"><table><tbody><tr><td><strong>Giratorio<\/strong><\/td><td>Si<\/td><\/tr><tr><td><strong>Tipo de soporte lumbar<\/strong><\/td><td>Fijo<\/td><\/tr><tr><td><strong>Peso m\u00e1ximo soportado<\/strong><\/td><td><\/td><\/tr><\/tbody><\/table><\/figure>\n\n\n\n<h3 class=\"wp-block-heading has-vivid-cyan-blue-color has-text-color\" id=\"block-6546d6bc-b185-4188-8b9c-0d662f002a35\">Dimensiones:<\/h3>\n\n\n\n<p id=\"block-ebb40195-f929-407c-8a2a-a98d37fbca13\">Tama\u00f1o<\/p>\n","protected":false},"excerpt":{"rendered":"<p>C\u00f3digo 10381<\/p>\n","protected":false},"featured_media":1929,"comment_status":"open","ping_status":"closed","template":"","meta":{"om_disable_all_campaigns":false,"_uag_custom_page_level_css":"","_monsterinsights_skip_tracking":false,"_monsterinsights_sitenote_active":false,"_monsterinsights_sitenote_note":"","_monsterinsights_sitenote_category":0},"product_cat":[30],"product_tag":[125],"class_list":{"0":"post-1928","1":"product","2":"type-product","3":"status-publish","4":"has-post-thumbnail","6":"product_cat-muebleria","7":"product_tag-oficina","9":"first","10":"instock","11":"shipping-taxable","12":"purchasable","13":"product-type-simple"},"aioseo_notices":[],"jetpack_sharing_enabled":true,"uagb_featured_image_src":{"full":["https:\/\/quasarhomecenter.com\/wp-content\/uploads\/2023\/10\/image-removebg-preview.png",137,223,false],"thumbnail":["https:\/\/quasarhomecenter.com\/wp-content\/uploads\/2023\/10\/image-removebg-preview-137x150.png",137,150,true],"medium":["https:\/\/quasarhomecenter.com\/wp-content\/uploads\/2023\/10\/image-removebg-preview.png",137,223,false],"medium_large":["https:\/\/quasarhomecenter.com\/wp-content\/uploads\/2023\/10\/image-removebg-preview.png",137,223,false],"large":["https:\/\/quasarhomecenter.com\/wp-content\/uploads\/2023\/10\/image-removebg-preview.png",137,223,false],"1536x1536":["https:\/\/quasarhomecenter.com\/wp-content\/uploads\/2023\/10\/image-removebg-preview.png",137,223,false],"2048x2048":["https:\/\/quasarhomecenter.com\/wp-content\/uploads\/2023\/10\/image-removebg-preview.png",137,223,false],"mailpoet_newsletter_max":["https:\/\/quasarhomecenter.com\/wp-content\/uploads\/2023\/10\/image-removebg-preview.png",137,223,false],"woocommerce_thumbnail":["https:\/\/quasarhomecenter.com\/wp-content\/uploads\/2023\/10\/image-removebg-preview.png",137,223,false],"woocommerce_single":["https:\/\/quasarhomecenter.com\/wp-content\/uploads\/2023\/10\/image-removebg-preview.png",137,223,false],"woocommerce_gallery_thumbnail":["https:\/\/quasarhomecenter.com\/wp-content\/uploads\/2023\/10\/image-removebg-preview-100x100.png",100,100,true]},"uagb_author_info":{"display_name":"quasarhomecenter.com","author_link":"https:\/\/quasarhomecenter.com\/index.php\/author\/"},"uagb_comment_info":0,"uagb_excerpt":"C\u00f3digo 10381","_links":{"self":[{"href":"https:\/\/quasarhomecenter.com\/index.php\/wp-json\/wp\/v2\/product\/1928","targetHints":{"allow":["GET"]}}],"collection":[{"href":"https:\/\/quasarhomecenter.com\/index.php\/wp-json\/wp\/v2\/product"}],"about":[{"href":"https:\/\/quasarhomecenter.com\/index.php\/wp-json\/wp\/v2\/types\/product"}],"replies":[{"embeddable":true,"href":"https:\/\/quasarhomecenter.com\/index.php\/wp-json\/wp\/v2\/comments?post=1928"}],"wp:featuredmedia":[{"embeddable":true,"href":"https:\/\/quasarhomecenter.com\/index.php\/wp-json\/wp\/v2\/media\/1929"}],"wp:attachment":[{"href":"https:\/\/quasarhomecenter.com\/index.php\/wp-json\/wp\/v2\/media?parent=1928"}],"wp:term":[{"taxonomy":"product_cat","embeddable":true,"href":"https:\/\/quasarhomecenter.com\/index.php\/wp-json\/wp\/v2\/product_cat?post=1928"},{"taxonomy":"product_tag","embeddable":true,"href":"https:\/\/quasarhomecenter.com\/index.php\/wp-json\/wp\/v2\/product_tag?post=1928"}],"curies":[{"name":"wp","href":"https:\/\/api.w.org\/{rel}","templated":true}]}}