{"id":1980,"date":"2023-10-24T17:17:43","date_gmt":"2023-10-24T20:17:43","guid":{"rendered":"https:\/\/quasarhomecenter.com\/?post_type=product&#038;p=1980"},"modified":"2024-05-14T09:25:42","modified_gmt":"2024-05-14T12:25:42","slug":"freezerbd100","status":"publish","type":"product","link":"https:\/\/quasarhomecenter.com\/index.php\/product\/freezerbd100\/","title":{"rendered":"FreezerBD100"},"content":{"rendered":"\n<p>C\u00f3d: 18990<br>Cerradura y manija<br>Doble acci\u00f3n<br>Freezer &amp; refrigerador<\/p>\n\n\n\n<p><strong>Eficiencia : C<br><\/strong><\/p>\n\n\n\n<h2 class=\"wp-block-heading has-vivid-cyan-blue-color has-text-color\" id=\"block-3d81d748-add9-49ee-8525-22c4a231d363\">Caracter\u00edsticas destacadas<\/h2>\n\n\n\n<h3 class=\"wp-block-heading\"><strong>Clase clim\u00e1tica Tropical<\/strong><\/h3>\n\n\n\n<p id=\"block-34767d31-743b-41ff-9cbf-056c8cd17922\">El interior de este freezer es de f\u00e1cil limpieza, lo que te ahorrar\u00e1 tiempo y esfuerzo al momento de mantenerlo impecable. Adem\u00e1s, est\u00e1 dise\u00f1ado con una clase clim\u00e1tica Tropical, lo que significa que funcionar\u00e1 de manera eficiente incluso en condiciones de alta temperatura y humedad.<\/p>\n\n\n\n<h3 class=\"wp-block-heading\"><strong>Ca\u00f1o de drenaje<\/strong><\/h3>\n\n\n\n<p>No te preocupes por el exceso de hielo, ya que este freezer cuenta con un ca\u00f1o de drenaje que facilita la tarea de descongelar y eliminar el agua acumulada. Adem\u00e1s, cuenta con una alarma de alta temperatura, que te avisar\u00e1 si la temperatura interior supera los l\u00edmites recomendados.<\/p>\n\n\n\n<h3 class=\"wp-block-heading\"><strong>Especificaciones<\/strong><\/h3>\n\n\n\n<ul class=\"wp-block-list\">\n<li>Funci\u00f3n Dual&nbsp;<\/li>\n\n\n\n<li>Capacidad: 100L<\/li>\n\n\n\n<li>Termostato regulable<\/li>\n\n\n\n<li>Interior de f\u00e1cil limpieza<\/li>\n\n\n\n<li>Clase clim\u00e1tica Tropical<\/li>\n\n\n\n<li>Ca\u00f1o de drenaje<\/li>\n\n\n\n<li>1 a\u00f1os de garant\u00eda <\/li>\n<\/ul>\n\n\n\n<h3 class=\"wp-block-heading has-vivid-cyan-blue-color has-text-color\" id=\"block-72e291d7-22ee-490b-bd21-dbe2b15355d1\">Dimensiones y peso<\/h3>\n\n\n\n<p>Largo:&nbsp;63 cm<\/p>\n\n\n\n<p>Ancho:&nbsp;53 cm<\/p>\n\n\n\n<p>Altura:&nbsp;82 cm<\/p>\n","protected":false},"excerpt":{"rendered":"<p>C\u00f3d: 18990\/240<br \/>Cerradura y manija<br \/>Doble acci\u00f3n<br \/>Freezer &amp; refrigerador<\/p>\n","protected":false},"featured_media":4500,"comment_status":"open","ping_status":"closed","template":"","meta":{"om_disable_all_campaigns":false,"_uag_custom_page_level_css":"","_monsterinsights_skip_tracking":false,"_monsterinsights_sitenote_active":false,"_monsterinsights_sitenote_note":"","_monsterinsights_sitenote_category":0},"product_cat":[29],"product_tag":[50],"class_list":{"0":"post-1980","1":"product","2":"type-product","3":"status-publish","4":"has-post-thumbnail","6":"product_cat-electrodomesticos","7":"product_tag-freezers","9":"first","10":"outofstock","11":"shipping-taxable","12":"purchasable","13":"product-type-simple"},"aioseo_notices":[],"jetpack_sharing_enabled":true,"uagb_featured_image_src":{"full":["https:\/\/quasarhomecenter.com\/wp-content\/uploads\/2023\/11\/Proyecto-nuevo-28.png",2295,2295,false],"thumbnail":["https:\/\/quasarhomecenter.com\/wp-content\/uploads\/2023\/11\/Proyecto-nuevo-28-150x150.png",150,150,true],"medium":["https:\/\/quasarhomecenter.com\/wp-content\/uploads\/2023\/11\/Proyecto-nuevo-28-300x300.png",300,300,true],"medium_large":["https:\/\/quasarhomecenter.com\/wp-content\/uploads\/2023\/11\/Proyecto-nuevo-28-768x768.png",768,768,true],"large":["https:\/\/quasarhomecenter.com\/wp-content\/uploads\/2023\/11\/Proyecto-nuevo-28-1024x1024.png",1024,1024,true],"1536x1536":["https:\/\/quasarhomecenter.com\/wp-content\/uploads\/2023\/11\/Proyecto-nuevo-28-1536x1536.png",1536,1536,true],"2048x2048":["https:\/\/quasarhomecenter.com\/wp-content\/uploads\/2023\/11\/Proyecto-nuevo-28-2048x2048.png",2048,2048,true],"mailpoet_newsletter_max":["https:\/\/quasarhomecenter.com\/wp-content\/uploads\/2023\/11\/Proyecto-nuevo-28-1320x1320.png",1320,1320,true],"woocommerce_thumbnail":["https:\/\/quasarhomecenter.com\/wp-content\/uploads\/2023\/11\/Proyecto-nuevo-28-300x300.png",300,300,true],"woocommerce_single":["https:\/\/quasarhomecenter.com\/wp-content\/uploads\/2023\/11\/Proyecto-nuevo-28-600x600.png",600,600,true],"woocommerce_gallery_thumbnail":["https:\/\/quasarhomecenter.com\/wp-content\/uploads\/2023\/11\/Proyecto-nuevo-28-100x100.png",100,100,true]},"uagb_author_info":{"display_name":"quasarhomecenter.com","author_link":"https:\/\/quasarhomecenter.com\/index.php\/author\/"},"uagb_comment_info":0,"uagb_excerpt":"C\u00f3d: 18990\/240Cerradura y manijaDoble acci\u00f3nFreezer &amp; refrigerador","_links":{"self":[{"href":"https:\/\/quasarhomecenter.com\/index.php\/wp-json\/wp\/v2\/product\/1980","targetHints":{"allow":["GET"]}}],"collection":[{"href":"https:\/\/quasarhomecenter.com\/index.php\/wp-json\/wp\/v2\/product"}],"about":[{"href":"https:\/\/quasarhomecenter.com\/index.php\/wp-json\/wp\/v2\/types\/product"}],"replies":[{"embeddable":true,"href":"https:\/\/quasarhomecenter.com\/index.php\/wp-json\/wp\/v2\/comments?post=1980"}],"wp:featuredmedia":[{"embeddable":true,"href":"https:\/\/quasarhomecenter.com\/index.php\/wp-json\/wp\/v2\/media\/4500"}],"wp:attachment":[{"href":"https:\/\/quasarhomecenter.com\/index.php\/wp-json\/wp\/v2\/media?parent=1980"}],"wp:term":[{"taxonomy":"product_cat","embeddable":true,"href":"https:\/\/quasarhomecenter.com\/index.php\/wp-json\/wp\/v2\/product_cat?post=1980"},{"taxonomy":"product_tag","embeddable":true,"href":"https:\/\/quasarhomecenter.com\/index.php\/wp-json\/wp\/v2\/product_tag?post=1980"}],"curies":[{"name":"wp","href":"https:\/\/api.w.org\/{rel}","templated":true}]}}