{"id":1986,"date":"2023-10-24T17:26:55","date_gmt":"2023-10-24T20:26:55","guid":{"rendered":"https:\/\/quasarhomecenter.com\/?post_type=product&#038;p=1986"},"modified":"2024-05-14T09:24:57","modified_gmt":"2024-05-14T12:24:57","slug":"freezer-bd200","status":"publish","type":"product","link":"https:\/\/quasarhomecenter.com\/index.php\/product\/freezer-bd200\/","title":{"rendered":"Freezer BD200"},"content":{"rendered":"\n<p>C\u00f3digo: 1151\/338<\/p>\n\n\n\n<p id=\"block-fae4c605-8937-453d-b383-20dfc6e32fc1\"><strong>Eficiencia : C<br><\/strong>\ufeff<\/p>\n\n\n\n<h2 class=\"wp-block-heading has-vivid-cyan-blue-color has-text-color\" id=\"block-6f403cfc-bb24-4156-8218-37ea2ab13991\">Caracter\u00edsticas destacadas<\/h2>\n\n\n\n<h3 class=\"wp-block-heading\" id=\"block-e6dff040-ee31-4b77-bdbc-251976e26820\"><strong>Clase clim\u00e1tica Tropical<\/strong><\/h3>\n\n\n\n<p id=\"block-7149e557-de3f-4d27-8deb-2a50f9db57ee\">El interior de este freezer es de f\u00e1cil limpieza, lo que te ahorrar\u00e1 tiempo y esfuerzo al momento de mantenerlo impecable. Adem\u00e1s, est\u00e1 dise\u00f1ado con una clase clim\u00e1tica Tropical, lo que significa que funcionar\u00e1 de manera eficiente incluso en condiciones de alta temperatura y humedad.<\/p>\n\n\n\n<h3 class=\"wp-block-heading\" id=\"block-dc529af4-71a7-48a0-b3db-bb3f99bca2ca\"><strong>Ca\u00f1o de drenaje<\/strong><\/h3>\n\n\n\n<p id=\"block-cba27c35-75e7-47b5-add7-e4d8a45517b0\">No te preocupes por el exceso de hielo, ya que este freezer cuenta con un ca\u00f1o de drenaje que facilita la tarea de descongelar y eliminar el agua acumulada. Adem\u00e1s, cuenta con una alarma de alta temperatura, que te avisar\u00e1 si la temperatura interior supera los l\u00edmites recomendados.<\/p>\n\n\n\n<h3 class=\"wp-block-heading\" id=\"block-1c87ef87-0701-4e77-adb2-0793a0444c5c\"><strong>Especificaciones<\/strong><\/h3>\n\n\n\n<ul class=\"wp-block-list\" id=\"block-9a62f353-13fe-4221-8ca8-93016186acfc\">\n<li>Funci\u00f3n Dual&nbsp;<\/li>\n\n\n\n<li>Capacidad: 200L<\/li>\n\n\n\n<li>Termostato regulable<\/li>\n\n\n\n<li>Interior de f\u00e1cil limpieza<\/li>\n\n\n\n<li>Clase clim\u00e1tica Tropical<\/li>\n\n\n\n<li>Ca\u00f1o de drenaje<\/li>\n\n\n\n<li>1 a\u00f1os de garant\u00eda<\/li>\n<\/ul>\n\n\n\n<h3 class=\"wp-block-heading has-vivid-cyan-blue-color has-text-color\" id=\"block-66904aff-a27b-402e-be08-f3f10055d638\">Dimensiones y peso<\/h3>\n\n\n\n<p id=\"block-928c227f-f417-4ee2-b598-cba157dffa9e\">Largo:&nbsp;100 cm<\/p>\n\n\n\n<p id=\"block-6b1e30ce-a706-4790-939d-54a1ec0340d7\">Ancho:&nbsp;57 cm<\/p>\n\n\n\n<p id=\"block-f8cd1086-f9d1-47a9-b218-6822579cb8b8\">Altura:&nbsp;84 cm<\/p>\n","protected":false},"excerpt":{"rendered":"<p>100x57x84 cm \/ Eficiencia C<br \/>C\u00f3d: 11513<\/p>\n","protected":false},"featured_media":4503,"comment_status":"open","ping_status":"closed","template":"","meta":{"om_disable_all_campaigns":false,"_uag_custom_page_level_css":"","_monsterinsights_skip_tracking":false,"_monsterinsights_sitenote_active":false,"_monsterinsights_sitenote_note":"","_monsterinsights_sitenote_category":0},"product_cat":[29],"product_tag":[50],"class_list":{"0":"post-1986","1":"product","2":"type-product","3":"status-publish","4":"has-post-thumbnail","6":"product_cat-electrodomesticos","7":"product_tag-freezers","8":"product_shipping_class-electrodomesticos","10":"first","11":"outofstock","12":"shipping-taxable","13":"purchasable","14":"product-type-simple"},"aioseo_notices":[],"jetpack_sharing_enabled":true,"uagb_featured_image_src":{"full":["https:\/\/quasarhomecenter.com\/wp-content\/uploads\/2023\/11\/Proyecto-nuevo-31.png",2295,2295,false],"thumbnail":["https:\/\/quasarhomecenter.com\/wp-content\/uploads\/2023\/11\/Proyecto-nuevo-31-150x150.png",150,150,true],"medium":["https:\/\/quasarhomecenter.com\/wp-content\/uploads\/2023\/11\/Proyecto-nuevo-31-300x300.png",300,300,true],"medium_large":["https:\/\/quasarhomecenter.com\/wp-content\/uploads\/2023\/11\/Proyecto-nuevo-31-768x768.png",768,768,true],"large":["https:\/\/quasarhomecenter.com\/wp-content\/uploads\/2023\/11\/Proyecto-nuevo-31-1024x1024.png",1024,1024,true],"1536x1536":["https:\/\/quasarhomecenter.com\/wp-content\/uploads\/2023\/11\/Proyecto-nuevo-31-1536x1536.png",1536,1536,true],"2048x2048":["https:\/\/quasarhomecenter.com\/wp-content\/uploads\/2023\/11\/Proyecto-nuevo-31-2048x2048.png",2048,2048,true],"mailpoet_newsletter_max":["https:\/\/quasarhomecenter.com\/wp-content\/uploads\/2023\/11\/Proyecto-nuevo-31-1320x1320.png",1320,1320,true],"woocommerce_thumbnail":["https:\/\/quasarhomecenter.com\/wp-content\/uploads\/2023\/11\/Proyecto-nuevo-31-300x300.png",300,300,true],"woocommerce_single":["https:\/\/quasarhomecenter.com\/wp-content\/uploads\/2023\/11\/Proyecto-nuevo-31-600x600.png",600,600,true],"woocommerce_gallery_thumbnail":["https:\/\/quasarhomecenter.com\/wp-content\/uploads\/2023\/11\/Proyecto-nuevo-31-100x100.png",100,100,true]},"uagb_author_info":{"display_name":"quasarhomecenter.com","author_link":"https:\/\/quasarhomecenter.com\/index.php\/author\/"},"uagb_comment_info":0,"uagb_excerpt":"100x57x84 cm \/ Eficiencia CC\u00f3d: 11513","_links":{"self":[{"href":"https:\/\/quasarhomecenter.com\/index.php\/wp-json\/wp\/v2\/product\/1986","targetHints":{"allow":["GET"]}}],"collection":[{"href":"https:\/\/quasarhomecenter.com\/index.php\/wp-json\/wp\/v2\/product"}],"about":[{"href":"https:\/\/quasarhomecenter.com\/index.php\/wp-json\/wp\/v2\/types\/product"}],"replies":[{"embeddable":true,"href":"https:\/\/quasarhomecenter.com\/index.php\/wp-json\/wp\/v2\/comments?post=1986"}],"wp:featuredmedia":[{"embeddable":true,"href":"https:\/\/quasarhomecenter.com\/index.php\/wp-json\/wp\/v2\/media\/4503"}],"wp:attachment":[{"href":"https:\/\/quasarhomecenter.com\/index.php\/wp-json\/wp\/v2\/media?parent=1986"}],"wp:term":[{"taxonomy":"product_cat","embeddable":true,"href":"https:\/\/quasarhomecenter.com\/index.php\/wp-json\/wp\/v2\/product_cat?post=1986"},{"taxonomy":"product_tag","embeddable":true,"href":"https:\/\/quasarhomecenter.com\/index.php\/wp-json\/wp\/v2\/product_tag?post=1986"}],"curies":[{"name":"wp","href":"https:\/\/api.w.org\/{rel}","templated":true}]}}