{"id":2081,"date":"2023-10-25T16:17:05","date_gmt":"2023-10-25T19:17:05","guid":{"rendered":"https:\/\/quasarhomecenter.com\/?post_type=product&#038;p=2081"},"modified":"2023-11-16T18:13:46","modified_gmt":"2023-11-16T21:13:46","slug":"cocina-capri","status":"publish","type":"product","link":"https:\/\/quasarhomecenter.com\/index.php\/product\/cocina-capri\/","title":{"rendered":"Cocina CAPRI"},"content":{"rendered":"\n<p>Multigas con horno el\u00e9ctrico<\/p>\n\n\n\n<p>Encendido el\u00e9ctrico <\/p>\n\n\n\n<p>Tapa espejada <\/p>\n\n\n\n<p>Laterales de acero <\/p>\n\n\n\n<p>Quemadores de bronce  <\/p>\n\n\n\n<p>C\u00f3digo: 11154<\/p>\n\n\n\n<h2 class=\"wp-block-heading has-vivid-cyan-blue-color has-text-color\" id=\"block-c2de7029-2af0-4fb9-879c-a17e094f33b3\">Caracter\u00edsticas destacadas<\/h2>\n\n\n\n<p id=\"block-610dbbf8-0847-4689-8470-89f12590ca03\">Combina un dise\u00f1o resistente de acero inoxidable y vidrio con un rendimiento super efectivo gracias a sus 4 hornallas a superg\u00e1s y el horno electrico .<\/p>\n\n\n\n<h3 class=\"wp-block-heading has-vivid-cyan-blue-color has-text-color\" id=\"block-a27fd17f-7b16-4d87-bf76-2a51b23eaa70\">Caracter\u00edsticas generales<br>\ufeff<\/h3>\n\n\n\n<ul class=\"wp-block-list\" id=\"block-fb6d31a0-46c0-42d9-aeba-f898f318f54b\">\n<li>\ufeff<\/li>\n<\/ul>\n\n\n\n<figure class=\"wp-block-table\"><table><tbody><tr><td><strong>Uso recomendado<\/strong><\/td><td>Dom\u00e9stico<\/td><\/tr><tr><td><strong>Tipo de alimentaci\u00f3n<\/strong><\/td><td>Combinada<\/td><\/tr><tr><td><strong>Cantidad de hornallas<\/strong><\/td><td>4<\/td><\/tr><tr><td><strong>Tama\u00f1o de las hornallas<\/strong><\/td><td>2 grandes y 2 chicas<\/td><\/tr><tr><td><strong>Sistema de encendido<\/strong><\/td><td>Manual<\/td><\/tr><tr><td><strong>Material de la superficie<\/strong><\/td><td>Acero inoxidable<\/td><\/tr><tr><td><strong>Material de la tapa<\/strong><\/td><td>Vidrio<\/td><\/tr><tr><td><strong>Tipo de control<\/strong><\/td><td>Perillas manuales<\/td><\/tr><\/tbody><\/table><\/figure>\n\n\n\n<p>\ufeff<\/p>\n\n\n\n<p id=\"block-8c68c4b6-fd4e-4903-8787-b47c240d4971\">\ufeff<\/p>\n\n\n\n<h3 class=\"wp-block-heading has-vivid-cyan-blue-color has-text-color\" id=\"block-bf40a829-1fab-40af-924f-916641ca326e\">Horno<\/h3>\n\n\n\n<figure class=\"wp-block-table\"><table><tbody><tr><td><strong>Incluye<\/strong><\/td><td>Parrilla de horno<\/td><\/tr><tr><td><strong>Alimentaci\u00f3n del horno<\/strong><\/td><td>El\u00e9ctrico<\/td><\/tr><tr><td><strong>Material del horno<\/strong><\/td><td>Vidrio templado<\/td><\/tr><tr><td><strong>Material de la puerta<\/strong><\/td><td>Vidrio doble<\/td><\/tr><\/tbody><\/table><\/figure>\n\n\n\n<p>\ufeff<\/p>\n\n\n\n<h2 class=\"wp-block-heading has-vivid-cyan-blue-color has-text-color\" id=\"block-f7d978eb-712f-4fd0-ae54-d1527bf87e96\">Dimensiones y peso<\/h2>\n\n\n\n<p id=\"block-191e97be-a935-4b5a-b9b4-9f86a7af3f1d\">Largo:&nbsp;90 cm<\/p>\n\n\n\n<p id=\"block-3326b1cd-4bdd-4789-8df0-4d44ca00106b\">Ancho:&nbsp;63 cm<\/p>\n\n\n\n<p id=\"block-28ce995d-f40a-4cb2-b656-a1339389504e\">Altura:&nbsp;50 cm<\/p>\n\n\n\n<p>\ufeff<\/p>\n","protected":false},"excerpt":{"rendered":"<p>Multigas con horno el\u00e9ctrico <br \/>Encendido el\u00e9ctrico <br \/>Tapa espejada Laterales de acero <br \/>Quemadores de bronce <br \/>Medidas: 90x63x50 cm <br \/>C\u00f3d: 11154<\/p>\n","protected":false},"featured_media":4520,"comment_status":"open","ping_status":"closed","template":"","meta":{"om_disable_all_campaigns":false,"_uag_custom_page_level_css":"","_monsterinsights_skip_tracking":false,"_monsterinsights_sitenote_active":false,"_monsterinsights_sitenote_note":"","_monsterinsights_sitenote_category":0},"product_cat":[29],"product_tag":[51],"class_list":{"0":"post-2081","1":"product","2":"type-product","3":"status-publish","4":"has-post-thumbnail","6":"product_cat-electrodomesticos","7":"product_tag-cocinas-barbacoas-hornos-y-anafes","9":"first","10":"instock","11":"shipping-taxable","12":"purchasable","13":"product-type-simple"},"aioseo_notices":[],"jetpack_sharing_enabled":true,"uagb_featured_image_src":{"full":["https:\/\/quasarhomecenter.com\/wp-content\/uploads\/2023\/11\/Proyecto-nuevo-33.png",2295,2295,false],"thumbnail":["https:\/\/quasarhomecenter.com\/wp-content\/uploads\/2023\/11\/Proyecto-nuevo-33-150x150.png",150,150,true],"medium":["https:\/\/quasarhomecenter.com\/wp-content\/uploads\/2023\/11\/Proyecto-nuevo-33-300x300.png",300,300,true],"medium_large":["https:\/\/quasarhomecenter.com\/wp-content\/uploads\/2023\/11\/Proyecto-nuevo-33-768x768.png",768,768,true],"large":["https:\/\/quasarhomecenter.com\/wp-content\/uploads\/2023\/11\/Proyecto-nuevo-33-1024x1024.png",1024,1024,true],"1536x1536":["https:\/\/quasarhomecenter.com\/wp-content\/uploads\/2023\/11\/Proyecto-nuevo-33-1536x1536.png",1536,1536,true],"2048x2048":["https:\/\/quasarhomecenter.com\/wp-content\/uploads\/2023\/11\/Proyecto-nuevo-33-2048x2048.png",2048,2048,true],"mailpoet_newsletter_max":["https:\/\/quasarhomecenter.com\/wp-content\/uploads\/2023\/11\/Proyecto-nuevo-33-1320x1320.png",1320,1320,true],"woocommerce_thumbnail":["https:\/\/quasarhomecenter.com\/wp-content\/uploads\/2023\/11\/Proyecto-nuevo-33-300x300.png",300,300,true],"woocommerce_single":["https:\/\/quasarhomecenter.com\/wp-content\/uploads\/2023\/11\/Proyecto-nuevo-33-600x600.png",600,600,true],"woocommerce_gallery_thumbnail":["https:\/\/quasarhomecenter.com\/wp-content\/uploads\/2023\/11\/Proyecto-nuevo-33-100x100.png",100,100,true]},"uagb_author_info":{"display_name":"quasarhomecenter.com","author_link":"https:\/\/quasarhomecenter.com\/index.php\/author\/"},"uagb_comment_info":0,"uagb_excerpt":"Multigas con horno el\u00e9ctrico Encendido el\u00e9ctrico Tapa espejada Laterales de acero Quemadores de bronce Medidas: 90x63x50 cm C\u00f3d: 11154","_links":{"self":[{"href":"https:\/\/quasarhomecenter.com\/index.php\/wp-json\/wp\/v2\/product\/2081","targetHints":{"allow":["GET"]}}],"collection":[{"href":"https:\/\/quasarhomecenter.com\/index.php\/wp-json\/wp\/v2\/product"}],"about":[{"href":"https:\/\/quasarhomecenter.com\/index.php\/wp-json\/wp\/v2\/types\/product"}],"replies":[{"embeddable":true,"href":"https:\/\/quasarhomecenter.com\/index.php\/wp-json\/wp\/v2\/comments?post=2081"}],"wp:featuredmedia":[{"embeddable":true,"href":"https:\/\/quasarhomecenter.com\/index.php\/wp-json\/wp\/v2\/media\/4520"}],"wp:attachment":[{"href":"https:\/\/quasarhomecenter.com\/index.php\/wp-json\/wp\/v2\/media?parent=2081"}],"wp:term":[{"taxonomy":"product_cat","embeddable":true,"href":"https:\/\/quasarhomecenter.com\/index.php\/wp-json\/wp\/v2\/product_cat?post=2081"},{"taxonomy":"product_tag","embeddable":true,"href":"https:\/\/quasarhomecenter.com\/index.php\/wp-json\/wp\/v2\/product_tag?post=2081"}],"curies":[{"name":"wp","href":"https:\/\/api.w.org\/{rel}","templated":true}]}}