{"id":2093,"date":"2023-10-25T16:36:15","date_gmt":"2023-10-25T19:36:15","guid":{"rendered":"https:\/\/quasarhomecenter.com\/?post_type=product&#038;p=2093"},"modified":"2023-11-17T14:52:30","modified_gmt":"2023-11-17T17:52:30","slug":"extractor-campana-3","status":"publish","type":"product","link":"https:\/\/quasarhomecenter.com\/index.php\/product\/extractor-campana-3\/","title":{"rendered":"Extractor Campana"},"content":{"rendered":"\n<p><\/p>\n\n\n\n<h2 class=\"wp-block-heading has-vivid-cyan-blue-color has-text-color\" id=\"block-82c06d13-43e0-444d-bd70-41e44a957276\">Caracter\u00edsticas destacadas<\/h2>\n\n\n\n<p id=\"block-d4023213-b2b0-44af-b9e6-90f9e6cbe63f\"><strong>&#8211; Iluminaci\u00f3n<\/strong><\/p>\n\n\n\n<p id=\"block-81254911-2c02-4c3d-a1fb-3bb5d060b8fc\">Cuenta con iluminaci\u00f3n incorporada en su estructura, brind\u00e1ndote apoyo mientras cocin\u00e1s.<\/p>\n\n\n\n<h3 class=\"wp-block-heading\" id=\"block-c3dec2ad-7da1-487a-9982-a6b2ec78d5af\"><strong>Velocidad y filtros<\/strong><\/h3>\n\n\n\n<p id=\"block-fdc10483-31b7-40e2-a5c9-eebbba6ea602\">Puede ajustar la velocidad de la succi\u00f3n de acuerdo con el tipo de receta que preparar\u00e1 para asegurarse de que tu cocina est\u00e9 siempre limpia. Los filtros de carb\u00f3n y aluminio promueven una limpieza completa, sin dejar ning\u00fan olor a preparaci\u00f3n de alimentos en el aire.<\/p>\n\n\n\n<p id=\"block-95ef6962-34f2-4072-af77-afbb74a4dd49\"><strong>Especificaciones:<\/strong><\/p>\n\n\n\n<p id=\"block-8ec253ea-b03e-4cdb-8be6-24b9dffcd138\">Vidrio curvo 60cm<br>2 velocidades \/ Luz led<br>Mod: MRC-U1N60<br>C\u00f3d: 11697<br>Salida 170mm Ca\u00f1o de salida Cap. de extracci\u00f3n 720m3t\/h<\/p>\n\n\n\n<h3 class=\"wp-block-heading has-vivid-cyan-blue-color has-text-color\" id=\"block-b2dd5957-0535-44b4-ae6d-4aefc9c33276\">Dimensiones y peso<\/h3>\n\n\n\n<ul class=\"wp-block-list\" id=\"block-abd4bdc6-a964-4756-befb-f0857c39a067\">\n<li><\/li>\n<\/ul>\n\n\n\n<p id=\"block-c199daad-55fa-4fe5-9176-0aa9b9ad2c71\">Largo:&nbsp;55cm<\/p>\n\n\n\n<p id=\"block-3027e29b-6e7d-4f2d-8aef-3c10a4b63900\">Ancho:&nbsp;60cm<\/p>\n\n\n\n<p id=\"block-d4c5b468-d6b9-4723-8cb9-9dc5508ac8f8\">Altura:&nbsp;48cm<\/p>\n","protected":false},"excerpt":{"rendered":"<p>Vidrio curvo 60cm<br \/>2 velocidades \/ Luz led<br \/>Mod: MRC-U1N60<br \/>C\u00f3d: 11697<br \/>Salida 170mm Ca\u00f1o de salida Cap. de extracci\u00f3n 720m3t\/h<\/p>\n","protected":false},"featured_media":4526,"comment_status":"open","ping_status":"closed","template":"","meta":{"om_disable_all_campaigns":false,"_uag_custom_page_level_css":"","_monsterinsights_skip_tracking":false,"_monsterinsights_sitenote_active":false,"_monsterinsights_sitenote_note":"","_monsterinsights_sitenote_category":0},"product_cat":[29],"product_tag":[52],"class_list":{"0":"post-2093","1":"product","2":"type-product","3":"status-publish","4":"has-post-thumbnail","6":"product_cat-electrodomesticos","7":"product_tag-campanas","9":"first","10":"instock","11":"shipping-taxable","12":"purchasable","13":"product-type-simple"},"aioseo_notices":[],"jetpack_sharing_enabled":true,"uagb_featured_image_src":{"full":["https:\/\/quasarhomecenter.com\/wp-content\/uploads\/2023\/11\/Proyecto-nuevo-39.png",2295,2295,false],"thumbnail":["https:\/\/quasarhomecenter.com\/wp-content\/uploads\/2023\/11\/Proyecto-nuevo-39-150x150.png",150,150,true],"medium":["https:\/\/quasarhomecenter.com\/wp-content\/uploads\/2023\/11\/Proyecto-nuevo-39-300x300.png",300,300,true],"medium_large":["https:\/\/quasarhomecenter.com\/wp-content\/uploads\/2023\/11\/Proyecto-nuevo-39-768x768.png",768,768,true],"large":["https:\/\/quasarhomecenter.com\/wp-content\/uploads\/2023\/11\/Proyecto-nuevo-39-1024x1024.png",1024,1024,true],"1536x1536":["https:\/\/quasarhomecenter.com\/wp-content\/uploads\/2023\/11\/Proyecto-nuevo-39-1536x1536.png",1536,1536,true],"2048x2048":["https:\/\/quasarhomecenter.com\/wp-content\/uploads\/2023\/11\/Proyecto-nuevo-39-2048x2048.png",2048,2048,true],"mailpoet_newsletter_max":["https:\/\/quasarhomecenter.com\/wp-content\/uploads\/2023\/11\/Proyecto-nuevo-39-1320x1320.png",1320,1320,true],"woocommerce_thumbnail":["https:\/\/quasarhomecenter.com\/wp-content\/uploads\/2023\/11\/Proyecto-nuevo-39-300x300.png",300,300,true],"woocommerce_single":["https:\/\/quasarhomecenter.com\/wp-content\/uploads\/2023\/11\/Proyecto-nuevo-39-600x600.png",600,600,true],"woocommerce_gallery_thumbnail":["https:\/\/quasarhomecenter.com\/wp-content\/uploads\/2023\/11\/Proyecto-nuevo-39-100x100.png",100,100,true]},"uagb_author_info":{"display_name":"quasarhomecenter.com","author_link":"https:\/\/quasarhomecenter.com\/index.php\/author\/"},"uagb_comment_info":0,"uagb_excerpt":"Vidrio curvo 60cm2 velocidades \/ Luz ledMod: MRC-U1N60C\u00f3d: 11697Salida 170mm Ca\u00f1o de salida Cap. de extracci\u00f3n 720m3t\/h","_links":{"self":[{"href":"https:\/\/quasarhomecenter.com\/index.php\/wp-json\/wp\/v2\/product\/2093","targetHints":{"allow":["GET"]}}],"collection":[{"href":"https:\/\/quasarhomecenter.com\/index.php\/wp-json\/wp\/v2\/product"}],"about":[{"href":"https:\/\/quasarhomecenter.com\/index.php\/wp-json\/wp\/v2\/types\/product"}],"replies":[{"embeddable":true,"href":"https:\/\/quasarhomecenter.com\/index.php\/wp-json\/wp\/v2\/comments?post=2093"}],"wp:featuredmedia":[{"embeddable":true,"href":"https:\/\/quasarhomecenter.com\/index.php\/wp-json\/wp\/v2\/media\/4526"}],"wp:attachment":[{"href":"https:\/\/quasarhomecenter.com\/index.php\/wp-json\/wp\/v2\/media?parent=2093"}],"wp:term":[{"taxonomy":"product_cat","embeddable":true,"href":"https:\/\/quasarhomecenter.com\/index.php\/wp-json\/wp\/v2\/product_cat?post=2093"},{"taxonomy":"product_tag","embeddable":true,"href":"https:\/\/quasarhomecenter.com\/index.php\/wp-json\/wp\/v2\/product_tag?post=2093"}],"curies":[{"name":"wp","href":"https:\/\/api.w.org\/{rel}","templated":true}]}}