{"id":2157,"date":"2023-10-25T18:00:04","date_gmt":"2023-10-25T21:00:04","guid":{"rendered":"https:\/\/quasarhomecenter.com\/?post_type=product&#038;p=2157"},"modified":"2023-11-29T14:13:01","modified_gmt":"2023-11-29T17:13:01","slug":"licuadora-one-2","status":"publish","type":"product","link":"https:\/\/quasarhomecenter.com\/index.php\/product\/licuadora-one-2\/","title":{"rendered":"Licuadora ONE"},"content":{"rendered":"\n<h2 class=\"wp-block-heading has-vivid-cyan-blue-color has-text-color\" id=\"block-c184aabd-aaf9-480e-b245-a85269666926\"><br>Caracter\u00edsticas destacadas<\/h2>\n\n\n\n<p id=\"block-e967af84-3f75-4108-b7db-aea9cdbf72d7\"><strong>Cuchillas resistentes<\/strong><br>Con la tecnolog\u00eda V-Max, que genera un movimiento llevando los alimentos hacia las cuchillas, es a\u00fan m\u00e1s f\u00e1cil batir todo tipo de alimentos, incluso los m\u00e1s duros, dejando una mezcla m\u00e1s completa, homog\u00e9nea y eficiente.<\/p>\n\n\n\n<p id=\"block-b25b46c0-23eb-4d40-8f83-0946488c3ac3\"><strong>Cuchillas capaces de todo<\/strong><br>Cuenta con las Multi Blade, 6 cuchillas de acero inoxidable ultrarresistentes, 2 de ellas dentadas, capaces de triturar hielo, fruta y todo tipo de alimentos. Para un mayor control de la textura durante la preparaci\u00f3n, hay 8 velocidades disponibles en tu licuadora, adem\u00e1s de la Multi Funci\u00f3n para pulsado, hielo y limpieza.<\/p>\n\n\n\n<p id=\"block-ad3dc2fa-3bd6-4022-b687-76231266c36b\"><strong>F\u00e1cil de limpiar<\/strong><br>Con un dise\u00f1o exclusivo Max Clean, el interior del vaso de la licuadora Multi Turbo LQ1002 fue dise\u00f1ado para facilitar la limpieza, solo agreg\u00e1 agua, detergente neutro y activ\u00e1 la Multi Funci\u00f3n y listo, \u00a1est\u00e1 limpio! Seguridad certificada que cumple con los est\u00e1ndares de seguridad internacionales y tarro SAN libre de bisfenol-A (BPA).<\/p>\n\n\n\n<p id=\"block-54fcdc79-9dd1-4f8f-9892-80dba77dde95\">Mod: TYB917<br>C\u00f3d: 11167<br><\/p>\n\n\n\n<h3 class=\"wp-block-heading has-vivid-cyan-blue-color has-text-color\" id=\"block-7ea7d18e-42ff-4463-a904-2f74e5913ea9\">Caracter\u00edsticas generales<\/h3>\n\n\n\n<figure class=\"wp-block-table\"><table><tbody><tr><td><strong>Uso recomendado<\/strong><\/td><td>Dom\u00e9stico<\/td><\/tr><tr><td><strong>Capacidad de la jarra<\/strong><\/td><td>L<\/td><\/tr><tr><td><strong>Con portacables<\/strong><\/td><td>S\u00ed<\/td><\/tr><tr><td><strong>Base antideslizante<\/strong><\/td><td>S\u00ed<\/td><\/tr><tr><td><strong>Cuchillas<\/strong><\/td><td>Multi blade<\/td><\/tr><tr><td><strong>Cuchillas dentadas<\/strong><\/td><td>S\u00ed<\/td><\/tr><tr><td><strong>Tecnolog\u00edas<\/strong><\/td><td>V-Max<\/td><\/tr><tr><td><strong>Funciones<\/strong><\/td><td>Multi Funci\u00f3n<\/td><\/tr><tr><td><strong>F\u00e1cil limpieza<\/strong><\/td><td>S\u00ed<\/td><\/tr><\/tbody><\/table><\/figure>\n\n\n\n<p>\ufeff<\/p>\n\n\n\n<h3 class=\"wp-block-heading has-vivid-cyan-blue-color has-text-color\" id=\"block-9260e017-e9fc-4cc6-baa1-ddd11ba26acc\">Especificaciones<\/h3>\n\n\n\n<figure class=\"wp-block-table\"><table><tbody><tr><td><strong>Potencia<br><\/strong>\ufeff<\/td><td>400 W<\/td><\/tr><tr><td><strong>Niveles de velocidad<br><\/strong>\ufeff<\/td><td>10<\/td><\/tr><tr><td><strong>Con funci\u00f3n turbo<\/strong><\/td><td>S\u00ed<br>\ufeff<\/td><\/tr><tr><td><strong>Cantidad de cuchillas<\/strong><\/td><td>\ufeff<\/td><\/tr><tr><td><strong>Material de las cuchillas<\/strong><\/td><td>Acero inoxidable<\/td><\/tr><tr><td><strong>Material de la jarra<\/strong><\/td><td>Pl\u00e1stico<\/td><\/tr><tr><td><strong>Apta para picar hielo<\/strong><\/td><td>S\u00ed<\/td><\/tr><tr><td><strong>Vaso medidor<\/strong><\/td><td>\ufeff<\/td><\/tr><tr><td><strong>Autolimpieza<\/strong><\/td><td>S\u00ed<\/td><\/tr><tr><td><strong>Tipo de alimentaci\u00f3n<\/strong><\/td><td>El\u00e9ctrica<\/td><\/tr><tr><td><strong>Alimentaci\u00f3n<\/strong><\/td><td>220V<\/td><\/tr><\/tbody><\/table><\/figure>\n\n\n\n<p>\ufeff<\/p>\n\n\n\n<h2 class=\"wp-block-heading has-vivid-cyan-blue-color has-text-color\" id=\"block-10aa86fa-acbc-4116-93a8-15d0d60b25dc\">Dimensiones y peso<\/h2>\n\n\n\n<p id=\"block-0ba2f3da-88e5-4770-a4b8-118fde7aa995\">Largo:&nbsp;28 cm<\/p>\n\n\n\n<p id=\"block-7bbb0805-9407-4d94-bebd-2c6eb731798c\">Ancho:&nbsp;36 cm<\/p>\n\n\n\n<p id=\"block-19d77b17-b20d-45a4-8027-633648050108\">Altura:&nbsp;6.5 cm<\/p>\n","protected":false},"excerpt":{"rendered":"<p>Potencia 400W<br \/>10 Velocidades<br \/>Mod. TYB917<br \/>C\u00f3digo 11167<\/p>\n","protected":false},"featured_media":4567,"comment_status":"open","ping_status":"closed","template":"","meta":{"om_disable_all_campaigns":false,"_uag_custom_page_level_css":"","_monsterinsights_skip_tracking":false,"_monsterinsights_sitenote_active":false,"_monsterinsights_sitenote_note":"","_monsterinsights_sitenote_category":0},"product_cat":[29],"product_tag":[134],"class_list":{"0":"post-2157","1":"product","2":"type-product","3":"status-publish","4":"has-post-thumbnail","6":"product_cat-electrodomesticos","7":"product_tag-pequenos-electrodomesticos","9":"first","10":"instock","11":"shipping-taxable","12":"purchasable","13":"product-type-simple"},"aioseo_notices":[],"jetpack_sharing_enabled":true,"uagb_featured_image_src":{"full":["https:\/\/quasarhomecenter.com\/wp-content\/uploads\/2023\/11\/11167-Banco-de-datos.png-1.png",2955,2955,false],"thumbnail":["https:\/\/quasarhomecenter.com\/wp-content\/uploads\/2023\/11\/11167-Banco-de-datos.png-1-150x150.png",150,150,true],"medium":["https:\/\/quasarhomecenter.com\/wp-content\/uploads\/2023\/11\/11167-Banco-de-datos.png-1-300x300.png",300,300,true],"medium_large":["https:\/\/quasarhomecenter.com\/wp-content\/uploads\/2023\/11\/11167-Banco-de-datos.png-1-768x768.png",768,768,true],"large":["https:\/\/quasarhomecenter.com\/wp-content\/uploads\/2023\/11\/11167-Banco-de-datos.png-1-1024x1024.png",1024,1024,true],"1536x1536":["https:\/\/quasarhomecenter.com\/wp-content\/uploads\/2023\/11\/11167-Banco-de-datos.png-1-1536x1536.png",1536,1536,true],"2048x2048":["https:\/\/quasarhomecenter.com\/wp-content\/uploads\/2023\/11\/11167-Banco-de-datos.png-1-2048x2048.png",2048,2048,true],"mailpoet_newsletter_max":["https:\/\/quasarhomecenter.com\/wp-content\/uploads\/2023\/11\/11167-Banco-de-datos.png-1-1320x1320.png",1320,1320,true],"woocommerce_thumbnail":["https:\/\/quasarhomecenter.com\/wp-content\/uploads\/2023\/11\/11167-Banco-de-datos.png-1-300x300.png",300,300,true],"woocommerce_single":["https:\/\/quasarhomecenter.com\/wp-content\/uploads\/2023\/11\/11167-Banco-de-datos.png-1-600x600.png",600,600,true],"woocommerce_gallery_thumbnail":["https:\/\/quasarhomecenter.com\/wp-content\/uploads\/2023\/11\/11167-Banco-de-datos.png-1-100x100.png",100,100,true]},"uagb_author_info":{"display_name":"quasarhomecenter.com","author_link":"https:\/\/quasarhomecenter.com\/index.php\/author\/"},"uagb_comment_info":0,"uagb_excerpt":"Potencia 400W10 VelocidadesMod. TYB917C\u00f3digo 11167","_links":{"self":[{"href":"https:\/\/quasarhomecenter.com\/index.php\/wp-json\/wp\/v2\/product\/2157","targetHints":{"allow":["GET"]}}],"collection":[{"href":"https:\/\/quasarhomecenter.com\/index.php\/wp-json\/wp\/v2\/product"}],"about":[{"href":"https:\/\/quasarhomecenter.com\/index.php\/wp-json\/wp\/v2\/types\/product"}],"replies":[{"embeddable":true,"href":"https:\/\/quasarhomecenter.com\/index.php\/wp-json\/wp\/v2\/comments?post=2157"}],"wp:featuredmedia":[{"embeddable":true,"href":"https:\/\/quasarhomecenter.com\/index.php\/wp-json\/wp\/v2\/media\/4567"}],"wp:attachment":[{"href":"https:\/\/quasarhomecenter.com\/index.php\/wp-json\/wp\/v2\/media?parent=2157"}],"wp:term":[{"taxonomy":"product_cat","embeddable":true,"href":"https:\/\/quasarhomecenter.com\/index.php\/wp-json\/wp\/v2\/product_cat?post=2157"},{"taxonomy":"product_tag","embeddable":true,"href":"https:\/\/quasarhomecenter.com\/index.php\/wp-json\/wp\/v2\/product_tag?post=2157"}],"curies":[{"name":"wp","href":"https:\/\/api.w.org\/{rel}","templated":true}]}}