{"id":2159,"date":"2023-10-25T18:01:10","date_gmt":"2023-10-25T21:01:10","guid":{"rendered":"https:\/\/quasarhomecenter.com\/?post_type=product&#038;p=2159"},"modified":"2023-11-29T14:16:06","modified_gmt":"2023-11-29T17:16:06","slug":"hervidor-de-huevos","status":"publish","type":"product","link":"https:\/\/quasarhomecenter.com\/index.php\/product\/hervidor-de-huevos\/","title":{"rendered":"Hervidor de Huevos"},"content":{"rendered":"\n<h2 class=\"wp-block-heading has-vivid-cyan-blue-color has-text-color\" id=\"block-c184aabd-aaf9-480e-b245-a85269666926\"><br>Caracter\u00edsticas destacadas<\/h2>\n\n\n\n<p id=\"block-e967af84-3f75-4108-b7db-aea9cdbf72d7\">Cocci\u00f3n con un solo toque: simplemente llene la taza medidora hasta el nivel de agua deseado, eligiendo entre hervida, mediana o dura, enci\u00e9ndala y, en cuesti\u00f3n de minutos, la alarma le indicar\u00e1 que el desayuno est\u00e1 servido.<br>Capacidad para 7 huevos: la bandeja para huevos te permite cocinar hasta 7 huevos a la vez, lo que ofrece resultados saludables y consistentes como m\u00e1s te guste.<br>Recetas con huevos celosos: esta olla para huevos puede preparar una variedad de huevos, como huevos blandos, medianos o duros, claras de huevo, huevos escalfados, huevos revueltos, tortillas, varias ensaladas, huevos rellenos, s\u00e1ndwiches de huevo, \u00a1e incluso se puede utilizar para cocinar verduras y alb\u00f3ndigas al vapor! El plato perfecto para cualquier desayuno, cena o evento especial<br>Asas fr\u00edas al tacto: mant\u00e9n tus manos seguras con las asas fr\u00edas, que te permiten abrir y cerrar la tapa sin quemarte<br>Incluye: taza medidora con punta perforadora para huevos, bandeja para 7 huevos, escalfador de huevos o huevos revueltos, separador de claras de huevo est\u00e1n todos incluidos<br>F\u00e1cil de limpiar: la bandeja para huevos y la placa de cocci\u00f3n a vapor de acero inoxidable son desmontables, as\u00ed como los accesorios, que limpian un Breeze<br>Dise\u00f1o compacto: su dise\u00f1o elegante y peque\u00f1o hace que sea imprescindible para cocinas peque\u00f1as, dormitorios, apartamentos y autocaravanas!<br>Tama\u00f1o del huevo: se utiliza mejor con huevos grandes o m\u00e1s peque\u00f1os<\/p>\n\n\n\n<p id=\"block-54fcdc79-9dd1-4f8f-9892-80dba77dde95\">Mod: Hervidor de Huevos<br>C\u00f3d: 10721<br><\/p>\n\n\n\n<h2 class=\"wp-block-heading has-vivid-cyan-blue-color has-text-color\" id=\"block-10aa86fa-acbc-4116-93a8-15d0d60b25dc\">Dimensiones y peso<\/h2>\n\n\n\n<p id=\"block-0ba2f3da-88e5-4770-a4b8-118fde7aa995\">Largo:&nbsp;28 cm<\/p>\n\n\n\n<p id=\"block-7bbb0805-9407-4d94-bebd-2c6eb731798c\">Ancho:&nbsp;36 cm<\/p>\n\n\n\n<p id=\"block-19d77b17-b20d-45a4-8027-633648050108\">Altura:&nbsp;6.5 cm<\/p>\n","protected":false},"excerpt":{"rendered":"<p>16x13cm<br \/>C\u00f3digo 10721<\/p>\n","protected":false},"featured_media":4563,"comment_status":"open","ping_status":"closed","template":"","meta":{"om_disable_all_campaigns":false,"_uag_custom_page_level_css":"","_monsterinsights_skip_tracking":false,"_monsterinsights_sitenote_active":false,"_monsterinsights_sitenote_note":"","_monsterinsights_sitenote_category":0},"product_cat":[29],"product_tag":[135],"class_list":{"0":"post-2159","1":"product","2":"type-product","3":"status-publish","4":"has-post-thumbnail","6":"product_cat-electrodomesticos","7":"product_tag-electrodomesticos-varios","9":"first","10":"instock","11":"shipping-taxable","12":"purchasable","13":"product-type-simple"},"aioseo_notices":[],"jetpack_sharing_enabled":true,"uagb_featured_image_src":{"full":["https:\/\/quasarhomecenter.com\/wp-content\/uploads\/2023\/11\/10721-Banco-de-datos.png",2955,2955,false],"thumbnail":["https:\/\/quasarhomecenter.com\/wp-content\/uploads\/2023\/11\/10721-Banco-de-datos-150x150.png",150,150,true],"medium":["https:\/\/quasarhomecenter.com\/wp-content\/uploads\/2023\/11\/10721-Banco-de-datos-300x300.png",300,300,true],"medium_large":["https:\/\/quasarhomecenter.com\/wp-content\/uploads\/2023\/11\/10721-Banco-de-datos-768x768.png",768,768,true],"large":["https:\/\/quasarhomecenter.com\/wp-content\/uploads\/2023\/11\/10721-Banco-de-datos-1024x1024.png",1024,1024,true],"1536x1536":["https:\/\/quasarhomecenter.com\/wp-content\/uploads\/2023\/11\/10721-Banco-de-datos-1536x1536.png",1536,1536,true],"2048x2048":["https:\/\/quasarhomecenter.com\/wp-content\/uploads\/2023\/11\/10721-Banco-de-datos-2048x2048.png",2048,2048,true],"mailpoet_newsletter_max":["https:\/\/quasarhomecenter.com\/wp-content\/uploads\/2023\/11\/10721-Banco-de-datos-1320x1320.png",1320,1320,true],"woocommerce_thumbnail":["https:\/\/quasarhomecenter.com\/wp-content\/uploads\/2023\/11\/10721-Banco-de-datos-300x300.png",300,300,true],"woocommerce_single":["https:\/\/quasarhomecenter.com\/wp-content\/uploads\/2023\/11\/10721-Banco-de-datos-600x600.png",600,600,true],"woocommerce_gallery_thumbnail":["https:\/\/quasarhomecenter.com\/wp-content\/uploads\/2023\/11\/10721-Banco-de-datos-100x100.png",100,100,true]},"uagb_author_info":{"display_name":"quasarhomecenter.com","author_link":"https:\/\/quasarhomecenter.com\/index.php\/author\/"},"uagb_comment_info":0,"uagb_excerpt":"16x13cmC\u00f3digo 10721","_links":{"self":[{"href":"https:\/\/quasarhomecenter.com\/index.php\/wp-json\/wp\/v2\/product\/2159","targetHints":{"allow":["GET"]}}],"collection":[{"href":"https:\/\/quasarhomecenter.com\/index.php\/wp-json\/wp\/v2\/product"}],"about":[{"href":"https:\/\/quasarhomecenter.com\/index.php\/wp-json\/wp\/v2\/types\/product"}],"replies":[{"embeddable":true,"href":"https:\/\/quasarhomecenter.com\/index.php\/wp-json\/wp\/v2\/comments?post=2159"}],"wp:featuredmedia":[{"embeddable":true,"href":"https:\/\/quasarhomecenter.com\/index.php\/wp-json\/wp\/v2\/media\/4563"}],"wp:attachment":[{"href":"https:\/\/quasarhomecenter.com\/index.php\/wp-json\/wp\/v2\/media?parent=2159"}],"wp:term":[{"taxonomy":"product_cat","embeddable":true,"href":"https:\/\/quasarhomecenter.com\/index.php\/wp-json\/wp\/v2\/product_cat?post=2159"},{"taxonomy":"product_tag","embeddable":true,"href":"https:\/\/quasarhomecenter.com\/index.php\/wp-json\/wp\/v2\/product_tag?post=2159"}],"curies":[{"name":"wp","href":"https:\/\/api.w.org\/{rel}","templated":true}]}}