{"id":2186,"date":"2023-10-26T08:33:33","date_gmt":"2023-10-26T11:33:33","guid":{"rendered":"https:\/\/quasarhomecenter.com\/?post_type=product&#038;p=2186"},"modified":"2023-11-29T18:02:56","modified_gmt":"2023-11-29T21:02:56","slug":"exprimidor-de-jugo-hyundai","status":"publish","type":"product","link":"https:\/\/quasarhomecenter.com\/index.php\/product\/exprimidor-de-jugo-hyundai\/","title":{"rendered":"Exprimidor de jugo Hyundai"},"content":{"rendered":"\n<h2 class=\"wp-block-heading has-vivid-cyan-blue-color has-text-color\" id=\"block-c184aabd-aaf9-480e-b245-a85269666926\"><br>Caracter\u00edsticas destacadas<\/h2>\n\n\n\n<p id=\"block-e967af84-3f75-4108-b7db-aea9cdbf72d7\">Los conos de zumo con inversi\u00f3n autom\u00e1tica proporcionan la m\u00e1xima extracci\u00f3n del zumo<br>Control ajustable de la pulpa &#8211; La pulpa se acumula en el colador para que pueda tirarla o usarla en otras recetas<br>Medici\u00f3n f\u00e1cil de leer &#8211; Las marcas en el recipiente del zumo facilitan el exprimido para las recetas Boquilla de<br>vertido sin goteo &#8211; El recipiente funciona como jarra, completa con asa y pico<br>Potencia (vatios): 40 W<\/p>\n\n\n\n<p>Exprimidor de jugo Hyundai<br>Motor de 40 W de Potencia<br>Capacidad de 1 L<br>220v \/50-60 Hz<br>Rotaci\u00f3n en 2 sentidos<br>C\u00f3d: 21006<\/p>\n\n\n\n<p id=\"block-54fcdc79-9dd1-4f8f-9892-80dba77dde95\"><br><\/p>\n\n\n\n<h2 class=\"wp-block-heading has-vivid-cyan-blue-color has-text-color\" id=\"block-10aa86fa-acbc-4116-93a8-15d0d60b25dc\">Dimensiones y peso<\/h2>\n\n\n\n<p id=\"block-0ba2f3da-88e5-4770-a4b8-118fde7aa995\">Largo:&nbsp;28 cm<\/p>\n\n\n\n<p id=\"block-7bbb0805-9407-4d94-bebd-2c6eb731798c\">Ancho:&nbsp;36 cm<\/p>\n\n\n\n<p id=\"block-19d77b17-b20d-45a4-8027-633648050108\">Altura:&nbsp;6.5 cm<\/p>\n","protected":false},"excerpt":{"rendered":"<p>Motor de 40 W de Potencia<br \/>Capacidad de 1 L<br \/>220v \/50-60 Hz<br \/>Rotaci\u00f3n en 2 sentidos<br \/>C\u00f3d: 21006<\/p>\n","protected":false},"featured_media":4612,"comment_status":"open","ping_status":"closed","template":"","meta":{"om_disable_all_campaigns":false,"_uag_custom_page_level_css":"","_monsterinsights_skip_tracking":false,"_monsterinsights_sitenote_active":false,"_monsterinsights_sitenote_note":"","_monsterinsights_sitenote_category":0},"product_cat":[29],"product_tag":[134],"class_list":{"0":"post-2186","1":"product","2":"type-product","3":"status-publish","4":"has-post-thumbnail","6":"product_cat-electrodomesticos","7":"product_tag-pequenos-electrodomesticos","9":"first","10":"instock","11":"shipping-taxable","12":"purchasable","13":"product-type-simple"},"aioseo_notices":[],"jetpack_sharing_enabled":true,"uagb_featured_image_src":{"full":["https:\/\/quasarhomecenter.com\/wp-content\/uploads\/2023\/11\/21006-Banco-de-datos.png-3.png",2955,2955,false],"thumbnail":["https:\/\/quasarhomecenter.com\/wp-content\/uploads\/2023\/11\/21006-Banco-de-datos.png-3-150x150.png",150,150,true],"medium":["https:\/\/quasarhomecenter.com\/wp-content\/uploads\/2023\/11\/21006-Banco-de-datos.png-3-300x300.png",300,300,true],"medium_large":["https:\/\/quasarhomecenter.com\/wp-content\/uploads\/2023\/11\/21006-Banco-de-datos.png-3-768x768.png",768,768,true],"large":["https:\/\/quasarhomecenter.com\/wp-content\/uploads\/2023\/11\/21006-Banco-de-datos.png-3-1024x1024.png",1024,1024,true],"1536x1536":["https:\/\/quasarhomecenter.com\/wp-content\/uploads\/2023\/11\/21006-Banco-de-datos.png-3-1536x1536.png",1536,1536,true],"2048x2048":["https:\/\/quasarhomecenter.com\/wp-content\/uploads\/2023\/11\/21006-Banco-de-datos.png-3-2048x2048.png",2048,2048,true],"mailpoet_newsletter_max":["https:\/\/quasarhomecenter.com\/wp-content\/uploads\/2023\/11\/21006-Banco-de-datos.png-3-1320x1320.png",1320,1320,true],"woocommerce_thumbnail":["https:\/\/quasarhomecenter.com\/wp-content\/uploads\/2023\/11\/21006-Banco-de-datos.png-3-300x300.png",300,300,true],"woocommerce_single":["https:\/\/quasarhomecenter.com\/wp-content\/uploads\/2023\/11\/21006-Banco-de-datos.png-3-600x600.png",600,600,true],"woocommerce_gallery_thumbnail":["https:\/\/quasarhomecenter.com\/wp-content\/uploads\/2023\/11\/21006-Banco-de-datos.png-3-100x100.png",100,100,true]},"uagb_author_info":{"display_name":"quasarhomecenter.com","author_link":"https:\/\/quasarhomecenter.com\/index.php\/author\/"},"uagb_comment_info":0,"uagb_excerpt":"Motor de 40 W de PotenciaCapacidad de 1 L220v \/50-60 HzRotaci\u00f3n en 2 sentidosC\u00f3d: 21006","_links":{"self":[{"href":"https:\/\/quasarhomecenter.com\/index.php\/wp-json\/wp\/v2\/product\/2186","targetHints":{"allow":["GET"]}}],"collection":[{"href":"https:\/\/quasarhomecenter.com\/index.php\/wp-json\/wp\/v2\/product"}],"about":[{"href":"https:\/\/quasarhomecenter.com\/index.php\/wp-json\/wp\/v2\/types\/product"}],"replies":[{"embeddable":true,"href":"https:\/\/quasarhomecenter.com\/index.php\/wp-json\/wp\/v2\/comments?post=2186"}],"wp:featuredmedia":[{"embeddable":true,"href":"https:\/\/quasarhomecenter.com\/index.php\/wp-json\/wp\/v2\/media\/4612"}],"wp:attachment":[{"href":"https:\/\/quasarhomecenter.com\/index.php\/wp-json\/wp\/v2\/media?parent=2186"}],"wp:term":[{"taxonomy":"product_cat","embeddable":true,"href":"https:\/\/quasarhomecenter.com\/index.php\/wp-json\/wp\/v2\/product_cat?post=2186"},{"taxonomy":"product_tag","embeddable":true,"href":"https:\/\/quasarhomecenter.com\/index.php\/wp-json\/wp\/v2\/product_tag?post=2186"}],"curies":[{"name":"wp","href":"https:\/\/api.w.org\/{rel}","templated":true}]}}