{"id":2193,"date":"2023-10-26T08:38:46","date_gmt":"2023-10-26T11:38:46","guid":{"rendered":"https:\/\/quasarhomecenter.com\/?post_type=product&#038;p=2193"},"modified":"2023-11-30T08:57:07","modified_gmt":"2023-11-30T11:57:07","slug":"sandwichera-plancha-2","status":"publish","type":"product","link":"https:\/\/quasarhomecenter.com\/index.php\/product\/sandwichera-plancha-2\/","title":{"rendered":"Sandwichera plancha"},"content":{"rendered":"\n<h2 class=\"wp-block-heading has-vivid-cyan-blue-color has-text-color\" id=\"block-26ae3928-bd28-4f5b-a011-32b476362159\">Caracter\u00edsticas destacadas<\/h2>\n\n\n\n<p>La sandwichera plancha SLT 6004 es un electrodom\u00e9stico vers\u00e1til dise\u00f1ado para simplificar la preparaci\u00f3n de alimentos. Con un tama\u00f1o compacto de 24&#215;29 cm, se adapta f\u00e1cilmente a espacios reducidos en la cocina.<\/p>\n\n\n\n<p>Lo distintivo de este modelo son las dos perillas, lo que permite un mayor control sobre la temperatura y otros ajustes. Esta caracter\u00edstica ofrece a los usuarios la posibilidad de personalizar la cocci\u00f3n seg\u00fan las necesidades espec\u00edficas de cada receta.<\/p>\n\n\n\n<p>Sandwichera plancha<br>Modelo: SLT 6004 dos perillas<br>Tama\u00f1o 24x29cm<br>C\u00f3d: 23024<\/p>\n\n\n\n<p id=\"block-0b98c3c0-a2a1-4c68-b446-54733a062ec8\"><br>\ufeff<\/p>\n\n\n\n<h3 class=\"wp-block-heading has-vivid-cyan-blue-color has-text-color\" id=\"block-c8b46fa3-0e05-4941-bda1-185e1982c8ce\">Caracter\u00edsticas generales<\/h3>\n\n\n\n<figure class=\"wp-block-table\"><table><tbody><tr><td><strong>Marca<\/strong><\/td><td>Super Crest<\/td><\/tr><tr><td><strong>Modelo<\/strong><\/td><td>SLT 6004 dos perillas<\/td><\/tr><tr><td><strong>Color<\/strong><\/td><td>Plateado<\/td><\/tr><tr><td><strong>Voltaje<\/strong><\/td><td>3000w<\/td><\/tr><\/tbody><\/table><\/figure>\n\n\n\n<p>\ufeff<\/p>\n\n\n\n<h3 class=\"wp-block-heading has-vivid-cyan-blue-color has-text-color\" id=\"block-df668a3c-207d-4618-a62a-d8bc134a2819\">Especificaciones<\/h3>\n\n\n\n<figure class=\"wp-block-table\"><table><tbody><tr><td><strong>Potencia<br><\/strong>\ufeff<\/td><td>3000w<\/td><\/tr><tr><td><strong>Capacidad de sandwiches<\/strong><\/td><td>2<\/td><\/tr><tr><td><strong>Tipos de placas<\/strong><\/td><td>Grill<\/td><\/tr><tr><td><strong>Material<\/strong><\/td><td>Acero inoxidable<\/td><\/tr><tr><td><strong>Con superficie antiadherente<\/strong><\/td><td>S\u00ed<\/td><\/tr><tr><td><strong>Peso<\/strong><\/td><td>\ufeff<\/td><\/tr><\/tbody><\/table><\/figure>\n\n\n\n<p>\ufeff<\/p>\n\n\n\n<h2 class=\"wp-block-heading has-vivid-cyan-blue-color has-text-color\" id=\"block-b7fd3d99-698e-4195-9028-6e7faf478e41\">Dimensiones y peso<\/h2>\n\n\n\n<p id=\"block-768a4f93-44ad-41c1-946a-c571492525f0\">Largo:&nbsp;24 cm<\/p>\n\n\n\n<p id=\"block-6e6983e2-6522-4357-b6b0-48f647fc21da\">Ancho: 29 cm<\/p>\n","protected":false},"excerpt":{"rendered":"<p>Modelo: SLT 6004 dos perillas<br \/>C\u00f3d: 23024<\/p>\n","protected":false},"featured_media":4628,"comment_status":"open","ping_status":"closed","template":"","meta":{"om_disable_all_campaigns":false,"_uag_custom_page_level_css":"","_monsterinsights_skip_tracking":false,"_monsterinsights_sitenote_active":false,"_monsterinsights_sitenote_note":"","_monsterinsights_sitenote_category":0},"product_cat":[29],"product_tag":[134],"class_list":{"0":"post-2193","1":"product","2":"type-product","3":"status-publish","4":"has-post-thumbnail","6":"product_cat-electrodomesticos","7":"product_tag-pequenos-electrodomesticos","9":"first","10":"instock","11":"shipping-taxable","12":"purchasable","13":"product-type-simple"},"aioseo_notices":[],"jetpack_sharing_enabled":true,"uagb_featured_image_src":{"full":["https:\/\/quasarhomecenter.com\/wp-content\/uploads\/2023\/11\/23024-Banco-de-datos-2.png",2955,2955,false],"thumbnail":["https:\/\/quasarhomecenter.com\/wp-content\/uploads\/2023\/11\/23024-Banco-de-datos-2-150x150.png",150,150,true],"medium":["https:\/\/quasarhomecenter.com\/wp-content\/uploads\/2023\/11\/23024-Banco-de-datos-2-300x300.png",300,300,true],"medium_large":["https:\/\/quasarhomecenter.com\/wp-content\/uploads\/2023\/11\/23024-Banco-de-datos-2-768x768.png",768,768,true],"large":["https:\/\/quasarhomecenter.com\/wp-content\/uploads\/2023\/11\/23024-Banco-de-datos-2-1024x1024.png",1024,1024,true],"1536x1536":["https:\/\/quasarhomecenter.com\/wp-content\/uploads\/2023\/11\/23024-Banco-de-datos-2-1536x1536.png",1536,1536,true],"2048x2048":["https:\/\/quasarhomecenter.com\/wp-content\/uploads\/2023\/11\/23024-Banco-de-datos-2-2048x2048.png",2048,2048,true],"mailpoet_newsletter_max":["https:\/\/quasarhomecenter.com\/wp-content\/uploads\/2023\/11\/23024-Banco-de-datos-2-1320x1320.png",1320,1320,true],"woocommerce_thumbnail":["https:\/\/quasarhomecenter.com\/wp-content\/uploads\/2023\/11\/23024-Banco-de-datos-2-300x300.png",300,300,true],"woocommerce_single":["https:\/\/quasarhomecenter.com\/wp-content\/uploads\/2023\/11\/23024-Banco-de-datos-2-600x600.png",600,600,true],"woocommerce_gallery_thumbnail":["https:\/\/quasarhomecenter.com\/wp-content\/uploads\/2023\/11\/23024-Banco-de-datos-2-100x100.png",100,100,true]},"uagb_author_info":{"display_name":"quasarhomecenter.com","author_link":"https:\/\/quasarhomecenter.com\/index.php\/author\/"},"uagb_comment_info":0,"uagb_excerpt":"Modelo: SLT 6004 dos perillasC\u00f3d: 23024","_links":{"self":[{"href":"https:\/\/quasarhomecenter.com\/index.php\/wp-json\/wp\/v2\/product\/2193","targetHints":{"allow":["GET"]}}],"collection":[{"href":"https:\/\/quasarhomecenter.com\/index.php\/wp-json\/wp\/v2\/product"}],"about":[{"href":"https:\/\/quasarhomecenter.com\/index.php\/wp-json\/wp\/v2\/types\/product"}],"replies":[{"embeddable":true,"href":"https:\/\/quasarhomecenter.com\/index.php\/wp-json\/wp\/v2\/comments?post=2193"}],"wp:featuredmedia":[{"embeddable":true,"href":"https:\/\/quasarhomecenter.com\/index.php\/wp-json\/wp\/v2\/media\/4628"}],"wp:attachment":[{"href":"https:\/\/quasarhomecenter.com\/index.php\/wp-json\/wp\/v2\/media?parent=2193"}],"wp:term":[{"taxonomy":"product_cat","embeddable":true,"href":"https:\/\/quasarhomecenter.com\/index.php\/wp-json\/wp\/v2\/product_cat?post=2193"},{"taxonomy":"product_tag","embeddable":true,"href":"https:\/\/quasarhomecenter.com\/index.php\/wp-json\/wp\/v2\/product_tag?post=2193"}],"curies":[{"name":"wp","href":"https:\/\/api.w.org\/{rel}","templated":true}]}}