{"id":2196,"date":"2023-10-26T08:40:07","date_gmt":"2023-10-26T11:40:07","guid":{"rendered":"https:\/\/quasarhomecenter.com\/?post_type=product&#038;p=2196"},"modified":"2023-11-30T09:14:21","modified_gmt":"2023-11-30T12:14:21","slug":"barbacoa-electrica","status":"publish","type":"product","link":"https:\/\/quasarhomecenter.com\/index.php\/product\/barbacoa-electrica\/","title":{"rendered":"Barbacoa El\u00e9ctrica"},"content":{"rendered":"\n<h2 class=\"wp-block-heading has-vivid-cyan-blue-color has-text-color\" id=\"block-26ae3928-bd28-4f5b-a011-32b476362159\">Caracter\u00edsticas destacadas<\/h2>\n\n\n\n<p>La barbacoa el\u00e9ctrica con un tama\u00f1o de 39&#215;24 cm es una opci\u00f3n pr\u00e1ctica y conveniente para los amantes de la parrilla. Este electrodom\u00e9stico ofrece la posibilidad de disfrutar de deliciosas parrilladas en espacios reducidos, como balcones o patios peque\u00f1os.<\/p>\n\n\n\n<p>Aunque el modelo espec\u00edfico no se ha proporcionado, generalmente las barbacoas el\u00e9ctricas son conocidas por su facilidad de uso y limpieza. Al no depender de carb\u00f3n o gas, son una opci\u00f3n m\u00e1s limpia y f\u00e1cil de controlar en t\u00e9rminos de temperatura.<\/p>\n\n\n\n<p>Barbacoa Electrica<br>Modelo:<br>Tama\u00f1o 39x24cm  <\/p>\n\n\n\n<p> C\u00f3d: 22135<\/p>\n\n\n\n<p id=\"block-0b98c3c0-a2a1-4c68-b446-54733a062ec8\"><br>\ufeff<\/p>\n\n\n\n<h3 class=\"wp-block-heading has-vivid-cyan-blue-color has-text-color\" id=\"block-c8b46fa3-0e05-4941-bda1-185e1982c8ce\">Caracter\u00edsticas generales<\/h3>\n\n\n\n<figure class=\"wp-block-table\"><table><tbody><tr><td><strong>Marca<\/strong><\/td><td>Super Crest<\/td><\/tr><tr><td><strong>Modelo<\/strong><\/td><td>SLT 6005<\/td><\/tr><tr><td><strong>Color<\/strong><\/td><td>Plateado<\/td><\/tr><tr><td><strong>Voltaje<\/strong><\/td><td>3000w<\/td><\/tr><\/tbody><\/table><\/figure>\n\n\n\n<p>\ufeff<\/p>\n\n\n\n<h3 class=\"wp-block-heading has-vivid-cyan-blue-color has-text-color\" id=\"block-df668a3c-207d-4618-a62a-d8bc134a2819\">Especificaciones<\/h3>\n\n\n\n<figure class=\"wp-block-table\"><table><tbody><tr><td><strong>Potencia<br><\/strong>\ufeff<\/td><td>3000w<\/td><\/tr><tr><td><strong>Capacidad de sandwiches<\/strong><\/td><td>2<\/td><\/tr><tr><td><strong>Tipos de placas<\/strong><\/td><td>Grill<\/td><\/tr><tr><td><strong>Material<\/strong><\/td><td>Acero inoxidable<\/td><\/tr><tr><td><strong>Con superficie antiadherente<\/strong><\/td><td>S\u00ed<\/td><\/tr><tr><td><strong>Peso<\/strong><\/td><td>\ufeff<\/td><\/tr><\/tbody><\/table><\/figure>\n\n\n\n<h2 class=\"wp-block-heading has-vivid-cyan-blue-color has-text-color\" id=\"block-b7fd3d99-698e-4195-9028-6e7faf478e41\">Dimensiones y peso<\/h2>\n\n\n\n<p id=\"block-768a4f93-44ad-41c1-946a-c571492525f0\">Largo:&nbsp;39 cm<\/p>\n\n\n\n<p id=\"block-6e6983e2-6522-4357-b6b0-48f647fc21da\">Ancho: 24 cm<\/p>\n","protected":false},"excerpt":{"rendered":"<p>Modelo: 50 cm<br \/>C\u00f3d: 22135<\/p>\n","protected":false},"featured_media":2197,"comment_status":"open","ping_status":"closed","template":"","meta":{"om_disable_all_campaigns":false,"_uag_custom_page_level_css":"","_monsterinsights_skip_tracking":false,"_monsterinsights_sitenote_active":false,"_monsterinsights_sitenote_note":"","_monsterinsights_sitenote_category":0},"product_cat":[29],"product_tag":[51],"class_list":{"0":"post-2196","1":"product","2":"type-product","3":"status-publish","4":"has-post-thumbnail","6":"product_cat-electrodomesticos","7":"product_tag-cocinas-barbacoas-hornos-y-anafes","9":"first","10":"instock","11":"shipping-taxable","12":"purchasable","13":"product-type-simple"},"aioseo_notices":[],"jetpack_sharing_enabled":true,"uagb_featured_image_src":{"full":["https:\/\/quasarhomecenter.com\/wp-content\/uploads\/2023\/10\/image-removebg-preview-9-2.png",625,399,false],"thumbnail":["https:\/\/quasarhomecenter.com\/wp-content\/uploads\/2023\/10\/image-removebg-preview-9-2-150x150.png",150,150,true],"medium":["https:\/\/quasarhomecenter.com\/wp-content\/uploads\/2023\/10\/image-removebg-preview-9-2-300x192.png",300,192,true],"medium_large":["https:\/\/quasarhomecenter.com\/wp-content\/uploads\/2023\/10\/image-removebg-preview-9-2.png",625,399,false],"large":["https:\/\/quasarhomecenter.com\/wp-content\/uploads\/2023\/10\/image-removebg-preview-9-2.png",625,399,false],"1536x1536":["https:\/\/quasarhomecenter.com\/wp-content\/uploads\/2023\/10\/image-removebg-preview-9-2.png",625,399,false],"2048x2048":["https:\/\/quasarhomecenter.com\/wp-content\/uploads\/2023\/10\/image-removebg-preview-9-2.png",625,399,false],"mailpoet_newsletter_max":["https:\/\/quasarhomecenter.com\/wp-content\/uploads\/2023\/10\/image-removebg-preview-9-2.png",625,399,false],"woocommerce_thumbnail":["https:\/\/quasarhomecenter.com\/wp-content\/uploads\/2023\/10\/image-removebg-preview-9-2-300x300.png",300,300,true],"woocommerce_single":["https:\/\/quasarhomecenter.com\/wp-content\/uploads\/2023\/10\/image-removebg-preview-9-2-600x383.png",600,383,true],"woocommerce_gallery_thumbnail":["https:\/\/quasarhomecenter.com\/wp-content\/uploads\/2023\/10\/image-removebg-preview-9-2-100x100.png",100,100,true]},"uagb_author_info":{"display_name":"quasarhomecenter.com","author_link":"https:\/\/quasarhomecenter.com\/index.php\/author\/"},"uagb_comment_info":0,"uagb_excerpt":"Modelo: 50 cmC\u00f3d: 22135","_links":{"self":[{"href":"https:\/\/quasarhomecenter.com\/index.php\/wp-json\/wp\/v2\/product\/2196","targetHints":{"allow":["GET"]}}],"collection":[{"href":"https:\/\/quasarhomecenter.com\/index.php\/wp-json\/wp\/v2\/product"}],"about":[{"href":"https:\/\/quasarhomecenter.com\/index.php\/wp-json\/wp\/v2\/types\/product"}],"replies":[{"embeddable":true,"href":"https:\/\/quasarhomecenter.com\/index.php\/wp-json\/wp\/v2\/comments?post=2196"}],"wp:featuredmedia":[{"embeddable":true,"href":"https:\/\/quasarhomecenter.com\/index.php\/wp-json\/wp\/v2\/media\/2197"}],"wp:attachment":[{"href":"https:\/\/quasarhomecenter.com\/index.php\/wp-json\/wp\/v2\/media?parent=2196"}],"wp:term":[{"taxonomy":"product_cat","embeddable":true,"href":"https:\/\/quasarhomecenter.com\/index.php\/wp-json\/wp\/v2\/product_cat?post=2196"},{"taxonomy":"product_tag","embeddable":true,"href":"https:\/\/quasarhomecenter.com\/index.php\/wp-json\/wp\/v2\/product_tag?post=2196"}],"curies":[{"name":"wp","href":"https:\/\/api.w.org\/{rel}","templated":true}]}}