{"id":2198,"date":"2023-10-26T08:41:24","date_gmt":"2023-10-26T11:41:24","guid":{"rendered":"https:\/\/quasarhomecenter.com\/?post_type=product&#038;p=2198"},"modified":"2023-11-30T09:25:43","modified_gmt":"2023-11-30T12:25:43","slug":"horno-electrico-sokany","status":"publish","type":"product","link":"https:\/\/quasarhomecenter.com\/index.php\/product\/horno-electrico-sokany\/","title":{"rendered":"Horno el\u00e9ctrico SOKANY"},"content":{"rendered":"\n<h2 class=\"wp-block-heading has-vivid-cyan-blue-color has-text-color\" id=\"block-26ae3928-bd28-4f5b-a011-32b476362159\">Caracter\u00edsticas destacadas<\/h2>\n\n\n\n<p>El horno el\u00e9ctrico SOKANY, modelo SK-ZG-8029, es un electrodom\u00e9stico vers\u00e1til dise\u00f1ado para facilitar la cocci\u00f3n y horneado en el hogar. Con un tama\u00f1o compacto de 31x37x30 cm, este horno se adapta f\u00e1cilmente a espacios limitados en la cocina.<\/p>\n\n\n\n<p>Este modelo espec\u00edfico de SOKANY ofrece una serie de funciones que hacen que la cocci\u00f3n sea eficiente y conveniente. Puede ser utilizado para hornear, asar, tostar y otras preparaciones culinarias, brindando versatilidad para satisfacer diversas necesidades gastron\u00f3micas.<\/p>\n\n\n\n<p>Horno el\u00e9ctrico SOKANY<br>Modelo: SK-ZG-8029<br>C\u00f3d: 23911<\/p>\n\n\n\n<h2 class=\"wp-block-heading has-vivid-cyan-blue-color has-text-color\" id=\"block-b7fd3d99-698e-4195-9028-6e7faf478e41\">Dimensiones y peso<\/h2>\n\n\n\n<p id=\"block-768a4f93-44ad-41c1-946a-c571492525f0\">Largo:&nbsp;31 cm<\/p>\n\n\n\n<p id=\"block-6e6983e2-6522-4357-b6b0-48f647fc21da\">Ancho: 37 cm<\/p>\n\n\n\n<p>Alto: 30 cm<\/p>\n","protected":false},"excerpt":{"rendered":"<p>Modelo: SK-ZG-8029<br \/>C\u00f3d: 23911<\/p>\n","protected":false},"featured_media":4631,"comment_status":"open","ping_status":"closed","template":"","meta":{"om_disable_all_campaigns":false,"_uag_custom_page_level_css":"","_monsterinsights_skip_tracking":false,"_monsterinsights_sitenote_active":false,"_monsterinsights_sitenote_note":"","_monsterinsights_sitenote_category":0},"product_cat":[29],"product_tag":[137,51,138],"class_list":{"0":"post-2198","1":"product","2":"type-product","3":"status-publish","4":"has-post-thumbnail","6":"product_cat-electrodomesticos","7":"product_tag-barbacoas","8":"product_tag-cocinas-barbacoas-hornos-y-anafes","9":"product_tag-hornos-y-anafes","11":"first","12":"instock","13":"shipping-taxable","14":"purchasable","15":"product-type-simple"},"aioseo_notices":[],"jetpack_sharing_enabled":true,"uagb_featured_image_src":{"full":["https:\/\/quasarhomecenter.com\/wp-content\/uploads\/2023\/11\/23911-Banco-de-datos.png",2955,2955,false],"thumbnail":["https:\/\/quasarhomecenter.com\/wp-content\/uploads\/2023\/11\/23911-Banco-de-datos-150x150.png",150,150,true],"medium":["https:\/\/quasarhomecenter.com\/wp-content\/uploads\/2023\/11\/23911-Banco-de-datos-300x300.png",300,300,true],"medium_large":["https:\/\/quasarhomecenter.com\/wp-content\/uploads\/2023\/11\/23911-Banco-de-datos-768x768.png",768,768,true],"large":["https:\/\/quasarhomecenter.com\/wp-content\/uploads\/2023\/11\/23911-Banco-de-datos-1024x1024.png",1024,1024,true],"1536x1536":["https:\/\/quasarhomecenter.com\/wp-content\/uploads\/2023\/11\/23911-Banco-de-datos-1536x1536.png",1536,1536,true],"2048x2048":["https:\/\/quasarhomecenter.com\/wp-content\/uploads\/2023\/11\/23911-Banco-de-datos-2048x2048.png",2048,2048,true],"mailpoet_newsletter_max":["https:\/\/quasarhomecenter.com\/wp-content\/uploads\/2023\/11\/23911-Banco-de-datos-1320x1320.png",1320,1320,true],"woocommerce_thumbnail":["https:\/\/quasarhomecenter.com\/wp-content\/uploads\/2023\/11\/23911-Banco-de-datos-300x300.png",300,300,true],"woocommerce_single":["https:\/\/quasarhomecenter.com\/wp-content\/uploads\/2023\/11\/23911-Banco-de-datos-600x600.png",600,600,true],"woocommerce_gallery_thumbnail":["https:\/\/quasarhomecenter.com\/wp-content\/uploads\/2023\/11\/23911-Banco-de-datos-100x100.png",100,100,true]},"uagb_author_info":{"display_name":"quasarhomecenter.com","author_link":"https:\/\/quasarhomecenter.com\/index.php\/author\/"},"uagb_comment_info":0,"uagb_excerpt":"Modelo: SK-ZG-8029C\u00f3d: 23911","_links":{"self":[{"href":"https:\/\/quasarhomecenter.com\/index.php\/wp-json\/wp\/v2\/product\/2198","targetHints":{"allow":["GET"]}}],"collection":[{"href":"https:\/\/quasarhomecenter.com\/index.php\/wp-json\/wp\/v2\/product"}],"about":[{"href":"https:\/\/quasarhomecenter.com\/index.php\/wp-json\/wp\/v2\/types\/product"}],"replies":[{"embeddable":true,"href":"https:\/\/quasarhomecenter.com\/index.php\/wp-json\/wp\/v2\/comments?post=2198"}],"wp:featuredmedia":[{"embeddable":true,"href":"https:\/\/quasarhomecenter.com\/index.php\/wp-json\/wp\/v2\/media\/4631"}],"wp:attachment":[{"href":"https:\/\/quasarhomecenter.com\/index.php\/wp-json\/wp\/v2\/media?parent=2198"}],"wp:term":[{"taxonomy":"product_cat","embeddable":true,"href":"https:\/\/quasarhomecenter.com\/index.php\/wp-json\/wp\/v2\/product_cat?post=2198"},{"taxonomy":"product_tag","embeddable":true,"href":"https:\/\/quasarhomecenter.com\/index.php\/wp-json\/wp\/v2\/product_tag?post=2198"}],"curies":[{"name":"wp","href":"https:\/\/api.w.org\/{rel}","templated":true}]}}