{"id":2200,"date":"2023-10-26T08:43:36","date_gmt":"2023-10-26T11:43:36","guid":{"rendered":"https:\/\/quasarhomecenter.com\/?post_type=product&#038;p=2200"},"modified":"2023-11-30T09:32:18","modified_gmt":"2023-11-30T12:32:18","slug":"horno-electrico-sokany-2","status":"publish","type":"product","link":"https:\/\/quasarhomecenter.com\/index.php\/product\/horno-electrico-sokany-2\/","title":{"rendered":"Horno el\u00e9ctrico SOKANY"},"content":{"rendered":"\n<h2 class=\"wp-block-heading has-vivid-cyan-blue-color has-text-color\" id=\"block-26ae3928-bd28-4f5b-a011-32b476362159\">Caracter\u00edsticas destacadas<\/h2>\n\n\n\n<p>El horno el\u00e9ctrico SOKANY, modelo SK-437, es un electrodom\u00e9stico que ofrece un rendimiento eficiente y vers\u00e1til en la cocina. Con unas dimensiones de 51x31x31 cm, este horno proporciona un espacio adecuado para diversas necesidades de cocci\u00f3n.<\/p>\n\n\n\n<p>Este modelo espec\u00edfico de SOKANY, conocido como SK-437, est\u00e1 dise\u00f1ado para satisfacer las demandas de horneado, asado y tostado. Su tama\u00f1o m\u00e1s amplio en comparaci\u00f3n con modelos m\u00e1s peque\u00f1os permite la preparaci\u00f3n de porciones m\u00e1s grandes de alimentos, haci\u00e9ndolo ideal para familias o aquellos que disfrutan de la cocina m\u00e1s extensa.<\/p>\n\n\n\n<p>Horno el\u00e9ctrico SOKANY<br>Modelo: SK-437<br>C\u00f3d: 23912<\/p>\n\n\n\n<h2 class=\"wp-block-heading has-vivid-cyan-blue-color has-text-color\" id=\"block-b7fd3d99-698e-4195-9028-6e7faf478e41\">Dimensiones y peso<\/h2>\n\n\n\n<p id=\"block-768a4f93-44ad-41c1-946a-c571492525f0\">Largo:&nbsp;51 cm<\/p>\n\n\n\n<p id=\"block-6e6983e2-6522-4357-b6b0-48f647fc21da\">Ancho: 31 cm<\/p>\n\n\n\n<p>Alto: 31 cm<\/p>\n","protected":false},"excerpt":{"rendered":"<p>Modelo: SK-437<br \/>C\u00f3d: 23912<\/p>\n","protected":false},"featured_media":2201,"comment_status":"open","ping_status":"closed","template":"","meta":{"om_disable_all_campaigns":false,"_uag_custom_page_level_css":"","_monsterinsights_skip_tracking":false,"_monsterinsights_sitenote_active":false,"_monsterinsights_sitenote_note":"","_monsterinsights_sitenote_category":0},"product_cat":[29],"product_tag":[137,51,138],"class_list":{"0":"post-2200","1":"product","2":"type-product","3":"status-publish","4":"has-post-thumbnail","6":"product_cat-electrodomesticos","7":"product_tag-barbacoas","8":"product_tag-cocinas-barbacoas-hornos-y-anafes","9":"product_tag-hornos-y-anafes","11":"first","12":"instock","13":"shipping-taxable","14":"purchasable","15":"product-type-simple"},"aioseo_notices":[],"jetpack_sharing_enabled":true,"uagb_featured_image_src":{"full":["https:\/\/quasarhomecenter.com\/wp-content\/uploads\/2023\/10\/image-removebg-preview-11-2.png",589,423,false],"thumbnail":["https:\/\/quasarhomecenter.com\/wp-content\/uploads\/2023\/10\/image-removebg-preview-11-2-150x150.png",150,150,true],"medium":["https:\/\/quasarhomecenter.com\/wp-content\/uploads\/2023\/10\/image-removebg-preview-11-2-300x215.png",300,215,true],"medium_large":["https:\/\/quasarhomecenter.com\/wp-content\/uploads\/2023\/10\/image-removebg-preview-11-2.png",589,423,false],"large":["https:\/\/quasarhomecenter.com\/wp-content\/uploads\/2023\/10\/image-removebg-preview-11-2.png",589,423,false],"1536x1536":["https:\/\/quasarhomecenter.com\/wp-content\/uploads\/2023\/10\/image-removebg-preview-11-2.png",589,423,false],"2048x2048":["https:\/\/quasarhomecenter.com\/wp-content\/uploads\/2023\/10\/image-removebg-preview-11-2.png",589,423,false],"mailpoet_newsletter_max":["https:\/\/quasarhomecenter.com\/wp-content\/uploads\/2023\/10\/image-removebg-preview-11-2.png",589,423,false],"woocommerce_thumbnail":["https:\/\/quasarhomecenter.com\/wp-content\/uploads\/2023\/10\/image-removebg-preview-11-2-300x300.png",300,300,true],"woocommerce_single":["https:\/\/quasarhomecenter.com\/wp-content\/uploads\/2023\/10\/image-removebg-preview-11-2.png",589,423,false],"woocommerce_gallery_thumbnail":["https:\/\/quasarhomecenter.com\/wp-content\/uploads\/2023\/10\/image-removebg-preview-11-2-100x100.png",100,100,true]},"uagb_author_info":{"display_name":"quasarhomecenter.com","author_link":"https:\/\/quasarhomecenter.com\/index.php\/author\/"},"uagb_comment_info":0,"uagb_excerpt":"Modelo: SK-437C\u00f3d: 23912","_links":{"self":[{"href":"https:\/\/quasarhomecenter.com\/index.php\/wp-json\/wp\/v2\/product\/2200","targetHints":{"allow":["GET"]}}],"collection":[{"href":"https:\/\/quasarhomecenter.com\/index.php\/wp-json\/wp\/v2\/product"}],"about":[{"href":"https:\/\/quasarhomecenter.com\/index.php\/wp-json\/wp\/v2\/types\/product"}],"replies":[{"embeddable":true,"href":"https:\/\/quasarhomecenter.com\/index.php\/wp-json\/wp\/v2\/comments?post=2200"}],"wp:featuredmedia":[{"embeddable":true,"href":"https:\/\/quasarhomecenter.com\/index.php\/wp-json\/wp\/v2\/media\/2201"}],"wp:attachment":[{"href":"https:\/\/quasarhomecenter.com\/index.php\/wp-json\/wp\/v2\/media?parent=2200"}],"wp:term":[{"taxonomy":"product_cat","embeddable":true,"href":"https:\/\/quasarhomecenter.com\/index.php\/wp-json\/wp\/v2\/product_cat?post=2200"},{"taxonomy":"product_tag","embeddable":true,"href":"https:\/\/quasarhomecenter.com\/index.php\/wp-json\/wp\/v2\/product_tag?post=2200"}],"curies":[{"name":"wp","href":"https:\/\/api.w.org\/{rel}","templated":true}]}}