{"id":2208,"date":"2023-10-26T08:49:08","date_gmt":"2023-10-26T11:49:08","guid":{"rendered":"https:\/\/quasarhomecenter.com\/?post_type=product&#038;p=2208"},"modified":"2023-11-30T09:57:14","modified_gmt":"2023-11-30T12:57:14","slug":"barbacoa-electrica-sokany","status":"publish","type":"product","link":"https:\/\/quasarhomecenter.com\/index.php\/product\/barbacoa-electrica-sokany\/","title":{"rendered":"Barbacoa el\u00e9ctrica SOKANY"},"content":{"rendered":"\n<h2 class=\"wp-block-heading has-vivid-cyan-blue-color has-text-color\" id=\"block-26ae3928-bd28-4f5b-a011-32b476362159\">Caracter\u00edsticas destacadas<\/h2>\n\n\n\n<p>La barbacoa el\u00e9ctrica SOKANY, modelo SK-273BG, es un electrodom\u00e9stico dise\u00f1ado para brindar una experiencia de parrilla c\u00f3moda y vers\u00e1til en el hogar. Identificada con el c\u00f3digo 23908, esta barbacoa ofrece caracter\u00edsticas que la hacen pr\u00e1ctica y eficiente.<\/p>\n\n\n\n<p>Con un dise\u00f1o compacto y funcional, la SK-273BG es adecuada para espacios m\u00e1s reducidos, como balcones o patios peque\u00f1os. Su funcionamiento el\u00e9ctrico elimina la necesidad de carb\u00f3n o gas, proporcionando una opci\u00f3n limpia y f\u00e1cil de controlar en t\u00e9rminos de temperatura.<\/p>\n\n\n\n<p>Barbacoa el\u00e9ctrica SOKANY<br>Modelo: SK-273BG<br>C\u00f3d: 23908<\/p>\n\n\n\n<p id=\"block-0b98c3c0-a2a1-4c68-b446-54733a062ec8\"><br>\ufeff<\/p>\n\n\n\n<h3 class=\"wp-block-heading has-vivid-cyan-blue-color has-text-color\" id=\"block-c8b46fa3-0e05-4941-bda1-185e1982c8ce\">Caracter\u00edsticas generales<\/h3>\n\n\n\n<figure class=\"wp-block-table\"><table><tbody><tr><td>Funci\u00f3n<\/td><td>Fre\u00edr<\/td><\/tr><tr><td>Potencia<\/td><td>2000w<\/td><\/tr><tr><td>Nombre de la marca<\/td><td>Sokany<\/td><\/tr><tr><td>Tensi\u00f3n<\/td><td>220-240 V<\/td><\/tr><\/tbody><\/table><\/figure>\n\n\n\n<h2 class=\"wp-block-heading has-vivid-cyan-blue-color has-text-color\" id=\"block-b7fd3d99-698e-4195-9028-6e7faf478e41\">Dimensiones y peso<\/h2>\n\n\n\n<p id=\"block-768a4f93-44ad-41c1-946a-c571492525f0\">Largo:\u00a047 cm<\/p>\n\n\n\n<p id=\"block-6e6983e2-6522-4357-b6b0-48f647fc21da\">Ancho: 30 cm<\/p>\n\n\n\n<p>Alto: 9cm<\/p>\n","protected":false},"excerpt":{"rendered":"<p>Modelo: SK-273BG<br \/>C\u00f3d: 23908<\/p>\n","protected":false},"featured_media":4635,"comment_status":"open","ping_status":"closed","template":"","meta":{"om_disable_all_campaigns":false,"_uag_custom_page_level_css":"","_monsterinsights_skip_tracking":false,"_monsterinsights_sitenote_active":false,"_monsterinsights_sitenote_note":"","_monsterinsights_sitenote_category":0},"product_cat":[29],"product_tag":[51],"class_list":{"0":"post-2208","1":"product","2":"type-product","3":"status-publish","4":"has-post-thumbnail","6":"product_cat-electrodomesticos","7":"product_tag-cocinas-barbacoas-hornos-y-anafes","9":"first","10":"instock","11":"shipping-taxable","12":"purchasable","13":"product-type-simple"},"aioseo_notices":[],"jetpack_sharing_enabled":true,"uagb_featured_image_src":{"full":["https:\/\/quasarhomecenter.com\/wp-content\/uploads\/2023\/11\/23908-Banco-de-datos-1.png",2955,2955,false],"thumbnail":["https:\/\/quasarhomecenter.com\/wp-content\/uploads\/2023\/11\/23908-Banco-de-datos-1-150x150.png",150,150,true],"medium":["https:\/\/quasarhomecenter.com\/wp-content\/uploads\/2023\/11\/23908-Banco-de-datos-1-300x300.png",300,300,true],"medium_large":["https:\/\/quasarhomecenter.com\/wp-content\/uploads\/2023\/11\/23908-Banco-de-datos-1-768x768.png",768,768,true],"large":["https:\/\/quasarhomecenter.com\/wp-content\/uploads\/2023\/11\/23908-Banco-de-datos-1-1024x1024.png",1024,1024,true],"1536x1536":["https:\/\/quasarhomecenter.com\/wp-content\/uploads\/2023\/11\/23908-Banco-de-datos-1-1536x1536.png",1536,1536,true],"2048x2048":["https:\/\/quasarhomecenter.com\/wp-content\/uploads\/2023\/11\/23908-Banco-de-datos-1-2048x2048.png",2048,2048,true],"mailpoet_newsletter_max":["https:\/\/quasarhomecenter.com\/wp-content\/uploads\/2023\/11\/23908-Banco-de-datos-1-1320x1320.png",1320,1320,true],"woocommerce_thumbnail":["https:\/\/quasarhomecenter.com\/wp-content\/uploads\/2023\/11\/23908-Banco-de-datos-1-300x300.png",300,300,true],"woocommerce_single":["https:\/\/quasarhomecenter.com\/wp-content\/uploads\/2023\/11\/23908-Banco-de-datos-1-600x600.png",600,600,true],"woocommerce_gallery_thumbnail":["https:\/\/quasarhomecenter.com\/wp-content\/uploads\/2023\/11\/23908-Banco-de-datos-1-100x100.png",100,100,true]},"uagb_author_info":{"display_name":"quasarhomecenter.com","author_link":"https:\/\/quasarhomecenter.com\/index.php\/author\/"},"uagb_comment_info":0,"uagb_excerpt":"Modelo: SK-273BGC\u00f3d: 23908","_links":{"self":[{"href":"https:\/\/quasarhomecenter.com\/index.php\/wp-json\/wp\/v2\/product\/2208","targetHints":{"allow":["GET"]}}],"collection":[{"href":"https:\/\/quasarhomecenter.com\/index.php\/wp-json\/wp\/v2\/product"}],"about":[{"href":"https:\/\/quasarhomecenter.com\/index.php\/wp-json\/wp\/v2\/types\/product"}],"replies":[{"embeddable":true,"href":"https:\/\/quasarhomecenter.com\/index.php\/wp-json\/wp\/v2\/comments?post=2208"}],"wp:featuredmedia":[{"embeddable":true,"href":"https:\/\/quasarhomecenter.com\/index.php\/wp-json\/wp\/v2\/media\/4635"}],"wp:attachment":[{"href":"https:\/\/quasarhomecenter.com\/index.php\/wp-json\/wp\/v2\/media?parent=2208"}],"wp:term":[{"taxonomy":"product_cat","embeddable":true,"href":"https:\/\/quasarhomecenter.com\/index.php\/wp-json\/wp\/v2\/product_cat?post=2208"},{"taxonomy":"product_tag","embeddable":true,"href":"https:\/\/quasarhomecenter.com\/index.php\/wp-json\/wp\/v2\/product_tag?post=2208"}],"curies":[{"name":"wp","href":"https:\/\/api.w.org\/{rel}","templated":true}]}}