{"id":2216,"date":"2023-10-26T08:54:57","date_gmt":"2023-10-26T11:54:57","guid":{"rendered":"https:\/\/quasarhomecenter.com\/?post_type=product&#038;p=2216"},"modified":"2023-11-30T10:17:28","modified_gmt":"2023-11-30T13:17:28","slug":"maquina-algodon-dulce","status":"publish","type":"product","link":"https:\/\/quasarhomecenter.com\/index.php\/product\/maquina-algodon-dulce\/","title":{"rendered":"Maquina Algod\u00f3n Dulce"},"content":{"rendered":"\n<h2 class=\"wp-block-heading has-vivid-cyan-blue-color has-text-color\" id=\"block-26ae3928-bd28-4f5b-a011-32b476362159\">Caracter\u00edsticas destacadas<\/h2>\n\n\n\n<p>La barbacoa el\u00e9ctrica SOKANY, modelo SK-ZG-8032, es un electrodom\u00e9stico dise\u00f1ado para proporcionar una experiencia de parrilla c\u00f3moda y vers\u00e1til en el hogar. Identificada con el c\u00f3digo 23910, esta barbacoa combina funcionalidad con practicidad.<\/p>\n\n\n\n<p>Con un dise\u00f1o compacto y eficiente, la SK-ZG-8032 es adecuada para espacios m\u00e1s reducidos, como balcones o patios peque\u00f1os. Al ser el\u00e9ctrica, ofrece una opci\u00f3n limpia y f\u00e1cil de controlar en t\u00e9rminos de temperatura, sin necesidad de utilizar carb\u00f3n o gas.<\/p>\n\n\n\n<p>Maquina Algodon Dulce<br>Modelo: GCM-520<br>C\u00f3digo 11797<\/p>\n\n\n\n<p id=\"block-0b98c3c0-a2a1-4c68-b446-54733a062ec8\"><br>\ufeff<\/p>\n\n\n\n<h3 class=\"wp-block-heading has-vivid-cyan-blue-color has-text-color\" id=\"block-c8b46fa3-0e05-4941-bda1-185e1982c8ce\">Caracter\u00edsticas generales<\/h3>\n\n\n\n<figure class=\"wp-block-table\"><table><tbody><tr><td><strong>Marca<\/strong><\/td><td>Maquina Algodon Dulce<\/td><\/tr><tr><td><strong>Modelo<\/strong><\/td><td>GCM-520<\/td><\/tr><tr><td><strong>Color<\/strong><\/td><td>Rosa<\/td><\/tr><tr><td><strong>Voltaje<\/strong><\/td><td><\/td><\/tr><\/tbody><\/table><\/figure>\n","protected":false},"excerpt":{"rendered":"<p>Modelo: GCM-520<br \/>C\u00f3digo 11797<\/p>\n","protected":false},"featured_media":4591,"comment_status":"open","ping_status":"closed","template":"","meta":{"om_disable_all_campaigns":false,"_uag_custom_page_level_css":"","_monsterinsights_skip_tracking":false,"_monsterinsights_sitenote_active":false,"_monsterinsights_sitenote_note":"","_monsterinsights_sitenote_category":0},"product_cat":[29],"product_tag":[135],"class_list":{"0":"post-2216","1":"product","2":"type-product","3":"status-publish","4":"has-post-thumbnail","6":"product_cat-electrodomesticos","7":"product_tag-electrodomesticos-varios","9":"first","10":"instock","11":"shipping-taxable","12":"purchasable","13":"product-type-simple"},"aioseo_notices":[],"jetpack_sharing_enabled":true,"uagb_featured_image_src":{"full":["https:\/\/quasarhomecenter.com\/wp-content\/uploads\/2023\/11\/11797-Banco-de-datos.png",2955,2955,false],"thumbnail":["https:\/\/quasarhomecenter.com\/wp-content\/uploads\/2023\/11\/11797-Banco-de-datos-150x150.png",150,150,true],"medium":["https:\/\/quasarhomecenter.com\/wp-content\/uploads\/2023\/11\/11797-Banco-de-datos-300x300.png",300,300,true],"medium_large":["https:\/\/quasarhomecenter.com\/wp-content\/uploads\/2023\/11\/11797-Banco-de-datos-768x768.png",768,768,true],"large":["https:\/\/quasarhomecenter.com\/wp-content\/uploads\/2023\/11\/11797-Banco-de-datos-1024x1024.png",1024,1024,true],"1536x1536":["https:\/\/quasarhomecenter.com\/wp-content\/uploads\/2023\/11\/11797-Banco-de-datos-1536x1536.png",1536,1536,true],"2048x2048":["https:\/\/quasarhomecenter.com\/wp-content\/uploads\/2023\/11\/11797-Banco-de-datos-2048x2048.png",2048,2048,true],"mailpoet_newsletter_max":["https:\/\/quasarhomecenter.com\/wp-content\/uploads\/2023\/11\/11797-Banco-de-datos-1320x1320.png",1320,1320,true],"woocommerce_thumbnail":["https:\/\/quasarhomecenter.com\/wp-content\/uploads\/2023\/11\/11797-Banco-de-datos-300x300.png",300,300,true],"woocommerce_single":["https:\/\/quasarhomecenter.com\/wp-content\/uploads\/2023\/11\/11797-Banco-de-datos-600x600.png",600,600,true],"woocommerce_gallery_thumbnail":["https:\/\/quasarhomecenter.com\/wp-content\/uploads\/2023\/11\/11797-Banco-de-datos-100x100.png",100,100,true]},"uagb_author_info":{"display_name":"quasarhomecenter.com","author_link":"https:\/\/quasarhomecenter.com\/index.php\/author\/"},"uagb_comment_info":0,"uagb_excerpt":"Modelo: GCM-520C\u00f3digo 11797","_links":{"self":[{"href":"https:\/\/quasarhomecenter.com\/index.php\/wp-json\/wp\/v2\/product\/2216","targetHints":{"allow":["GET"]}}],"collection":[{"href":"https:\/\/quasarhomecenter.com\/index.php\/wp-json\/wp\/v2\/product"}],"about":[{"href":"https:\/\/quasarhomecenter.com\/index.php\/wp-json\/wp\/v2\/types\/product"}],"replies":[{"embeddable":true,"href":"https:\/\/quasarhomecenter.com\/index.php\/wp-json\/wp\/v2\/comments?post=2216"}],"wp:featuredmedia":[{"embeddable":true,"href":"https:\/\/quasarhomecenter.com\/index.php\/wp-json\/wp\/v2\/media\/4591"}],"wp:attachment":[{"href":"https:\/\/quasarhomecenter.com\/index.php\/wp-json\/wp\/v2\/media?parent=2216"}],"wp:term":[{"taxonomy":"product_cat","embeddable":true,"href":"https:\/\/quasarhomecenter.com\/index.php\/wp-json\/wp\/v2\/product_cat?post=2216"},{"taxonomy":"product_tag","embeddable":true,"href":"https:\/\/quasarhomecenter.com\/index.php\/wp-json\/wp\/v2\/product_tag?post=2216"}],"curies":[{"name":"wp","href":"https:\/\/api.w.org\/{rel}","templated":true}]}}