{"id":2218,"date":"2023-10-26T08:56:06","date_gmt":"2023-10-26T11:56:06","guid":{"rendered":"https:\/\/quasarhomecenter.com\/?post_type=product&#038;p=2218"},"modified":"2023-11-30T10:23:00","modified_gmt":"2023-11-30T13:23:00","slug":"popera","status":"publish","type":"product","link":"https:\/\/quasarhomecenter.com\/index.php\/product\/popera\/","title":{"rendered":"Popera"},"content":{"rendered":"\n<h2 class=\"wp-block-heading has-vivid-cyan-blue-color has-text-color\" id=\"block-26ae3928-bd28-4f5b-a011-32b476362159\">Caracter\u00edsticas destacadas<\/h2>\n\n\n\n<p>La popera GPM-830 es un electrodom\u00e9stico dise\u00f1ado para hacer palomitas de ma\u00edz de manera r\u00e1pida y f\u00e1cil en el hogar. Este modelo espec\u00edfico brinda una experiencia conveniente y entretenida al momento de disfrutar de palomitas frescas.<\/p>\n\n\n\n<p>Con un dise\u00f1o compacto y funcional, la GPM-830 es f\u00e1cil de usar y puede ser una excelente adici\u00f3n para eventos en casa, reuniones familiares o simplemente para disfrutar de palomitas mientras ves una pel\u00edcula. Su tama\u00f1o y peso adecuados facilitan el almacenamiento y la movilidad.<\/p>\n\n\n\n<p>Popera<br>Modelo: GPM-830<br>C\u00f3digo 11798<\/p>\n\n\n\n<h3 class=\"wp-block-heading has-vivid-cyan-blue-color has-text-color\" id=\"block-c8b46fa3-0e05-4941-bda1-185e1982c8ce\">Caracter\u00edsticas generales<\/h3>\n\n\n\n<figure class=\"wp-block-table\"><table><tbody><tr><td><strong>Marca<\/strong><\/td><td>Popera ONE<\/td><\/tr><tr><td><strong>Modelo<\/strong><\/td><td>GPM-830<\/td><\/tr><tr><td><strong>Color<\/strong><\/td><td>Blanco y Negro<\/td><\/tr><tr><td><strong>Voltaje<\/strong><\/td><td><\/td><\/tr><\/tbody><\/table><\/figure>\n\n\n\n<h2 class=\"wp-block-heading has-vivid-cyan-blue-color has-text-color\" id=\"block-b7fd3d99-698e-4195-9028-6e7faf478e41\">Dimensiones y peso<\/h2>\n\n\n\n<p id=\"block-768a4f93-44ad-41c1-946a-c571492525f0\">Largo:\u00a0 cm<\/p>\n\n\n\n<p id=\"block-6e6983e2-6522-4357-b6b0-48f647fc21da\">Ancho:  cm<\/p>\n","protected":false},"excerpt":{"rendered":"<p>Modelo:GPM-830<br \/>C\u00f3digo 11798<\/p>\n","protected":false},"featured_media":4594,"comment_status":"open","ping_status":"closed","template":"","meta":{"om_disable_all_campaigns":false,"_uag_custom_page_level_css":"","_monsterinsights_skip_tracking":false,"_monsterinsights_sitenote_active":false,"_monsterinsights_sitenote_note":"","_monsterinsights_sitenote_category":0},"product_cat":[29],"product_tag":[135],"class_list":{"0":"post-2218","1":"product","2":"type-product","3":"status-publish","4":"has-post-thumbnail","6":"product_cat-electrodomesticos","7":"product_tag-electrodomesticos-varios","9":"first","10":"instock","11":"shipping-taxable","12":"purchasable","13":"product-type-simple"},"aioseo_notices":[],"jetpack_sharing_enabled":true,"uagb_featured_image_src":{"full":["https:\/\/quasarhomecenter.com\/wp-content\/uploads\/2023\/11\/11798-Banco-de-datos.png",2955,2955,false],"thumbnail":["https:\/\/quasarhomecenter.com\/wp-content\/uploads\/2023\/11\/11798-Banco-de-datos-150x150.png",150,150,true],"medium":["https:\/\/quasarhomecenter.com\/wp-content\/uploads\/2023\/11\/11798-Banco-de-datos-300x300.png",300,300,true],"medium_large":["https:\/\/quasarhomecenter.com\/wp-content\/uploads\/2023\/11\/11798-Banco-de-datos-768x768.png",768,768,true],"large":["https:\/\/quasarhomecenter.com\/wp-content\/uploads\/2023\/11\/11798-Banco-de-datos-1024x1024.png",1024,1024,true],"1536x1536":["https:\/\/quasarhomecenter.com\/wp-content\/uploads\/2023\/11\/11798-Banco-de-datos-1536x1536.png",1536,1536,true],"2048x2048":["https:\/\/quasarhomecenter.com\/wp-content\/uploads\/2023\/11\/11798-Banco-de-datos-2048x2048.png",2048,2048,true],"mailpoet_newsletter_max":["https:\/\/quasarhomecenter.com\/wp-content\/uploads\/2023\/11\/11798-Banco-de-datos-1320x1320.png",1320,1320,true],"woocommerce_thumbnail":["https:\/\/quasarhomecenter.com\/wp-content\/uploads\/2023\/11\/11798-Banco-de-datos-300x300.png",300,300,true],"woocommerce_single":["https:\/\/quasarhomecenter.com\/wp-content\/uploads\/2023\/11\/11798-Banco-de-datos-600x600.png",600,600,true],"woocommerce_gallery_thumbnail":["https:\/\/quasarhomecenter.com\/wp-content\/uploads\/2023\/11\/11798-Banco-de-datos-100x100.png",100,100,true]},"uagb_author_info":{"display_name":"quasarhomecenter.com","author_link":"https:\/\/quasarhomecenter.com\/index.php\/author\/"},"uagb_comment_info":0,"uagb_excerpt":"Modelo:GPM-830C\u00f3digo 11798","_links":{"self":[{"href":"https:\/\/quasarhomecenter.com\/index.php\/wp-json\/wp\/v2\/product\/2218","targetHints":{"allow":["GET"]}}],"collection":[{"href":"https:\/\/quasarhomecenter.com\/index.php\/wp-json\/wp\/v2\/product"}],"about":[{"href":"https:\/\/quasarhomecenter.com\/index.php\/wp-json\/wp\/v2\/types\/product"}],"replies":[{"embeddable":true,"href":"https:\/\/quasarhomecenter.com\/index.php\/wp-json\/wp\/v2\/comments?post=2218"}],"wp:featuredmedia":[{"embeddable":true,"href":"https:\/\/quasarhomecenter.com\/index.php\/wp-json\/wp\/v2\/media\/4594"}],"wp:attachment":[{"href":"https:\/\/quasarhomecenter.com\/index.php\/wp-json\/wp\/v2\/media?parent=2218"}],"wp:term":[{"taxonomy":"product_cat","embeddable":true,"href":"https:\/\/quasarhomecenter.com\/index.php\/wp-json\/wp\/v2\/product_cat?post=2218"},{"taxonomy":"product_tag","embeddable":true,"href":"https:\/\/quasarhomecenter.com\/index.php\/wp-json\/wp\/v2\/product_tag?post=2218"}],"curies":[{"name":"wp","href":"https:\/\/api.w.org\/{rel}","templated":true}]}}