{"id":2220,"date":"2023-10-26T08:57:24","date_gmt":"2023-10-26T11:57:24","guid":{"rendered":"https:\/\/quasarhomecenter.com\/?post_type=product&#038;p=2220"},"modified":"2024-03-12T08:33:47","modified_gmt":"2024-03-12T11:33:47","slug":"freidora","status":"publish","type":"product","link":"https:\/\/quasarhomecenter.com\/index.php\/product\/freidora\/","title":{"rendered":"Freidora"},"content":{"rendered":"\n<h2 class=\"wp-block-heading has-vivid-cyan-blue-color has-text-color\" id=\"block-04d93d4b-d235-4ca1-80d6-5043aa20f602\">Caracter\u00edsticas destacadas<\/h2>\n\n\n\n<p>La freidora sin aceite TXG-DS14A es un electrodom\u00e9stico dise\u00f1ado para cocinar de manera m\u00e1s saludable, utilizando tecnolog\u00eda de aire caliente en lugar de aceite para obtener resultados crujientes y deliciosos. Aqu\u00ed tienes una breve descripci\u00f3n:<\/p>\n\n\n\n<p>La freidora sin aceite TXG-DS14A ofrece una capacidad de 2,5 litros y cuenta con una potencia de 1500W. Su dise\u00f1o sin aceite permite la preparaci\u00f3n de alimentos fritos con menos grasa, lo que la convierte en una opci\u00f3n m\u00e1s saludable para aquellos que buscan reducir la ingesta de grasas.<\/p>\n\n\n\n<p>Freidora<br>Sin Aceite<br>2,5L \/ 1500W<br>Modelo: TXG-DS14A<br>C\u00f3d: 11760<\/p>\n\n\n\n<h3 class=\"wp-block-heading has-vivid-cyan-blue-color has-text-color\" id=\"block-a19f1898-279d-4b34-993b-cad31a731303\">Especificaciones<\/h3>\n\n\n\n<figure class=\"wp-block-table\"><table><tbody><tr><td><strong>Tipo de control<\/strong><\/td><td>Perilla<\/td><\/tr><tr><td><strong>Con timer<\/strong><\/td><td>S\u00ed<\/td><\/tr><tr><td><strong>Timer m\u00e1ximo<\/strong><\/td><td>60m<\/td><\/tr><tr><td><strong>Temperatura m\u00e1xima<\/strong><\/td><td>200\u00b0C<\/td><\/tr><tr><td><strong>Temperatura m\u00ednima<\/strong><\/td><td>80\u00b0C<\/td><\/tr><tr><td><strong>Superficie antiadherente<\/strong><\/td><td>S\u00ed<\/td><\/tr><tr><td><strong>Protecci\u00f3n contra sobrecalentamiento<\/strong><\/td><td>S\u00ed<\/td><\/tr><tr><td><strong>Fr\u00edo al tacto<\/strong><\/td><td>S\u00ed<\/td><\/tr><tr><td><strong>Especificaciones de la cesta<\/strong><\/td><td>Con bot\u00f3n de liberaci\u00f3n<\/td><\/tr><\/tbody><\/table><\/figure>\n\n\n\n<h3 class=\"wp-block-heading has-vivid-cyan-blue-color has-text-color\" id=\"block-fbe404a1-02e0-45c6-9946-53dfb54f9d6f\">Caracter\u00edsticas generales<\/h3>\n\n\n\n<figure class=\"wp-block-table\"><table><tbody><tr><td><strong>Sistema de cocci\u00f3n<\/strong><\/td><td>Aire caliente<\/td><\/tr><tr><td><strong><strong>Volumen<\/strong><\/strong><\/td><td>2,5L<\/td><\/tr><tr><td><strong>Potencia<\/strong><\/td><td>1500w<\/td><\/tr><tr><td><strong>Tipo de alimentaci\u00f3n<\/strong><\/td><td>El\u00e9ctrica<\/td><\/tr><tr><td><strong>Alimentaci\u00f3n<\/strong><\/td><td>220-240V<\/td><\/tr><tr><td><strong>Frecuencia de funcionamiento<\/strong><\/td><td>50\/60Hz<\/td><\/tr><tr><td><strong>Material del elemento calefactor<\/strong><\/td><td>Acero inoxidable<\/td><\/tr><\/tbody><\/table><\/figure>\n\n\n\n<h2 class=\"wp-block-heading has-vivid-cyan-blue-color has-text-color\" id=\"block-1603a2fd-b762-495f-a1b6-09fb28470ec4\">Dimensiones y peso<\/h2>\n\n\n\n<p id=\"block-d62a41a9-8d11-4219-9862-1da96e341a96\">Largo:\u00a00 cm<\/p>\n\n\n\n<p id=\"block-1208a13b-ca74-4072-b83e-f840fec52b7a\">Ancho: 0 cm<\/p>\n","protected":false},"excerpt":{"rendered":"<p>Sin Aceite<br \/>2,5L \/ 1500W<br \/>Modelo: TXG-DS14A<br \/>C\u00f3d: 11760<\/p>\n","protected":false},"featured_media":4586,"comment_status":"open","ping_status":"closed","template":"","meta":{"om_disable_all_campaigns":false,"_uag_custom_page_level_css":"","_monsterinsights_skip_tracking":false,"_monsterinsights_sitenote_active":false,"_monsterinsights_sitenote_note":"","_monsterinsights_sitenote_category":0},"product_cat":[29],"product_tag":[134],"class_list":{"0":"post-2220","1":"product","2":"type-product","3":"status-publish","4":"has-post-thumbnail","6":"product_cat-electrodomesticos","7":"product_tag-pequenos-electrodomesticos","9":"first","10":"instock","11":"shipping-taxable","12":"purchasable","13":"product-type-simple"},"aioseo_notices":[],"jetpack_sharing_enabled":true,"uagb_featured_image_src":{"full":["https:\/\/quasarhomecenter.com\/wp-content\/uploads\/2023\/11\/11760-Banco-de-datos.png",2955,2955,false],"thumbnail":["https:\/\/quasarhomecenter.com\/wp-content\/uploads\/2023\/11\/11760-Banco-de-datos-150x150.png",150,150,true],"medium":["https:\/\/quasarhomecenter.com\/wp-content\/uploads\/2023\/11\/11760-Banco-de-datos-300x300.png",300,300,true],"medium_large":["https:\/\/quasarhomecenter.com\/wp-content\/uploads\/2023\/11\/11760-Banco-de-datos-768x768.png",768,768,true],"large":["https:\/\/quasarhomecenter.com\/wp-content\/uploads\/2023\/11\/11760-Banco-de-datos-1024x1024.png",1024,1024,true],"1536x1536":["https:\/\/quasarhomecenter.com\/wp-content\/uploads\/2023\/11\/11760-Banco-de-datos-1536x1536.png",1536,1536,true],"2048x2048":["https:\/\/quasarhomecenter.com\/wp-content\/uploads\/2023\/11\/11760-Banco-de-datos-2048x2048.png",2048,2048,true],"mailpoet_newsletter_max":["https:\/\/quasarhomecenter.com\/wp-content\/uploads\/2023\/11\/11760-Banco-de-datos-1320x1320.png",1320,1320,true],"woocommerce_thumbnail":["https:\/\/quasarhomecenter.com\/wp-content\/uploads\/2023\/11\/11760-Banco-de-datos-300x300.png",300,300,true],"woocommerce_single":["https:\/\/quasarhomecenter.com\/wp-content\/uploads\/2023\/11\/11760-Banco-de-datos-600x600.png",600,600,true],"woocommerce_gallery_thumbnail":["https:\/\/quasarhomecenter.com\/wp-content\/uploads\/2023\/11\/11760-Banco-de-datos-100x100.png",100,100,true]},"uagb_author_info":{"display_name":"quasarhomecenter.com","author_link":"https:\/\/quasarhomecenter.com\/index.php\/author\/"},"uagb_comment_info":0,"uagb_excerpt":"Sin Aceite2,5L \/ 1500WModelo: TXG-DS14AC\u00f3d: 11760","_links":{"self":[{"href":"https:\/\/quasarhomecenter.com\/index.php\/wp-json\/wp\/v2\/product\/2220","targetHints":{"allow":["GET"]}}],"collection":[{"href":"https:\/\/quasarhomecenter.com\/index.php\/wp-json\/wp\/v2\/product"}],"about":[{"href":"https:\/\/quasarhomecenter.com\/index.php\/wp-json\/wp\/v2\/types\/product"}],"replies":[{"embeddable":true,"href":"https:\/\/quasarhomecenter.com\/index.php\/wp-json\/wp\/v2\/comments?post=2220"}],"wp:featuredmedia":[{"embeddable":true,"href":"https:\/\/quasarhomecenter.com\/index.php\/wp-json\/wp\/v2\/media\/4586"}],"wp:attachment":[{"href":"https:\/\/quasarhomecenter.com\/index.php\/wp-json\/wp\/v2\/media?parent=2220"}],"wp:term":[{"taxonomy":"product_cat","embeddable":true,"href":"https:\/\/quasarhomecenter.com\/index.php\/wp-json\/wp\/v2\/product_cat?post=2220"},{"taxonomy":"product_tag","embeddable":true,"href":"https:\/\/quasarhomecenter.com\/index.php\/wp-json\/wp\/v2\/product_tag?post=2220"}],"curies":[{"name":"wp","href":"https:\/\/api.w.org\/{rel}","templated":true}]}}