{"id":2224,"date":"2023-10-26T09:02:35","date_gmt":"2023-10-26T12:02:35","guid":{"rendered":"https:\/\/quasarhomecenter.com\/?post_type=product&#038;p=2224"},"modified":"2024-03-12T08:36:48","modified_gmt":"2024-03-12T11:36:48","slug":"freidora-3","status":"publish","type":"product","link":"https:\/\/quasarhomecenter.com\/index.php\/product\/freidora-3\/","title":{"rendered":"Freidora"},"content":{"rendered":"\n<h2 class=\"wp-block-heading has-vivid-cyan-blue-color has-text-color\" id=\"block-2f3934ed-5012-40b4-bb97-28cb5a0d65cf\">Caracter\u00edsticas destacadas<\/h2>\n\n\n\n<p>La freidora sin aceite TXG-DT16 es un electrodom\u00e9stico dise\u00f1ado para proporcionar una alternativa m\u00e1s saludable al m\u00e9todo de fritura convencional. Con una generosa capacidad de 5,5 litros y una potencia de 1700W, esta freidora es ideal para cocinar porciones m\u00e1s grandes de alimentos.<\/p>\n\n\n\n<p>La tecnolog\u00eda de circulaci\u00f3n de aire caliente utilizada por la TXG-DT16 permite obtener resultados crujientes y dorados sin sumergir los alimentos en aceite, lo que la convierte en una opci\u00f3n popular para aquellos que buscan reducir la cantidad de grasas en sus comidas.<\/p>\n\n\n\n<p>Freidora<br>Sin Aceite<br>5,5L \/ 1700W<br>Modelo: TXG-DT16<br>C\u00f3d: 11762<\/p>\n\n\n\n<h3 class=\"wp-block-heading has-vivid-cyan-blue-color has-text-color\" id=\"block-bbef0656-9e28-4115-9eaa-874c8d934c37\">Especificaciones<\/h3>\n\n\n\n<figure class=\"wp-block-table\"><table><tbody><tr><td><strong>Tipo de control<\/strong><\/td><td>Perilla<\/td><\/tr><tr><td><strong>Con timer<\/strong><\/td><td>S\u00ed<\/td><\/tr><tr><td><strong>Timer m\u00e1ximo<\/strong><\/td><td>60m<\/td><\/tr><tr><td><strong>Temperatura m\u00e1xima<\/strong><\/td><td>200\u00b0C<\/td><\/tr><tr><td><strong>Temperatura m\u00ednima<\/strong><\/td><td>80\u00b0C<\/td><\/tr><tr><td><strong>Superficie antiadherente<\/strong><\/td><td>S\u00ed<\/td><\/tr><tr><td><strong>Protecci\u00f3n contra sobrecalentamiento<\/strong><\/td><td>S\u00ed<\/td><\/tr><tr><td><strong>Fr\u00edo al tacto<\/strong><\/td><td>S\u00ed<\/td><\/tr><tr><td><strong>Especificaciones de la cesta<\/strong><\/td><td>Con bot\u00f3n de liberaci\u00f3n<\/td><\/tr><\/tbody><\/table><\/figure>\n\n\n\n<h3 class=\"wp-block-heading has-vivid-cyan-blue-color has-text-color\" id=\"block-4bb2a90a-2114-4ef1-9429-9e2f617342ac\">Caracter\u00edsticas generales<\/h3>\n\n\n\n<figure class=\"wp-block-table\"><table><tbody><tr><td><strong>Sistema de cocci\u00f3n<\/strong><\/td><td>Aire caliente<\/td><\/tr><tr><td><strong>Volumen<\/strong><\/td><td>5,5L<\/td><\/tr><tr><td><strong>Potencia<\/strong><\/td><td>1700w<\/td><\/tr><tr><td><strong>Tipo de alimentaci\u00f3n<\/strong><\/td><td>El\u00e9ctrica<\/td><\/tr><tr><td><strong>Alimentaci\u00f3n<\/strong><\/td><td>220-240V<\/td><\/tr><tr><td><strong>Frecuencia de funcionamiento<\/strong><\/td><td>50\/60Hz<\/td><\/tr><tr><td><strong>Material del elemento calefactor<\/strong><\/td><td>Acero inoxidable<\/td><\/tr><\/tbody><\/table><\/figure>\n\n\n\n<h2 class=\"wp-block-heading has-vivid-cyan-blue-color has-text-color\" id=\"block-b8751566-cd60-44b3-abd6-e123c86ab379\">Dimensiones y peso<\/h2>\n\n\n\n<p id=\"block-7a785cdc-abea-49e4-919b-9415b3704607\">Largo:&nbsp;0 cm<\/p>\n\n\n\n<p id=\"block-c3f84556-4102-4703-a0d2-f2196c615f82\">Ancho: 0 cm<\/p>\n","protected":false},"excerpt":{"rendered":"<p>Sin Aceite<br \/>5,5L \/ 1700W<br \/>Modelo: TXG-DT16<br \/>C\u00f3d: 11762<\/p>\n","protected":false},"featured_media":4590,"comment_status":"open","ping_status":"closed","template":"","meta":{"om_disable_all_campaigns":false,"_uag_custom_page_level_css":"","_monsterinsights_skip_tracking":false,"_monsterinsights_sitenote_active":false,"_monsterinsights_sitenote_note":"","_monsterinsights_sitenote_category":0},"product_cat":[29],"product_tag":[134],"class_list":{"0":"post-2224","1":"product","2":"type-product","3":"status-publish","4":"has-post-thumbnail","6":"product_cat-electrodomesticos","7":"product_tag-pequenos-electrodomesticos","9":"first","10":"instock","11":"shipping-taxable","12":"purchasable","13":"product-type-simple"},"aioseo_notices":[],"jetpack_sharing_enabled":true,"uagb_featured_image_src":{"full":["https:\/\/quasarhomecenter.com\/wp-content\/uploads\/2023\/11\/11762-Banco-de-datos.png",2955,2955,false],"thumbnail":["https:\/\/quasarhomecenter.com\/wp-content\/uploads\/2023\/11\/11762-Banco-de-datos-150x150.png",150,150,true],"medium":["https:\/\/quasarhomecenter.com\/wp-content\/uploads\/2023\/11\/11762-Banco-de-datos-300x300.png",300,300,true],"medium_large":["https:\/\/quasarhomecenter.com\/wp-content\/uploads\/2023\/11\/11762-Banco-de-datos-768x768.png",768,768,true],"large":["https:\/\/quasarhomecenter.com\/wp-content\/uploads\/2023\/11\/11762-Banco-de-datos-1024x1024.png",1024,1024,true],"1536x1536":["https:\/\/quasarhomecenter.com\/wp-content\/uploads\/2023\/11\/11762-Banco-de-datos-1536x1536.png",1536,1536,true],"2048x2048":["https:\/\/quasarhomecenter.com\/wp-content\/uploads\/2023\/11\/11762-Banco-de-datos-2048x2048.png",2048,2048,true],"mailpoet_newsletter_max":["https:\/\/quasarhomecenter.com\/wp-content\/uploads\/2023\/11\/11762-Banco-de-datos-1320x1320.png",1320,1320,true],"woocommerce_thumbnail":["https:\/\/quasarhomecenter.com\/wp-content\/uploads\/2023\/11\/11762-Banco-de-datos-300x300.png",300,300,true],"woocommerce_single":["https:\/\/quasarhomecenter.com\/wp-content\/uploads\/2023\/11\/11762-Banco-de-datos-600x600.png",600,600,true],"woocommerce_gallery_thumbnail":["https:\/\/quasarhomecenter.com\/wp-content\/uploads\/2023\/11\/11762-Banco-de-datos-100x100.png",100,100,true]},"uagb_author_info":{"display_name":"quasarhomecenter.com","author_link":"https:\/\/quasarhomecenter.com\/index.php\/author\/"},"uagb_comment_info":0,"uagb_excerpt":"Sin Aceite5,5L \/ 1700WModelo: TXG-DT16C\u00f3d: 11762","_links":{"self":[{"href":"https:\/\/quasarhomecenter.com\/index.php\/wp-json\/wp\/v2\/product\/2224","targetHints":{"allow":["GET"]}}],"collection":[{"href":"https:\/\/quasarhomecenter.com\/index.php\/wp-json\/wp\/v2\/product"}],"about":[{"href":"https:\/\/quasarhomecenter.com\/index.php\/wp-json\/wp\/v2\/types\/product"}],"replies":[{"embeddable":true,"href":"https:\/\/quasarhomecenter.com\/index.php\/wp-json\/wp\/v2\/comments?post=2224"}],"wp:featuredmedia":[{"embeddable":true,"href":"https:\/\/quasarhomecenter.com\/index.php\/wp-json\/wp\/v2\/media\/4590"}],"wp:attachment":[{"href":"https:\/\/quasarhomecenter.com\/index.php\/wp-json\/wp\/v2\/media?parent=2224"}],"wp:term":[{"taxonomy":"product_cat","embeddable":true,"href":"https:\/\/quasarhomecenter.com\/index.php\/wp-json\/wp\/v2\/product_cat?post=2224"},{"taxonomy":"product_tag","embeddable":true,"href":"https:\/\/quasarhomecenter.com\/index.php\/wp-json\/wp\/v2\/product_tag?post=2224"}],"curies":[{"name":"wp","href":"https:\/\/api.w.org\/{rel}","templated":true}]}}