{"id":2226,"date":"2023-10-26T09:04:54","date_gmt":"2023-10-26T12:04:54","guid":{"rendered":"https:\/\/quasarhomecenter.com\/?post_type=product&#038;p=2226"},"modified":"2023-11-30T11:46:38","modified_gmt":"2023-11-30T14:46:38","slug":"procesadora-raf","status":"publish","type":"product","link":"https:\/\/quasarhomecenter.com\/index.php\/product\/procesadora-raf\/","title":{"rendered":"Procesadora RAF"},"content":{"rendered":"\n<h2 class=\"wp-block-heading has-vivid-cyan-blue-color has-text-color\" id=\"block-2f3934ed-5012-40b4-bb97-28cb5a0d65cf\">Caracter\u00edsticas destacadas<\/h2>\n\n\n\n<p>La procesadora RAF, modelo R-7006, es un electrodom\u00e9stico dise\u00f1ado para facilitar diversas tareas en la cocina. Con una capacidad de 2 litros y el c\u00f3digo identificador 23943, esta procesadora ofrece versatilidad y comodidad.<\/p>\n\n\n\n<p>Este modelo espec\u00edfico podr\u00eda incluir funciones como picar, rebanar, rallar y otras tareas de procesamiento de alimentos. Su capacidad de 2 litros es adecuada para preparar porciones medianas a grandes, lo que la hace \u00fatil para diversas recetas y necesidades en la cocina.<\/p>\n\n\n\n<p>Procesadora RAF<br>Modelo: R-7006 2Lts<br>C\u00f3d: 23943<\/p>\n\n\n\n<p>\ufeff<\/p>\n\n\n\n<h3 class=\"wp-block-heading has-vivid-cyan-blue-color has-text-color\" id=\"block-4bb2a90a-2114-4ef1-9429-9e2f617342ac\">Caracter\u00edsticas generales<\/h3>\n\n\n\n<figure class=\"wp-block-table\"><table><tbody><tr><td><strong>Volumen<\/strong><\/td><td>2L<\/td><\/tr><tr><td><strong>Potencia<\/strong><\/td><td>450w<\/td><\/tr><tr><td><strong>Tipo de alimentaci\u00f3n<\/strong><\/td><td>El\u00e9ctrica<\/td><\/tr><tr><td><strong>Alimentaci\u00f3n<\/strong><\/td><td>220-240V<\/td><\/tr><tr><td><strong>Frecuencia de funcionamiento<\/strong><\/td><td>50\/60Hz<\/td><\/tr><tr><td><strong>Material de las cuchillas<\/strong><\/td><td>Acero inoxidable<\/td><\/tr><\/tbody><\/table><\/figure>\n\n\n\n<h2 class=\"wp-block-heading has-vivid-cyan-blue-color has-text-color\" id=\"block-b8751566-cd60-44b3-abd6-e123c86ab379\">Dimensiones y peso<\/h2>\n\n\n\n<p id=\"block-7a785cdc-abea-49e4-919b-9415b3704607\">Largo:&nbsp;0 cm<\/p>\n\n\n\n<p id=\"block-c3f84556-4102-4703-a0d2-f2196c615f82\">Ancho: 0 cm<\/p>\n","protected":false},"excerpt":{"rendered":"<p>Modelo: R-7006 2Lts<br \/>C\u00f3d: 23943<\/p>\n","protected":false},"featured_media":4643,"comment_status":"open","ping_status":"closed","template":"","meta":{"om_disable_all_campaigns":false,"_uag_custom_page_level_css":"","_monsterinsights_skip_tracking":false,"_monsterinsights_sitenote_active":false,"_monsterinsights_sitenote_note":"","_monsterinsights_sitenote_category":0},"product_cat":[29],"product_tag":[134],"class_list":{"0":"post-2226","1":"product","2":"type-product","3":"status-publish","4":"has-post-thumbnail","6":"product_cat-electrodomesticos","7":"product_tag-pequenos-electrodomesticos","9":"first","10":"instock","11":"shipping-taxable","12":"purchasable","13":"product-type-simple"},"aioseo_notices":[],"jetpack_sharing_enabled":true,"uagb_featured_image_src":{"full":["https:\/\/quasarhomecenter.com\/wp-content\/uploads\/2023\/11\/23943-Banco-de-datos.png",2955,2955,false],"thumbnail":["https:\/\/quasarhomecenter.com\/wp-content\/uploads\/2023\/11\/23943-Banco-de-datos-150x150.png",150,150,true],"medium":["https:\/\/quasarhomecenter.com\/wp-content\/uploads\/2023\/11\/23943-Banco-de-datos-300x300.png",300,300,true],"medium_large":["https:\/\/quasarhomecenter.com\/wp-content\/uploads\/2023\/11\/23943-Banco-de-datos-768x768.png",768,768,true],"large":["https:\/\/quasarhomecenter.com\/wp-content\/uploads\/2023\/11\/23943-Banco-de-datos-1024x1024.png",1024,1024,true],"1536x1536":["https:\/\/quasarhomecenter.com\/wp-content\/uploads\/2023\/11\/23943-Banco-de-datos-1536x1536.png",1536,1536,true],"2048x2048":["https:\/\/quasarhomecenter.com\/wp-content\/uploads\/2023\/11\/23943-Banco-de-datos-2048x2048.png",2048,2048,true],"mailpoet_newsletter_max":["https:\/\/quasarhomecenter.com\/wp-content\/uploads\/2023\/11\/23943-Banco-de-datos-1320x1320.png",1320,1320,true],"woocommerce_thumbnail":["https:\/\/quasarhomecenter.com\/wp-content\/uploads\/2023\/11\/23943-Banco-de-datos-300x300.png",300,300,true],"woocommerce_single":["https:\/\/quasarhomecenter.com\/wp-content\/uploads\/2023\/11\/23943-Banco-de-datos-600x600.png",600,600,true],"woocommerce_gallery_thumbnail":["https:\/\/quasarhomecenter.com\/wp-content\/uploads\/2023\/11\/23943-Banco-de-datos-100x100.png",100,100,true]},"uagb_author_info":{"display_name":"quasarhomecenter.com","author_link":"https:\/\/quasarhomecenter.com\/index.php\/author\/"},"uagb_comment_info":0,"uagb_excerpt":"Modelo: R-7006 2LtsC\u00f3d: 23943","_links":{"self":[{"href":"https:\/\/quasarhomecenter.com\/index.php\/wp-json\/wp\/v2\/product\/2226","targetHints":{"allow":["GET"]}}],"collection":[{"href":"https:\/\/quasarhomecenter.com\/index.php\/wp-json\/wp\/v2\/product"}],"about":[{"href":"https:\/\/quasarhomecenter.com\/index.php\/wp-json\/wp\/v2\/types\/product"}],"replies":[{"embeddable":true,"href":"https:\/\/quasarhomecenter.com\/index.php\/wp-json\/wp\/v2\/comments?post=2226"}],"wp:featuredmedia":[{"embeddable":true,"href":"https:\/\/quasarhomecenter.com\/index.php\/wp-json\/wp\/v2\/media\/4643"}],"wp:attachment":[{"href":"https:\/\/quasarhomecenter.com\/index.php\/wp-json\/wp\/v2\/media?parent=2226"}],"wp:term":[{"taxonomy":"product_cat","embeddable":true,"href":"https:\/\/quasarhomecenter.com\/index.php\/wp-json\/wp\/v2\/product_cat?post=2226"},{"taxonomy":"product_tag","embeddable":true,"href":"https:\/\/quasarhomecenter.com\/index.php\/wp-json\/wp\/v2\/product_tag?post=2226"}],"curies":[{"name":"wp","href":"https:\/\/api.w.org\/{rel}","templated":true}]}}