{"id":2248,"date":"2023-10-26T09:27:22","date_gmt":"2023-10-26T12:27:22","guid":{"rendered":"https:\/\/quasarhomecenter.com\/?post_type=product&#038;p=2248"},"modified":"2023-11-30T15:07:20","modified_gmt":"2023-11-30T18:07:20","slug":"balanza-de-bano-round","status":"publish","type":"product","link":"https:\/\/quasarhomecenter.com\/index.php\/product\/balanza-de-bano-round\/","title":{"rendered":"Balanza de ban\u0303o Round"},"content":{"rendered":"\n<h2 class=\"wp-block-heading has-vivid-cyan-blue-color has-text-color\" id=\"block-7c2f7648-5ea1-4c0f-b616-61df5bbff7f3\"><br>Caracter\u00edsticas destacadas<\/h2>\n\n\n\n<p>La balanza de ba\u00f1o Round es un dispositivo dise\u00f1ado para proporcionar mediciones precisas de peso en el entorno del ba\u00f1o. Con una capacidad de hasta 180 kg y una precisi\u00f3n de 100 gramos, esta balanza es vers\u00e1til y adecuada para uso dom\u00e9stico.<\/p>\n\n\n\n<p>Su dise\u00f1o redondeado puede agregar un toque est\u00e9tico al entorno del ba\u00f1o, y su capacidad de medir con precisi\u00f3n hasta 100 gramos permite un seguimiento detallado de cambios en el peso corporal.<\/p>\n\n\n\n<p>Balanza de ban\u0303o Round<br>180kg x 100gr<\/p>\n\n\n\n<p>C\u00f3d: 22030<\/p>\n\n\n\n<h3 class=\"wp-block-heading has-vivid-cyan-blue-color has-text-color\" id=\"block-70155dbb-3da7-4608-9c44-f2ccfcba4a2e\">Caracter\u00edsticas generales<\/h3>\n\n\n\n<figure class=\"wp-block-table\"><table><tbody><tr><td><strong>Marca<\/strong><\/td><td>Balanza de ban\u0303o Round<\/td><\/tr><tr><td><strong>Modelo <\/strong><\/td><td>PH-2015A<\/td><\/tr><tr><td><strong>Color<\/strong><\/td><td>Gris<\/td><\/tr><tr><td><strong>Capacidad M\u00e1xima <\/strong><\/td><td>180Kg<\/td><\/tr><\/tbody><\/table><\/figure>\n\n\n\n<h2 class=\"wp-block-heading has-vivid-cyan-blue-color has-text-color\" id=\"block-89e85515-54bf-4f59-bf51-ece50ebe6760\">Dimensiones y peso<\/h2>\n\n\n\n<p id=\"block-b2da6780-66ec-4e96-9804-4c1bb6c309a2\">Largo:&nbsp;0 cm<\/p>\n\n\n\n<p id=\"block-dbc5f226-0183-4aa0-b99a-c9c90c4c3185\">Ancho: 0 cm<\/p>\n","protected":false},"excerpt":{"rendered":"<p>180kg x 100gr<br \/>C\u00f3d: 22030<\/p>\n","protected":false},"featured_media":2249,"comment_status":"open","ping_status":"closed","template":"","meta":{"om_disable_all_campaigns":false,"_uag_custom_page_level_css":"","_monsterinsights_skip_tracking":false,"_monsterinsights_sitenote_active":false,"_monsterinsights_sitenote_note":"","_monsterinsights_sitenote_category":0},"product_cat":[29],"product_tag":[135],"class_list":{"0":"post-2248","1":"product","2":"type-product","3":"status-publish","4":"has-post-thumbnail","6":"product_cat-electrodomesticos","7":"product_tag-electrodomesticos-varios","9":"first","10":"instock","11":"shipping-taxable","12":"purchasable","13":"product-type-simple"},"aioseo_notices":[],"jetpack_sharing_enabled":true,"uagb_featured_image_src":{"full":["https:\/\/quasarhomecenter.com\/wp-content\/uploads\/2023\/10\/image-removebg-preview-36-1.png",502,497,false],"thumbnail":["https:\/\/quasarhomecenter.com\/wp-content\/uploads\/2023\/10\/image-removebg-preview-36-1-150x150.png",150,150,true],"medium":["https:\/\/quasarhomecenter.com\/wp-content\/uploads\/2023\/10\/image-removebg-preview-36-1-300x297.png",300,297,true],"medium_large":["https:\/\/quasarhomecenter.com\/wp-content\/uploads\/2023\/10\/image-removebg-preview-36-1.png",502,497,false],"large":["https:\/\/quasarhomecenter.com\/wp-content\/uploads\/2023\/10\/image-removebg-preview-36-1.png",502,497,false],"1536x1536":["https:\/\/quasarhomecenter.com\/wp-content\/uploads\/2023\/10\/image-removebg-preview-36-1.png",502,497,false],"2048x2048":["https:\/\/quasarhomecenter.com\/wp-content\/uploads\/2023\/10\/image-removebg-preview-36-1.png",502,497,false],"mailpoet_newsletter_max":["https:\/\/quasarhomecenter.com\/wp-content\/uploads\/2023\/10\/image-removebg-preview-36-1.png",502,497,false],"woocommerce_thumbnail":["https:\/\/quasarhomecenter.com\/wp-content\/uploads\/2023\/10\/image-removebg-preview-36-1-300x300.png",300,300,true],"woocommerce_single":["https:\/\/quasarhomecenter.com\/wp-content\/uploads\/2023\/10\/image-removebg-preview-36-1.png",502,497,false],"woocommerce_gallery_thumbnail":["https:\/\/quasarhomecenter.com\/wp-content\/uploads\/2023\/10\/image-removebg-preview-36-1-100x100.png",100,100,true]},"uagb_author_info":{"display_name":"quasarhomecenter.com","author_link":"https:\/\/quasarhomecenter.com\/index.php\/author\/"},"uagb_comment_info":0,"uagb_excerpt":"180kg x 100grC\u00f3d: 22030","_links":{"self":[{"href":"https:\/\/quasarhomecenter.com\/index.php\/wp-json\/wp\/v2\/product\/2248","targetHints":{"allow":["GET"]}}],"collection":[{"href":"https:\/\/quasarhomecenter.com\/index.php\/wp-json\/wp\/v2\/product"}],"about":[{"href":"https:\/\/quasarhomecenter.com\/index.php\/wp-json\/wp\/v2\/types\/product"}],"replies":[{"embeddable":true,"href":"https:\/\/quasarhomecenter.com\/index.php\/wp-json\/wp\/v2\/comments?post=2248"}],"wp:featuredmedia":[{"embeddable":true,"href":"https:\/\/quasarhomecenter.com\/index.php\/wp-json\/wp\/v2\/media\/2249"}],"wp:attachment":[{"href":"https:\/\/quasarhomecenter.com\/index.php\/wp-json\/wp\/v2\/media?parent=2248"}],"wp:term":[{"taxonomy":"product_cat","embeddable":true,"href":"https:\/\/quasarhomecenter.com\/index.php\/wp-json\/wp\/v2\/product_cat?post=2248"},{"taxonomy":"product_tag","embeddable":true,"href":"https:\/\/quasarhomecenter.com\/index.php\/wp-json\/wp\/v2\/product_tag?post=2248"}],"curies":[{"name":"wp","href":"https:\/\/api.w.org\/{rel}","templated":true}]}}