{"id":2253,"date":"2023-10-26T09:34:59","date_gmt":"2023-10-26T12:34:59","guid":{"rendered":"https:\/\/quasarhomecenter.com\/?post_type=product&#038;p=2253"},"modified":"2023-11-30T15:19:54","modified_gmt":"2023-11-30T18:19:54","slug":"ventilador-de-mesa-4","status":"publish","type":"product","link":"https:\/\/quasarhomecenter.com\/index.php\/product\/ventilador-de-mesa-4\/","title":{"rendered":"Ventilador de mesa 4&#8243;"},"content":{"rendered":"\n<h2 class=\"wp-block-heading has-vivid-cyan-blue-color has-text-color\" id=\"block-7c2f7648-5ea1-4c0f-b616-61df5bbff7f3\"><br>Caracter\u00edsticas destacadas<\/h2>\n\n\n\n<p>El ventilador de mesa de 4&#8243; con conexi\u00f3n USB es un dispositivo compacto y vers\u00e1til dise\u00f1ado para proporcionar una brisa refrescante en entornos m\u00e1s peque\u00f1os. Su tama\u00f1o port\u00e1til lo hace ideal para escritorios, mesas de trabajo o \u00e1reas personales.<\/p>\n\n\n\n<p>Este modelo espec\u00edfico podr\u00eda incorporar una caracter\u00edstica \u00fanica, como un panel LED que muestra mensajes personalizados. Adem\u00e1s, podr\u00eda incluir un term\u00f3metro integrado para medir la temperatura ambiente, proporcionando informaci\u00f3n adicional en una sola unidad.<\/p>\n\n\n\n<p>Ventilador de mesa 4&#8243;<br>USB con mensaje<br>y temperatura<br>C\u00f3d: 19171<\/p>\n\n\n\n<h3 class=\"wp-block-heading has-vivid-cyan-blue-color has-text-color\" id=\"block-70155dbb-3da7-4608-9c44-f2ccfcba4a2e\">Caracter\u00edsticas generales<\/h3>\n\n\n\n<figure class=\"wp-block-table\"><table><tbody><tr><td><strong>Marca<\/strong><\/td><td>Ventilador de mesa 4&#8243;<\/td><\/tr><tr><td><strong>L\u00ednea<\/strong><\/td><td>Hogar<\/td><\/tr><tr><td><strong>Modelo<\/strong><\/td><td>Mesa<\/td><\/tr><tr><td><strong>Voltaje<\/strong><\/td><td><\/td><\/tr><tr><td><strong>Frecuencia de funcionamiento<\/strong><\/td><td>50\/60Hz<\/td><\/tr><tr><td><strong>Material de las cuchillas<\/strong><\/td><td>Acero inoxidable<\/td><\/tr><\/tbody><\/table><\/figure>\n\n\n\n<h2 class=\"wp-block-heading has-vivid-cyan-blue-color has-text-color\" id=\"block-89e85515-54bf-4f59-bf51-ece50ebe6760\">Dimensiones y peso<\/h2>\n\n\n\n<p id=\"block-b2da6780-66ec-4e96-9804-4c1bb6c309a2\">Largo:&nbsp;0 cm<\/p>\n\n\n\n<p id=\"block-dbc5f226-0183-4aa0-b99a-c9c90c4c3185\">Ancho: 0 cm<\/p>\n","protected":false},"excerpt":{"rendered":"<p>USB con mensaje<br \/>y temperatura<br \/>C\u00f3d: 19171<\/p>\n","protected":false},"featured_media":2254,"comment_status":"open","ping_status":"closed","template":"","meta":{"om_disable_all_campaigns":false,"_uag_custom_page_level_css":"","_monsterinsights_skip_tracking":false,"_monsterinsights_sitenote_active":false,"_monsterinsights_sitenote_note":"","_monsterinsights_sitenote_category":0},"product_cat":[29],"product_tag":[133],"class_list":{"0":"post-2253","1":"product","2":"type-product","3":"status-publish","4":"has-post-thumbnail","6":"product_cat-electrodomesticos","7":"product_tag-ventilacion","9":"first","10":"instock","11":"shipping-taxable","12":"purchasable","13":"product-type-simple"},"aioseo_notices":[],"jetpack_sharing_enabled":true,"uagb_featured_image_src":{"full":["https:\/\/quasarhomecenter.com\/wp-content\/uploads\/2023\/10\/image-removebg-preview-38-1.png",340,372,false],"thumbnail":["https:\/\/quasarhomecenter.com\/wp-content\/uploads\/2023\/10\/image-removebg-preview-38-1-150x150.png",150,150,true],"medium":["https:\/\/quasarhomecenter.com\/wp-content\/uploads\/2023\/10\/image-removebg-preview-38-1-274x300.png",274,300,true],"medium_large":["https:\/\/quasarhomecenter.com\/wp-content\/uploads\/2023\/10\/image-removebg-preview-38-1.png",340,372,false],"large":["https:\/\/quasarhomecenter.com\/wp-content\/uploads\/2023\/10\/image-removebg-preview-38-1.png",340,372,false],"1536x1536":["https:\/\/quasarhomecenter.com\/wp-content\/uploads\/2023\/10\/image-removebg-preview-38-1.png",340,372,false],"2048x2048":["https:\/\/quasarhomecenter.com\/wp-content\/uploads\/2023\/10\/image-removebg-preview-38-1.png",340,372,false],"mailpoet_newsletter_max":["https:\/\/quasarhomecenter.com\/wp-content\/uploads\/2023\/10\/image-removebg-preview-38-1.png",340,372,false],"woocommerce_thumbnail":["https:\/\/quasarhomecenter.com\/wp-content\/uploads\/2023\/10\/image-removebg-preview-38-1-300x300.png",300,300,true],"woocommerce_single":["https:\/\/quasarhomecenter.com\/wp-content\/uploads\/2023\/10\/image-removebg-preview-38-1.png",340,372,false],"woocommerce_gallery_thumbnail":["https:\/\/quasarhomecenter.com\/wp-content\/uploads\/2023\/10\/image-removebg-preview-38-1-100x100.png",100,100,true]},"uagb_author_info":{"display_name":"quasarhomecenter.com","author_link":"https:\/\/quasarhomecenter.com\/index.php\/author\/"},"uagb_comment_info":0,"uagb_excerpt":"USB con mensajey temperaturaC\u00f3d: 19171","_links":{"self":[{"href":"https:\/\/quasarhomecenter.com\/index.php\/wp-json\/wp\/v2\/product\/2253","targetHints":{"allow":["GET"]}}],"collection":[{"href":"https:\/\/quasarhomecenter.com\/index.php\/wp-json\/wp\/v2\/product"}],"about":[{"href":"https:\/\/quasarhomecenter.com\/index.php\/wp-json\/wp\/v2\/types\/product"}],"replies":[{"embeddable":true,"href":"https:\/\/quasarhomecenter.com\/index.php\/wp-json\/wp\/v2\/comments?post=2253"}],"wp:featuredmedia":[{"embeddable":true,"href":"https:\/\/quasarhomecenter.com\/index.php\/wp-json\/wp\/v2\/media\/2254"}],"wp:attachment":[{"href":"https:\/\/quasarhomecenter.com\/index.php\/wp-json\/wp\/v2\/media?parent=2253"}],"wp:term":[{"taxonomy":"product_cat","embeddable":true,"href":"https:\/\/quasarhomecenter.com\/index.php\/wp-json\/wp\/v2\/product_cat?post=2253"},{"taxonomy":"product_tag","embeddable":true,"href":"https:\/\/quasarhomecenter.com\/index.php\/wp-json\/wp\/v2\/product_tag?post=2253"}],"curies":[{"name":"wp","href":"https:\/\/api.w.org\/{rel}","templated":true}]}}