{"id":2257,"date":"2023-10-26T09:38:07","date_gmt":"2023-10-26T12:38:07","guid":{"rendered":"https:\/\/quasarhomecenter.com\/?post_type=product&#038;p=2257"},"modified":"2023-11-30T15:44:03","modified_gmt":"2023-11-30T18:44:03","slug":"ventilador-de-mesa-6","status":"publish","type":"product","link":"https:\/\/quasarhomecenter.com\/index.php\/product\/ventilador-de-mesa-6\/","title":{"rendered":"Ventilador de mesa 6&#8243;"},"content":{"rendered":"\n<h2 class=\"wp-block-heading has-vivid-cyan-blue-color has-text-color\" id=\"block-bd49212d-e09d-4809-b421-60d6fdfd5851\">Caracter\u00edsticas destacadas<\/h2>\n\n\n\n<p id=\"block-87b543dc-9360-4707-83f3-c4cb77073f55\">El ventilador de mesa de 4&#8243; con conexi\u00f3n USB es un dispositivo compacto y vers\u00e1til dise\u00f1ado para proporcionar una brisa refrescante en entornos m\u00e1s peque\u00f1os. Su tama\u00f1o port\u00e1til lo hace ideal para escritorios, mesas de trabajo o \u00e1reas personales.<\/p>\n\n\n\n<p>Ventilador de mesa 6&#8243;<br>USB con mensaje<br>Mod: UF240<br>C\u00f3d: 19172<\/p>\n\n\n\n<h3 class=\"wp-block-heading has-vivid-cyan-blue-color has-text-color\" id=\"block-8e8f1f44-0cee-4c2a-b155-50e11e155606\">Caracter\u00edsticas generales<\/h3>\n\n\n\n<figure class=\"wp-block-table\"><table><tbody><tr><td><strong>Marca<\/strong><\/td><td>Ventilador de mesa 6&#8243;<\/td><\/tr><tr><td><strong>L\u00ednea<\/strong><\/td><td>Hogar<\/td><\/tr><tr><td><strong>Modelo<\/strong><\/td><td>Mesa<\/td><\/tr><tr><td><strong>Voltaje<\/strong><\/td><td>\ufeff<\/td><\/tr><tr><td><strong>Frecuencia de funcionamiento<\/strong><\/td><td>50\/60Hz<\/td><\/tr><tr><td><strong>Material de las cuchillas<\/strong><\/td><td>Acero inoxidable<\/td><\/tr><\/tbody><\/table><\/figure>\n\n\n\n<h2 class=\"wp-block-heading has-vivid-cyan-blue-color has-text-color\" id=\"block-a77ccdad-4a3d-4f34-9a7b-7a1ff7bed83b\">Dimensiones y peso<\/h2>\n\n\n\n<p id=\"block-12c36865-ed0f-41b3-bdca-d0120eed6400\">Largo:&nbsp;0 cm<\/p>\n\n\n\n<p id=\"block-d2521160-be65-4ed4-a0a9-79c5467c7c3a\">Ancho: 0 cm<\/p>\n","protected":false},"excerpt":{"rendered":"<p>USB con mensaje <br \/>Mod: UF240<br \/>C\u00f3d: 19172<\/p>\n","protected":false},"featured_media":2258,"comment_status":"open","ping_status":"closed","template":"","meta":{"om_disable_all_campaigns":false,"_uag_custom_page_level_css":"","_monsterinsights_skip_tracking":false,"_monsterinsights_sitenote_active":false,"_monsterinsights_sitenote_note":"","_monsterinsights_sitenote_category":0},"product_cat":[29],"product_tag":[133],"class_list":{"0":"post-2257","1":"product","2":"type-product","3":"status-publish","4":"has-post-thumbnail","6":"product_cat-electrodomesticos","7":"product_tag-ventilacion","9":"first","10":"instock","11":"shipping-taxable","12":"purchasable","13":"product-type-simple"},"aioseo_notices":[],"jetpack_sharing_enabled":true,"uagb_featured_image_src":{"full":["https:\/\/quasarhomecenter.com\/wp-content\/uploads\/2023\/10\/image-removebg-preview-40-2.png",384,405,false],"thumbnail":["https:\/\/quasarhomecenter.com\/wp-content\/uploads\/2023\/10\/image-removebg-preview-40-2-150x150.png",150,150,true],"medium":["https:\/\/quasarhomecenter.com\/wp-content\/uploads\/2023\/10\/image-removebg-preview-40-2-284x300.png",284,300,true],"medium_large":["https:\/\/quasarhomecenter.com\/wp-content\/uploads\/2023\/10\/image-removebg-preview-40-2.png",384,405,false],"large":["https:\/\/quasarhomecenter.com\/wp-content\/uploads\/2023\/10\/image-removebg-preview-40-2.png",384,405,false],"1536x1536":["https:\/\/quasarhomecenter.com\/wp-content\/uploads\/2023\/10\/image-removebg-preview-40-2.png",384,405,false],"2048x2048":["https:\/\/quasarhomecenter.com\/wp-content\/uploads\/2023\/10\/image-removebg-preview-40-2.png",384,405,false],"mailpoet_newsletter_max":["https:\/\/quasarhomecenter.com\/wp-content\/uploads\/2023\/10\/image-removebg-preview-40-2.png",384,405,false],"woocommerce_thumbnail":["https:\/\/quasarhomecenter.com\/wp-content\/uploads\/2023\/10\/image-removebg-preview-40-2-300x300.png",300,300,true],"woocommerce_single":["https:\/\/quasarhomecenter.com\/wp-content\/uploads\/2023\/10\/image-removebg-preview-40-2.png",384,405,false],"woocommerce_gallery_thumbnail":["https:\/\/quasarhomecenter.com\/wp-content\/uploads\/2023\/10\/image-removebg-preview-40-2-100x100.png",100,100,true]},"uagb_author_info":{"display_name":"quasarhomecenter.com","author_link":"https:\/\/quasarhomecenter.com\/index.php\/author\/"},"uagb_comment_info":0,"uagb_excerpt":"USB con mensaje Mod: UF240C\u00f3d: 19172","_links":{"self":[{"href":"https:\/\/quasarhomecenter.com\/index.php\/wp-json\/wp\/v2\/product\/2257","targetHints":{"allow":["GET"]}}],"collection":[{"href":"https:\/\/quasarhomecenter.com\/index.php\/wp-json\/wp\/v2\/product"}],"about":[{"href":"https:\/\/quasarhomecenter.com\/index.php\/wp-json\/wp\/v2\/types\/product"}],"replies":[{"embeddable":true,"href":"https:\/\/quasarhomecenter.com\/index.php\/wp-json\/wp\/v2\/comments?post=2257"}],"wp:featuredmedia":[{"embeddable":true,"href":"https:\/\/quasarhomecenter.com\/index.php\/wp-json\/wp\/v2\/media\/2258"}],"wp:attachment":[{"href":"https:\/\/quasarhomecenter.com\/index.php\/wp-json\/wp\/v2\/media?parent=2257"}],"wp:term":[{"taxonomy":"product_cat","embeddable":true,"href":"https:\/\/quasarhomecenter.com\/index.php\/wp-json\/wp\/v2\/product_cat?post=2257"},{"taxonomy":"product_tag","embeddable":true,"href":"https:\/\/quasarhomecenter.com\/index.php\/wp-json\/wp\/v2\/product_tag?post=2257"}],"curies":[{"name":"wp","href":"https:\/\/api.w.org\/{rel}","templated":true}]}}