{"id":2267,"date":"2023-10-26T09:46:37","date_gmt":"2023-10-26T12:46:37","guid":{"rendered":"https:\/\/quasarhomecenter.com\/?post_type=product&#038;p=2267"},"modified":"2023-11-30T16:01:42","modified_gmt":"2023-11-30T19:01:42","slug":"ventilador-de-escritorio","status":"publish","type":"product","link":"https:\/\/quasarhomecenter.com\/index.php\/product\/ventilador-de-escritorio\/","title":{"rendered":"Ventilador de escritorio"},"content":{"rendered":"\n<h2 class=\"wp-block-heading has-vivid-cyan-blue-color has-text-color\" id=\"block-bd49212d-e09d-4809-b421-60d6fdfd5851\">Caracter\u00edsticas destacadas<\/h2>\n\n\n\n<p>El ventilador de escritorio USB recargable con portal\u00e1pices, modelo D8, es un dispositivo multifuncional dise\u00f1ado para proporcionar un enfriamiento personalizado en entornos de trabajo mientras tambi\u00e9n sirve como organizador de escritorio. Su dise\u00f1o compacto y funcional lo hace ideal para escritorios y \u00e1reas de trabajo.<\/p>\n\n\n\n<p>Al ser recargable mediante USB, este ventilador ofrece la flexibilidad de uso sin la necesidad de cables constantes. Adem\u00e1s, su funci\u00f3n de portal\u00e1pices integrado ayuda a mantener organizados los elementos esenciales de escritura y herramientas de trabajo.<\/p>\n\n\n\n<p>Ventilador de escritorio<br>USB recargable c\/portalapices<br>Mod: D8<br>C\u00f3d: 19173<\/p>\n\n\n\n<h3 class=\"wp-block-heading has-vivid-cyan-blue-color has-text-color\" id=\"block-8e8f1f44-0cee-4c2a-b155-50e11e155606\">Caracter\u00edsticas generales<\/h3>\n\n\n\n<figure class=\"wp-block-table\"><table><tbody><tr><td><strong>Marca<\/strong><\/td><td>Ventilador de escritorio<\/td><\/tr><tr><td><strong>L\u00ednea<\/strong><\/td><td>Hogar<\/td><\/tr><tr><td><strong>Modelo<\/strong><\/td><td>Escritorio<\/td><\/tr><tr><td><strong>Voltaje<\/strong><\/td><td>\ufeff<\/td><\/tr><tr><td><strong>Frecuencia de funcionamiento<\/strong><\/td><td>50\/60Hz<\/td><\/tr><tr><td><strong>Material de las cuchillas<\/strong><\/td><td>Acero inoxidable<\/td><\/tr><\/tbody><\/table><\/figure>\n\n\n\n<h2 class=\"wp-block-heading has-vivid-cyan-blue-color has-text-color\" id=\"block-a77ccdad-4a3d-4f34-9a7b-7a1ff7bed83b\">Dimensiones y peso<\/h2>\n\n\n\n<p id=\"block-12c36865-ed0f-41b3-bdca-d0120eed6400\">Largo:&nbsp;0 cm<\/p>\n\n\n\n<p id=\"block-d2521160-be65-4ed4-a0a9-79c5467c7c3a\">Ancho: 0 cm<\/p>\n","protected":false},"excerpt":{"rendered":"<p>USB recargable c\/portalapices<br \/>Mod: D8<br \/>C\u00f3d: 19173<\/p>\n","protected":false},"featured_media":2268,"comment_status":"open","ping_status":"closed","template":"","meta":{"om_disable_all_campaigns":false,"_uag_custom_page_level_css":"","_monsterinsights_skip_tracking":false,"_monsterinsights_sitenote_active":false,"_monsterinsights_sitenote_note":"","_monsterinsights_sitenote_category":0},"product_cat":[29],"product_tag":[133],"class_list":{"0":"post-2267","1":"product","2":"type-product","3":"status-publish","4":"has-post-thumbnail","6":"product_cat-electrodomesticos","7":"product_tag-ventilacion","9":"first","10":"instock","11":"shipping-taxable","12":"purchasable","13":"product-type-simple"},"aioseo_notices":[],"jetpack_sharing_enabled":true,"uagb_featured_image_src":{"full":["https:\/\/quasarhomecenter.com\/wp-content\/uploads\/2023\/10\/image-removebg-preview-45-1.png",232,530,false],"thumbnail":["https:\/\/quasarhomecenter.com\/wp-content\/uploads\/2023\/10\/image-removebg-preview-45-1-150x150.png",150,150,true],"medium":["https:\/\/quasarhomecenter.com\/wp-content\/uploads\/2023\/10\/image-removebg-preview-45-1-131x300.png",131,300,true],"medium_large":["https:\/\/quasarhomecenter.com\/wp-content\/uploads\/2023\/10\/image-removebg-preview-45-1.png",232,530,false],"large":["https:\/\/quasarhomecenter.com\/wp-content\/uploads\/2023\/10\/image-removebg-preview-45-1.png",232,530,false],"1536x1536":["https:\/\/quasarhomecenter.com\/wp-content\/uploads\/2023\/10\/image-removebg-preview-45-1.png",232,530,false],"2048x2048":["https:\/\/quasarhomecenter.com\/wp-content\/uploads\/2023\/10\/image-removebg-preview-45-1.png",232,530,false],"mailpoet_newsletter_max":["https:\/\/quasarhomecenter.com\/wp-content\/uploads\/2023\/10\/image-removebg-preview-45-1.png",232,530,false],"woocommerce_thumbnail":["https:\/\/quasarhomecenter.com\/wp-content\/uploads\/2023\/10\/image-removebg-preview-45-1-232x300.png",232,300,true],"woocommerce_single":["https:\/\/quasarhomecenter.com\/wp-content\/uploads\/2023\/10\/image-removebg-preview-45-1.png",232,530,false],"woocommerce_gallery_thumbnail":["https:\/\/quasarhomecenter.com\/wp-content\/uploads\/2023\/10\/image-removebg-preview-45-1-100x100.png",100,100,true]},"uagb_author_info":{"display_name":"quasarhomecenter.com","author_link":"https:\/\/quasarhomecenter.com\/index.php\/author\/"},"uagb_comment_info":0,"uagb_excerpt":"USB recargable c\/portalapicesMod: D8C\u00f3d: 19173","_links":{"self":[{"href":"https:\/\/quasarhomecenter.com\/index.php\/wp-json\/wp\/v2\/product\/2267","targetHints":{"allow":["GET"]}}],"collection":[{"href":"https:\/\/quasarhomecenter.com\/index.php\/wp-json\/wp\/v2\/product"}],"about":[{"href":"https:\/\/quasarhomecenter.com\/index.php\/wp-json\/wp\/v2\/types\/product"}],"replies":[{"embeddable":true,"href":"https:\/\/quasarhomecenter.com\/index.php\/wp-json\/wp\/v2\/comments?post=2267"}],"wp:featuredmedia":[{"embeddable":true,"href":"https:\/\/quasarhomecenter.com\/index.php\/wp-json\/wp\/v2\/media\/2268"}],"wp:attachment":[{"href":"https:\/\/quasarhomecenter.com\/index.php\/wp-json\/wp\/v2\/media?parent=2267"}],"wp:term":[{"taxonomy":"product_cat","embeddable":true,"href":"https:\/\/quasarhomecenter.com\/index.php\/wp-json\/wp\/v2\/product_cat?post=2267"},{"taxonomy":"product_tag","embeddable":true,"href":"https:\/\/quasarhomecenter.com\/index.php\/wp-json\/wp\/v2\/product_tag?post=2267"}],"curies":[{"name":"wp","href":"https:\/\/api.w.org\/{rel}","templated":true}]}}