{"id":2274,"date":"2023-10-26T14:17:56","date_gmt":"2023-10-26T17:17:56","guid":{"rendered":"https:\/\/quasarhomecenter.com\/?post_type=product&#038;p=2274"},"modified":"2023-11-30T16:35:14","modified_gmt":"2023-11-30T19:35:14","slug":"turbo-ventilador-2","status":"publish","type":"product","link":"https:\/\/quasarhomecenter.com\/index.php\/product\/turbo-ventilador-2\/","title":{"rendered":"Turbo Ventilador"},"content":{"rendered":"\n<h2 class=\"wp-block-heading has-vivid-cyan-blue-color has-text-color\" id=\"block-bd49212d-e09d-4809-b421-60d6fdfd5851\">Caracter\u00edsticas destacadas<\/h2>\n\n\n\n<p>El turbo ventilador de 18&#8243; con aspas met\u00e1licas y una potencia de 110W es una soluci\u00f3n eficiente para mantener ambientes frescos y c\u00f3modos. Las aspas met\u00e1licas proporcionan durabilidad y rendimiento \u00f3ptimo, asegurando un flujo de aire consistente.<\/p>\n\n\n\n<p>Este modelo puede incluir funciones adicionales, como diferentes velocidades de ventilaci\u00f3n para adaptarse a las preferencias individuales, ajustes de inclinaci\u00f3n para dirigir el flujo de aire seg\u00fan sea necesario y posiblemente funciones de oscilaci\u00f3n para distribuir el aire de manera uniforme en la habitaci\u00f3n.<\/p>\n\n\n\n<p>Turbo Ventilador<br>Aspas met\u00e1licas \/ 110W<br>Tama\u00f1o 18\u201d<br>C\u00f3digo 10986<\/p>\n\n\n\n<h3 class=\"wp-block-heading has-vivid-cyan-blue-color has-text-color\" id=\"block-8e8f1f44-0cee-4c2a-b155-50e11e155606\">Caracter\u00edsticas generales<\/h3>\n\n\n\n<figure class=\"wp-block-table\"><table><tbody><tr><td><strong>Marca<\/strong><\/td><td>Ventilador 18&#8243;<\/td><\/tr><tr><td><strong>L\u00ednea<\/strong><\/td><td>Hogar<\/td><\/tr><tr><td><strong>Modelo<\/strong><\/td><td>Mesa<\/td><\/tr><tr><td><strong>Voltaje<\/strong><\/td><td>110w<\/td><\/tr><tr><td><strong>Frecuencia de funcionamiento<\/strong><\/td><td>50\/60Hz<\/td><\/tr><tr><td><strong>Material de las cuchillas<\/strong><\/td><td>Acero inoxidable<\/td><\/tr><\/tbody><\/table><\/figure>\n\n\n\n<h2 class=\"wp-block-heading has-vivid-cyan-blue-color has-text-color\" id=\"block-a77ccdad-4a3d-4f34-9a7b-7a1ff7bed83b\">Dimensiones y peso<\/h2>\n\n\n\n<p id=\"block-12c36865-ed0f-41b3-bdca-d0120eed6400\">Largo:&nbsp;0 cm<\/p>\n\n\n\n<p id=\"block-d2521160-be65-4ed4-a0a9-79c5467c7c3a\">Ancho: 0 cm<\/p>\n","protected":false},"excerpt":{"rendered":"<p>Aspas met\u00e1licas \/ 110W<br \/>Tama\u00f1o 18\u201d<br \/>C\u00f3digo 10986<\/p>\n","protected":false},"featured_media":2275,"comment_status":"open","ping_status":"closed","template":"","meta":{"om_disable_all_campaigns":false,"_uag_custom_page_level_css":"","_monsterinsights_skip_tracking":false,"_monsterinsights_sitenote_active":false,"_monsterinsights_sitenote_note":"","_monsterinsights_sitenote_category":0},"product_cat":[29],"product_tag":[133],"class_list":{"0":"post-2274","1":"product","2":"type-product","3":"status-publish","4":"has-post-thumbnail","6":"product_cat-electrodomesticos","7":"product_tag-ventilacion","9":"first","10":"instock","11":"shipping-taxable","12":"purchasable","13":"product-type-simple"},"aioseo_notices":[],"jetpack_sharing_enabled":true,"uagb_featured_image_src":{"full":["https:\/\/quasarhomecenter.com\/wp-content\/uploads\/2023\/10\/image-removebg-preview-48-2.png",221,204,false],"thumbnail":["https:\/\/quasarhomecenter.com\/wp-content\/uploads\/2023\/10\/image-removebg-preview-48-2-150x150.png",150,150,true],"medium":["https:\/\/quasarhomecenter.com\/wp-content\/uploads\/2023\/10\/image-removebg-preview-48-2.png",221,204,false],"medium_large":["https:\/\/quasarhomecenter.com\/wp-content\/uploads\/2023\/10\/image-removebg-preview-48-2.png",221,204,false],"large":["https:\/\/quasarhomecenter.com\/wp-content\/uploads\/2023\/10\/image-removebg-preview-48-2.png",221,204,false],"1536x1536":["https:\/\/quasarhomecenter.com\/wp-content\/uploads\/2023\/10\/image-removebg-preview-48-2.png",221,204,false],"2048x2048":["https:\/\/quasarhomecenter.com\/wp-content\/uploads\/2023\/10\/image-removebg-preview-48-2.png",221,204,false],"mailpoet_newsletter_max":["https:\/\/quasarhomecenter.com\/wp-content\/uploads\/2023\/10\/image-removebg-preview-48-2.png",221,204,false],"woocommerce_thumbnail":["https:\/\/quasarhomecenter.com\/wp-content\/uploads\/2023\/10\/image-removebg-preview-48-2.png",221,204,false],"woocommerce_single":["https:\/\/quasarhomecenter.com\/wp-content\/uploads\/2023\/10\/image-removebg-preview-48-2.png",221,204,false],"woocommerce_gallery_thumbnail":["https:\/\/quasarhomecenter.com\/wp-content\/uploads\/2023\/10\/image-removebg-preview-48-2-100x100.png",100,100,true]},"uagb_author_info":{"display_name":"quasarhomecenter.com","author_link":"https:\/\/quasarhomecenter.com\/index.php\/author\/"},"uagb_comment_info":0,"uagb_excerpt":"Aspas met\u00e1licas \/ 110WTama\u00f1o 18\u201dC\u00f3digo 10986","_links":{"self":[{"href":"https:\/\/quasarhomecenter.com\/index.php\/wp-json\/wp\/v2\/product\/2274","targetHints":{"allow":["GET"]}}],"collection":[{"href":"https:\/\/quasarhomecenter.com\/index.php\/wp-json\/wp\/v2\/product"}],"about":[{"href":"https:\/\/quasarhomecenter.com\/index.php\/wp-json\/wp\/v2\/types\/product"}],"replies":[{"embeddable":true,"href":"https:\/\/quasarhomecenter.com\/index.php\/wp-json\/wp\/v2\/comments?post=2274"}],"wp:featuredmedia":[{"embeddable":true,"href":"https:\/\/quasarhomecenter.com\/index.php\/wp-json\/wp\/v2\/media\/2275"}],"wp:attachment":[{"href":"https:\/\/quasarhomecenter.com\/index.php\/wp-json\/wp\/v2\/media?parent=2274"}],"wp:term":[{"taxonomy":"product_cat","embeddable":true,"href":"https:\/\/quasarhomecenter.com\/index.php\/wp-json\/wp\/v2\/product_cat?post=2274"},{"taxonomy":"product_tag","embeddable":true,"href":"https:\/\/quasarhomecenter.com\/index.php\/wp-json\/wp\/v2\/product_tag?post=2274"}],"curies":[{"name":"wp","href":"https:\/\/api.w.org\/{rel}","templated":true}]}}