{"id":2297,"date":"2023-10-26T14:45:42","date_gmt":"2023-10-26T17:45:42","guid":{"rendered":"https:\/\/quasarhomecenter.com\/?post_type=product&#038;p=2297"},"modified":"2023-11-30T18:08:40","modified_gmt":"2023-11-30T21:08:40","slug":"ventilador-torre","status":"publish","type":"product","link":"https:\/\/quasarhomecenter.com\/index.php\/product\/ventilador-torre\/","title":{"rendered":"Ventilador torre"},"content":{"rendered":"\n<h2 class=\"wp-block-heading has-vivid-cyan-blue-color has-text-color\" id=\"block-bd49212d-e09d-4809-b421-60d6fdfd5851\">Caracter\u00edsticas destacadas<\/h2>\n\n\n\n<p>El ventilador tipo torre modelo H08 es una soluci\u00f3n eficiente y compacta para proporcionar un flujo de aire en espacios m\u00e1s reducidos. Con su dise\u00f1o delgado y vertical, se integra f\u00e1cilmente en diferentes entornos sin ocupar mucho espacio.<\/p>\n\n\n\n<p>Su tama\u00f1o de 43x13x13cm lo hace ideal para ubicarlo en esquinas, escritorios o \u00e1reas donde el espacio es limitado. El modelo H08 puede incluir caracter\u00edsticas adicionales como ajustes de velocidad, oscilaci\u00f3n para distribuir el aire de manera uniforme y posiblemente un temporizador para mayor conveniencia.<\/p>\n\n\n\n<p>Ventilador torre<br>Modelo: H08<br>Tama\u00f1o 43x13x13cm<br>C\u00f3d: 23918<\/p>\n\n\n\n<h3 class=\"wp-block-heading has-vivid-cyan-blue-color has-text-color\" id=\"block-8e8f1f44-0cee-4c2a-b155-50e11e155606\">Caracter\u00edsticas generales<\/h3>\n\n\n\n<figure class=\"wp-block-table\"><table><tbody><tr><td><strong>Marca<\/strong><\/td><td>Ventilador torre<\/td><\/tr><tr><td><strong>L\u00ednea<\/strong><\/td><td>Hogar<\/td><\/tr><tr><td><strong>Modelo<\/strong><\/td><td>H08<\/td><\/tr><tr><td><strong>Voltaje<\/strong><\/td><td>\ufeff<\/td><\/tr><tr><td><strong>Frecuencia de funcionamiento<\/strong><\/td><td>50\/60Hz<\/td><\/tr><tr><td><strong>Material de las cuchillas<\/strong><\/td><td>Acero inoxidable<\/td><\/tr><\/tbody><\/table><\/figure>\n\n\n\n<h2 class=\"wp-block-heading has-vivid-cyan-blue-color has-text-color\" id=\"block-a77ccdad-4a3d-4f34-9a7b-7a1ff7bed83b\">Dimensiones y peso<\/h2>\n\n\n\n<p id=\"block-12c36865-ed0f-41b3-bdca-d0120eed6400\">Largo:&nbsp;43 cm<\/p>\n\n\n\n<p id=\"block-d2521160-be65-4ed4-a0a9-79c5467c7c3a\">Ancho: 43 cm<\/p>\n\n\n\n<p>Altura: 13cm<\/p>\n","protected":false},"excerpt":{"rendered":"<p>Modelo: H08<br \/>C\u00f3d: 23918<\/p>\n","protected":false},"featured_media":2890,"comment_status":"open","ping_status":"closed","template":"","meta":{"om_disable_all_campaigns":false,"_uag_custom_page_level_css":"","_monsterinsights_skip_tracking":false,"_monsterinsights_sitenote_active":false,"_monsterinsights_sitenote_note":"","_monsterinsights_sitenote_category":0},"product_cat":[29],"product_tag":[133],"class_list":{"0":"post-2297","1":"product","2":"type-product","3":"status-publish","4":"has-post-thumbnail","6":"product_cat-electrodomesticos","7":"product_tag-ventilacion","9":"first","10":"instock","11":"shipping-taxable","12":"purchasable","13":"product-type-simple"},"aioseo_notices":[],"jetpack_sharing_enabled":true,"uagb_featured_image_src":{"full":["https:\/\/quasarhomecenter.com\/wp-content\/uploads\/2023\/11\/23918-Banco-de-Datos.png",2295,2295,false],"thumbnail":["https:\/\/quasarhomecenter.com\/wp-content\/uploads\/2023\/11\/23918-Banco-de-Datos-150x150.png",150,150,true],"medium":["https:\/\/quasarhomecenter.com\/wp-content\/uploads\/2023\/11\/23918-Banco-de-Datos-300x300.png",300,300,true],"medium_large":["https:\/\/quasarhomecenter.com\/wp-content\/uploads\/2023\/11\/23918-Banco-de-Datos-768x768.png",768,768,true],"large":["https:\/\/quasarhomecenter.com\/wp-content\/uploads\/2023\/11\/23918-Banco-de-Datos-1024x1024.png",1024,1024,true],"1536x1536":["https:\/\/quasarhomecenter.com\/wp-content\/uploads\/2023\/11\/23918-Banco-de-Datos-1536x1536.png",1536,1536,true],"2048x2048":["https:\/\/quasarhomecenter.com\/wp-content\/uploads\/2023\/11\/23918-Banco-de-Datos-2048x2048.png",2048,2048,true],"mailpoet_newsletter_max":["https:\/\/quasarhomecenter.com\/wp-content\/uploads\/2023\/11\/23918-Banco-de-Datos-1320x1320.png",1320,1320,true],"woocommerce_thumbnail":["https:\/\/quasarhomecenter.com\/wp-content\/uploads\/2023\/11\/23918-Banco-de-Datos-300x300.png",300,300,true],"woocommerce_single":["https:\/\/quasarhomecenter.com\/wp-content\/uploads\/2023\/11\/23918-Banco-de-Datos-600x600.png",600,600,true],"woocommerce_gallery_thumbnail":["https:\/\/quasarhomecenter.com\/wp-content\/uploads\/2023\/11\/23918-Banco-de-Datos-100x100.png",100,100,true]},"uagb_author_info":{"display_name":"quasarhomecenter.com","author_link":"https:\/\/quasarhomecenter.com\/index.php\/author\/"},"uagb_comment_info":0,"uagb_excerpt":"Modelo: H08C\u00f3d: 23918","_links":{"self":[{"href":"https:\/\/quasarhomecenter.com\/index.php\/wp-json\/wp\/v2\/product\/2297","targetHints":{"allow":["GET"]}}],"collection":[{"href":"https:\/\/quasarhomecenter.com\/index.php\/wp-json\/wp\/v2\/product"}],"about":[{"href":"https:\/\/quasarhomecenter.com\/index.php\/wp-json\/wp\/v2\/types\/product"}],"replies":[{"embeddable":true,"href":"https:\/\/quasarhomecenter.com\/index.php\/wp-json\/wp\/v2\/comments?post=2297"}],"wp:featuredmedia":[{"embeddable":true,"href":"https:\/\/quasarhomecenter.com\/index.php\/wp-json\/wp\/v2\/media\/2890"}],"wp:attachment":[{"href":"https:\/\/quasarhomecenter.com\/index.php\/wp-json\/wp\/v2\/media?parent=2297"}],"wp:term":[{"taxonomy":"product_cat","embeddable":true,"href":"https:\/\/quasarhomecenter.com\/index.php\/wp-json\/wp\/v2\/product_cat?post=2297"},{"taxonomy":"product_tag","embeddable":true,"href":"https:\/\/quasarhomecenter.com\/index.php\/wp-json\/wp\/v2\/product_tag?post=2297"}],"curies":[{"name":"wp","href":"https:\/\/api.w.org\/{rel}","templated":true}]}}