{"id":2309,"date":"2023-10-26T14:54:33","date_gmt":"2023-10-26T17:54:33","guid":{"rendered":"https:\/\/quasarhomecenter.com\/?post_type=product&#038;p=2309"},"modified":"2023-12-01T09:04:01","modified_gmt":"2023-12-01T12:04:01","slug":"caloventilador-decklit","status":"publish","type":"product","link":"https:\/\/quasarhomecenter.com\/index.php\/product\/caloventilador-decklit\/","title":{"rendered":"Caloventilador Decklit"},"content":{"rendered":"\n<h2 class=\"wp-block-heading has-vivid-cyan-blue-color has-text-color\" id=\"block-9759cd08-8dc3-4fdc-ae63-825c21bca853\">Caracter\u00edsticas destacadas<\/h2>\n\n\n\n<p>El caloventilador Decklit modelo NSB-200B de 2000W es una opci\u00f3n eficiente para proporcionar calefacci\u00f3n en espacios interiores. Dise\u00f1ado para brindar calor r\u00e1pido, este caloventilador es ideal para su uso en hogares, oficinas u otros ambientes cerrados.<\/p>\n\n\n\n<p>Con una potencia de 2000W, es capaz de generar un calor significativo en un corto per\u00edodo de tiempo. Adem\u00e1s, es probable que cuente con caracter\u00edsticas adicionales como ajustes de temperatura, modos de funcionamiento, y posiblemente funciones de seguridad como protecci\u00f3n contra sobrecalentamiento.<\/p>\n\n\n\n<p>Caloventilador Decklit<br>Modelo: NSB-200B 2000w<br>C\u00f3d: 23962<\/p>\n\n\n\n<h3 class=\"wp-block-heading has-vivid-cyan-blue-color has-text-color\" id=\"block-f706a0ba-0ae1-4963-a4f9-b6a0f69a5c3c\">Caracter\u00edsticas generales<\/h3>\n\n\n\n<figure class=\"wp-block-table\"><table><tbody><tr><td><strong>Marca<\/strong><\/td><td>Calo ventilador Decklit<\/td><\/tr><tr><td><strong>L\u00ednea<\/strong><\/td><td>Calefacci\u00f3n <\/td><\/tr><tr><td><strong>Modelo<\/strong><\/td><td>NSB-200B<\/td><\/tr><tr><td><strong>Color<\/strong><\/td><td>Blanco<\/td><\/tr><tr><td><strong>Voltaje<\/strong><\/td><td>2000w<\/td><\/tr><\/tbody><\/table><\/figure>\n\n\n\n<h2 class=\"wp-block-heading has-vivid-cyan-blue-color has-text-color\" id=\"block-cea1cd84-f0ef-4ec0-8b36-472278dc4dd2\">Dimensiones y peso<\/h2>\n\n\n\n<p id=\"block-dc88f7c8-fbcc-42a3-8d7d-2cfb4e96db73\">Largo:&nbsp;0 cm<\/p>\n\n\n\n<p id=\"block-8350b9cb-fd42-4c4d-a163-1029f774113c\">Ancho: 0 cm<\/p>\n","protected":false},"excerpt":{"rendered":"<p>Modelo: NSB-200B 2000w<br \/>C\u00f3d: 23962<\/p>\n","protected":false},"featured_media":2310,"comment_status":"open","ping_status":"closed","template":"","meta":{"om_disable_all_campaigns":false,"_uag_custom_page_level_css":"","_monsterinsights_skip_tracking":false,"_monsterinsights_sitenote_active":false,"_monsterinsights_sitenote_note":"","_monsterinsights_sitenote_category":0},"product_cat":[29],"product_tag":[133],"class_list":{"0":"post-2309","1":"product","2":"type-product","3":"status-publish","4":"has-post-thumbnail","6":"product_cat-electrodomesticos","7":"product_tag-ventilacion","9":"first","10":"instock","11":"shipping-taxable","12":"purchasable","13":"product-type-simple"},"aioseo_notices":[],"jetpack_sharing_enabled":true,"uagb_featured_image_src":{"full":["https:\/\/quasarhomecenter.com\/wp-content\/uploads\/2023\/10\/image-removebg-preview-66.png",418,557,false],"thumbnail":["https:\/\/quasarhomecenter.com\/wp-content\/uploads\/2023\/10\/image-removebg-preview-66-150x150.png",150,150,true],"medium":["https:\/\/quasarhomecenter.com\/wp-content\/uploads\/2023\/10\/image-removebg-preview-66-225x300.png",225,300,true],"medium_large":["https:\/\/quasarhomecenter.com\/wp-content\/uploads\/2023\/10\/image-removebg-preview-66.png",418,557,false],"large":["https:\/\/quasarhomecenter.com\/wp-content\/uploads\/2023\/10\/image-removebg-preview-66.png",418,557,false],"1536x1536":["https:\/\/quasarhomecenter.com\/wp-content\/uploads\/2023\/10\/image-removebg-preview-66.png",418,557,false],"2048x2048":["https:\/\/quasarhomecenter.com\/wp-content\/uploads\/2023\/10\/image-removebg-preview-66.png",418,557,false],"mailpoet_newsletter_max":["https:\/\/quasarhomecenter.com\/wp-content\/uploads\/2023\/10\/image-removebg-preview-66.png",418,557,false],"woocommerce_thumbnail":["https:\/\/quasarhomecenter.com\/wp-content\/uploads\/2023\/10\/image-removebg-preview-66-300x300.png",300,300,true],"woocommerce_single":["https:\/\/quasarhomecenter.com\/wp-content\/uploads\/2023\/10\/image-removebg-preview-66.png",418,557,false],"woocommerce_gallery_thumbnail":["https:\/\/quasarhomecenter.com\/wp-content\/uploads\/2023\/10\/image-removebg-preview-66-100x100.png",100,100,true]},"uagb_author_info":{"display_name":"quasarhomecenter.com","author_link":"https:\/\/quasarhomecenter.com\/index.php\/author\/"},"uagb_comment_info":0,"uagb_excerpt":"Modelo: NSB-200B 2000wC\u00f3d: 23962","_links":{"self":[{"href":"https:\/\/quasarhomecenter.com\/index.php\/wp-json\/wp\/v2\/product\/2309","targetHints":{"allow":["GET"]}}],"collection":[{"href":"https:\/\/quasarhomecenter.com\/index.php\/wp-json\/wp\/v2\/product"}],"about":[{"href":"https:\/\/quasarhomecenter.com\/index.php\/wp-json\/wp\/v2\/types\/product"}],"replies":[{"embeddable":true,"href":"https:\/\/quasarhomecenter.com\/index.php\/wp-json\/wp\/v2\/comments?post=2309"}],"wp:featuredmedia":[{"embeddable":true,"href":"https:\/\/quasarhomecenter.com\/index.php\/wp-json\/wp\/v2\/media\/2310"}],"wp:attachment":[{"href":"https:\/\/quasarhomecenter.com\/index.php\/wp-json\/wp\/v2\/media?parent=2309"}],"wp:term":[{"taxonomy":"product_cat","embeddable":true,"href":"https:\/\/quasarhomecenter.com\/index.php\/wp-json\/wp\/v2\/product_cat?post=2309"},{"taxonomy":"product_tag","embeddable":true,"href":"https:\/\/quasarhomecenter.com\/index.php\/wp-json\/wp\/v2\/product_tag?post=2309"}],"curies":[{"name":"wp","href":"https:\/\/api.w.org\/{rel}","templated":true}]}}