{"id":2349,"date":"2023-10-26T17:33:02","date_gmt":"2023-10-26T20:33:02","guid":{"rendered":"https:\/\/quasarhomecenter.com\/?post_type=product&#038;p=2349"},"modified":"2023-12-01T10:21:05","modified_gmt":"2023-12-01T13:21:05","slug":"estufa-halogena-dpm-sh1200","status":"publish","type":"product","link":"https:\/\/quasarhomecenter.com\/index.php\/product\/estufa-halogena-dpm-sh1200\/","title":{"rendered":"Estufa Hal\u00f3gena DPM SH1200"},"content":{"rendered":"\n<h2 class=\"wp-block-heading has-vivid-cyan-blue-color has-text-color\" id=\"block-463debe9-14a5-49c3-bd35-29670affe809\"><br>Caracter\u00edsticas destacadas<\/h2>\n\n\n\n<p id=\"block-ad838f20-d864-4501-9362-8ca24659f0a6\">La estufa hal\u00f3gena DPM SH1200 es una opci\u00f3n de calefacci\u00f3n eficiente con corte de seguridad autom\u00e1tico para mayor seguridad. Con una funci\u00f3n giratoria, proporciona un amplio rango de calentamiento (220-240V~50\/60Hz, 1200W). Su dise\u00f1o inteligente la hace f\u00e1cil de mover. Ofrece garant\u00eda de funcionamiento de 60 d\u00edas, pero ten en cuenta que no incluye tubos.<\/p>\n\n\n\n<p>Estufa Hal\u00f3gena DPM SH1200<br>Corte de seguridad autom\u00e1tico<br>Funci\u00f3n giratoria<br>Amplio rango de calentamiento<br>220-240V~50\/60Hz 1200W<br>Dise\u00f1o inteligente, f\u00e1cil de mover<br>Garant\u00eda de funcionamiento 60 d\u00edas<br>No incluye tubos<br>C\u00f3digo: 11726<\/p>\n\n\n\n<h3 class=\"wp-block-heading has-vivid-cyan-blue-color has-text-color\" id=\"block-ffea5542-3f47-43da-9a0b-0eee87d11c12\">Caracter\u00edsticas generales<\/h3>\n\n\n\n<figure class=\"wp-block-table\"><table><tbody><tr><td><strong>Marca<\/strong><\/td><td>Estufa Hal\u00f3gena <\/td><\/tr><tr><td><strong>Linea <\/strong><\/td><td>Cuarzo<\/td><\/tr><tr><td><strong>Modelo <\/strong><\/td><td>DPM SH1200<\/td><\/tr><tr><td><strong>Voltaje<\/strong><\/td><td>220V<\/td><\/tr><tr><td><strong>Potencia M\u00e1xima<\/strong><\/td><td>1200W<\/td><\/tr><tr><td><strong>Niveles de Calor<\/strong><\/td><td>3 niveles<\/td><\/tr><\/tbody><\/table><\/figure>\n\n\n\n<h2 class=\"wp-block-heading has-vivid-cyan-blue-color has-text-color\" id=\"block-a81bdbcf-b5d3-4901-b102-ccbde0cc80f5\">Dimensiones y peso<\/h2>\n\n\n\n<p id=\"block-46b560f9-3168-4cf8-8dd2-d9ce1e76cb56\">Largo:&nbsp;29 cm<\/p>\n\n\n\n<p id=\"block-6f53f5ee-ea80-4522-b39f-0ea2904b44fe\">Ancho: 14 cm<\/p>\n\n\n\n<p id=\"block-716a6548-db78-431a-a124-7d0c07871c54\">Alto: 48,5 cm<\/p>\n","protected":false},"excerpt":{"rendered":"<p>Potencia 1200W<br \/>3 niveles de calor<br \/>Corte de seguridad autom\u00e1tico<br \/>Funci\u00f3n giratoria<br \/>Amplio rango de calentamiento<br \/>Dimensiones 290x140x485mm<br \/>220-240V~50\/60Hz 1200W<br \/>Dise\u00f1o inteligente, f\u00e1cil de mover<br \/>Garant\u00eda de funcionamiento 60 d\u00edas<br \/>No incluye tubos<br \/>C\u00f3digo: 11726<\/p>\n","protected":false},"featured_media":2350,"comment_status":"open","ping_status":"closed","template":"","meta":{"om_disable_all_campaigns":false,"_uag_custom_page_level_css":"","_monsterinsights_skip_tracking":false,"_monsterinsights_sitenote_active":false,"_monsterinsights_sitenote_note":"","_monsterinsights_sitenote_category":0},"product_cat":[29],"product_tag":[133],"class_list":{"0":"post-2349","1":"product","2":"type-product","3":"status-publish","4":"has-post-thumbnail","6":"product_cat-electrodomesticos","7":"product_tag-ventilacion","9":"first","10":"instock","11":"shipping-taxable","12":"purchasable","13":"product-type-simple"},"aioseo_notices":[],"jetpack_sharing_enabled":true,"uagb_featured_image_src":{"full":["https:\/\/quasarhomecenter.com\/wp-content\/uploads\/2023\/10\/image-removebg-preview-70.png",315,475,false],"thumbnail":["https:\/\/quasarhomecenter.com\/wp-content\/uploads\/2023\/10\/image-removebg-preview-70-150x150.png",150,150,true],"medium":["https:\/\/quasarhomecenter.com\/wp-content\/uploads\/2023\/10\/image-removebg-preview-70-199x300.png",199,300,true],"medium_large":["https:\/\/quasarhomecenter.com\/wp-content\/uploads\/2023\/10\/image-removebg-preview-70.png",315,475,false],"large":["https:\/\/quasarhomecenter.com\/wp-content\/uploads\/2023\/10\/image-removebg-preview-70.png",315,475,false],"1536x1536":["https:\/\/quasarhomecenter.com\/wp-content\/uploads\/2023\/10\/image-removebg-preview-70.png",315,475,false],"2048x2048":["https:\/\/quasarhomecenter.com\/wp-content\/uploads\/2023\/10\/image-removebg-preview-70.png",315,475,false],"mailpoet_newsletter_max":["https:\/\/quasarhomecenter.com\/wp-content\/uploads\/2023\/10\/image-removebg-preview-70.png",315,475,false],"woocommerce_thumbnail":["https:\/\/quasarhomecenter.com\/wp-content\/uploads\/2023\/10\/image-removebg-preview-70-300x300.png",300,300,true],"woocommerce_single":["https:\/\/quasarhomecenter.com\/wp-content\/uploads\/2023\/10\/image-removebg-preview-70.png",315,475,false],"woocommerce_gallery_thumbnail":["https:\/\/quasarhomecenter.com\/wp-content\/uploads\/2023\/10\/image-removebg-preview-70-100x100.png",100,100,true]},"uagb_author_info":{"display_name":"quasarhomecenter.com","author_link":"https:\/\/quasarhomecenter.com\/index.php\/author\/"},"uagb_comment_info":0,"uagb_excerpt":"Potencia 1200W3 niveles de calorCorte de seguridad autom\u00e1ticoFunci\u00f3n giratoriaAmplio rango de calentamientoDimensiones 290x140x485mm220-240V~50\/60Hz 1200WDise\u00f1o inteligente, f\u00e1cil de moverGarant\u00eda de funcionamiento 60 d\u00edasNo incluye tubosC\u00f3digo: 11726","_links":{"self":[{"href":"https:\/\/quasarhomecenter.com\/index.php\/wp-json\/wp\/v2\/product\/2349","targetHints":{"allow":["GET"]}}],"collection":[{"href":"https:\/\/quasarhomecenter.com\/index.php\/wp-json\/wp\/v2\/product"}],"about":[{"href":"https:\/\/quasarhomecenter.com\/index.php\/wp-json\/wp\/v2\/types\/product"}],"replies":[{"embeddable":true,"href":"https:\/\/quasarhomecenter.com\/index.php\/wp-json\/wp\/v2\/comments?post=2349"}],"wp:featuredmedia":[{"embeddable":true,"href":"https:\/\/quasarhomecenter.com\/index.php\/wp-json\/wp\/v2\/media\/2350"}],"wp:attachment":[{"href":"https:\/\/quasarhomecenter.com\/index.php\/wp-json\/wp\/v2\/media?parent=2349"}],"wp:term":[{"taxonomy":"product_cat","embeddable":true,"href":"https:\/\/quasarhomecenter.com\/index.php\/wp-json\/wp\/v2\/product_cat?post=2349"},{"taxonomy":"product_tag","embeddable":true,"href":"https:\/\/quasarhomecenter.com\/index.php\/wp-json\/wp\/v2\/product_tag?post=2349"}],"curies":[{"name":"wp","href":"https:\/\/api.w.org\/{rel}","templated":true}]}}