{"id":2351,"date":"2023-10-26T17:34:04","date_gmt":"2023-10-26T20:34:04","guid":{"rendered":"https:\/\/quasarhomecenter.com\/?post_type=product&#038;p=2351"},"modified":"2023-12-01T09:57:12","modified_gmt":"2023-12-01T12:57:12","slug":"convector-continuo-black-glass","status":"publish","type":"product","link":"https:\/\/quasarhomecenter.com\/index.php\/product\/convector-continuo-black-glass\/","title":{"rendered":"Convector Continuo Black Glass"},"content":{"rendered":"\n<h2 class=\"wp-block-heading has-vivid-cyan-blue-color has-text-color\" id=\"block-463debe9-14a5-49c3-bd35-29670affe809\">Caracter\u00edsticas destacadas<\/h2>\n\n\n\n<p>El convector continuo Black Glass es una estufa de alto rendimiento que ofrece calor constante. Con caracter\u00edsticas como control remoto para facilitar la operaci\u00f3n a distancia, pantalla t\u00e1ctil LCD para una interfaz intuitiva, y un temporizador de 24 horas para programar encendido y apagado autom\u00e1ticos, proporciona comodidad y versatilidad. Su dise\u00f1o de panel de vidrio de convecci\u00f3n garantiza una distribuci\u00f3n uniforme del calor.<\/p>\n\n\n\n<p>Adem\u00e1s, el convector puede montarse en la pared o usarse de pie, ofreciendo flexibilidad en la disposici\u00f3n del espacio. Equipado con un elemento de calefacci\u00f3n de aluminio de alta calidad, el interruptor de encendido\/apagado en el panel lateral brinda un control manual f\u00e1cil. El termostato electr\u00f3nico permite ajustar la temperatura deseada en un rango de 15 a 35 grados Celsius, brindando un control preciso. Respaldado por una garant\u00eda de 1 a\u00f1o, proporciona confianza en su rendimiento y durabilidad.<\/p>\n\n\n\n<p>Convector Continuo Black Glass<br>M\u00e1ximo rendimiento<br>Control remoto<br>Dise\u00f1o de pantalla t\u00e1ctil LCD<br>Temporizador 24 horas<br>Dise\u00f1o de panel de vidrio de<br>convecci\u00f3n de calor continuo<br>De pie y puede montarse en la pared<br>Elemento de calefacci\u00f3n de aluminio<br>de alta calidad<br>Interruptor de encendido \/ apagado<br>en el panel lateral<br>Termostato electr\u00f3nico de 15-35 \u00b0 C<br>Garant\u00eda 1 a\u00f1o<br>C\u00f3digo: 11729<\/p>\n\n\n\n<h3 class=\"wp-block-heading has-vivid-cyan-blue-color has-text-color\" id=\"block-ffea5542-3f47-43da-9a0b-0eee87d11c12\">Caracter\u00edsticas generales<\/h3>\n\n\n\n<figure class=\"wp-block-table\"><table><tbody><tr><td><strong>Marca<\/strong><\/td><td>Convector Continuo Black Glass<\/td><\/tr><tr><td><strong>Modelo<\/strong><\/td><td>Convector Continuo Black Glass<\/td><\/tr><tr><td><strong>Color<\/strong><\/td><td>Blanco<\/td><\/tr><tr><td><strong>Voltaje<\/strong><\/td><td>220V<\/td><\/tr><tr><td><strong>Potencia M\u00e1xima<\/strong><\/td><td>2000W<\/td><\/tr><tr><td><strong>Niveles de Calor<\/strong><\/td><td>1000\/2000<\/td><\/tr><\/tbody><\/table><\/figure>\n\n\n\n<h2 class=\"wp-block-heading has-vivid-cyan-blue-color has-text-color\" id=\"block-a81bdbcf-b5d3-4901-b102-ccbde0cc80f5\">Dimensiones y peso<\/h2>\n\n\n\n<p id=\"block-46b560f9-3168-4cf8-8dd2-d9ce1e76cb56\">Largo:\u00a083 cm<\/p>\n\n\n\n<p id=\"block-6f53f5ee-ea80-4522-b39f-0ea2904b44fe\">Ancho: 16 cm<\/p>\n\n\n\n<p id=\"block-716a6548-db78-431a-a124-7d0c07871c54\">Alto: 52 cm<\/p>\n","protected":false},"excerpt":{"rendered":"<p>M\u00e1ximo rendimiento<br \/>Control remoto<br \/>Dise\u00f1o de pantalla t\u00e1ctil LCD<br \/>2 ajustes de calor: 1000 \/ 2000W<br \/>Temporizador 24 horas<br \/>Dise\u00f1o de panel de vidrio de<br \/>convecci\u00f3n de calor continuo<br \/>De pie y puede montarse en la pared<br \/>Elemento de calefacci\u00f3n de aluminio<br \/>de alta calidad<br \/>Interruptor de encendido \/ apagado<br \/>en el panel lateral<br \/>Termostato electr\u00f3nico de 15-35 \u00b0 C<br \/>Garant\u00eda 1 a\u00f1o<br \/>Medidas: 83x16x52cm<br \/>C\u00f3digo: 11729<\/p>\n","protected":false},"featured_media":2352,"comment_status":"open","ping_status":"closed","template":"","meta":{"om_disable_all_campaigns":false,"_uag_custom_page_level_css":"","_monsterinsights_skip_tracking":false,"_monsterinsights_sitenote_active":false,"_monsterinsights_sitenote_note":"","_monsterinsights_sitenote_category":0},"product_cat":[29],"product_tag":[133],"class_list":{"0":"post-2351","1":"product","2":"type-product","3":"status-publish","4":"has-post-thumbnail","6":"product_cat-electrodomesticos","7":"product_tag-ventilacion","9":"first","10":"instock","11":"shipping-taxable","12":"purchasable","13":"product-type-simple"},"aioseo_notices":[],"jetpack_sharing_enabled":true,"uagb_featured_image_src":{"full":["https:\/\/quasarhomecenter.com\/wp-content\/uploads\/2023\/10\/image-removebg-preview-71.png",543,459,false],"thumbnail":["https:\/\/quasarhomecenter.com\/wp-content\/uploads\/2023\/10\/image-removebg-preview-71-150x150.png",150,150,true],"medium":["https:\/\/quasarhomecenter.com\/wp-content\/uploads\/2023\/10\/image-removebg-preview-71-300x254.png",300,254,true],"medium_large":["https:\/\/quasarhomecenter.com\/wp-content\/uploads\/2023\/10\/image-removebg-preview-71.png",543,459,false],"large":["https:\/\/quasarhomecenter.com\/wp-content\/uploads\/2023\/10\/image-removebg-preview-71.png",543,459,false],"1536x1536":["https:\/\/quasarhomecenter.com\/wp-content\/uploads\/2023\/10\/image-removebg-preview-71.png",543,459,false],"2048x2048":["https:\/\/quasarhomecenter.com\/wp-content\/uploads\/2023\/10\/image-removebg-preview-71.png",543,459,false],"mailpoet_newsletter_max":["https:\/\/quasarhomecenter.com\/wp-content\/uploads\/2023\/10\/image-removebg-preview-71.png",543,459,false],"woocommerce_thumbnail":["https:\/\/quasarhomecenter.com\/wp-content\/uploads\/2023\/10\/image-removebg-preview-71-300x300.png",300,300,true],"woocommerce_single":["https:\/\/quasarhomecenter.com\/wp-content\/uploads\/2023\/10\/image-removebg-preview-71.png",543,459,false],"woocommerce_gallery_thumbnail":["https:\/\/quasarhomecenter.com\/wp-content\/uploads\/2023\/10\/image-removebg-preview-71-100x100.png",100,100,true]},"uagb_author_info":{"display_name":"quasarhomecenter.com","author_link":"https:\/\/quasarhomecenter.com\/index.php\/author\/"},"uagb_comment_info":0,"uagb_excerpt":"M\u00e1ximo rendimientoControl remotoDise\u00f1o de pantalla t\u00e1ctil LCD2 ajustes de calor: 1000 \/ 2000WTemporizador 24 horasDise\u00f1o de panel de vidrio deconvecci\u00f3n de calor continuoDe pie y puede montarse en la paredElemento de calefacci\u00f3n de aluminiode alta calidadInterruptor de encendido \/ apagadoen el panel lateralTermostato electr\u00f3nico de 15-35 \u00b0 CGarant\u00eda 1 a\u00f1oMedidas: 83x16x52cmC\u00f3digo: 11729","_links":{"self":[{"href":"https:\/\/quasarhomecenter.com\/index.php\/wp-json\/wp\/v2\/product\/2351","targetHints":{"allow":["GET"]}}],"collection":[{"href":"https:\/\/quasarhomecenter.com\/index.php\/wp-json\/wp\/v2\/product"}],"about":[{"href":"https:\/\/quasarhomecenter.com\/index.php\/wp-json\/wp\/v2\/types\/product"}],"replies":[{"embeddable":true,"href":"https:\/\/quasarhomecenter.com\/index.php\/wp-json\/wp\/v2\/comments?post=2351"}],"wp:featuredmedia":[{"embeddable":true,"href":"https:\/\/quasarhomecenter.com\/index.php\/wp-json\/wp\/v2\/media\/2352"}],"wp:attachment":[{"href":"https:\/\/quasarhomecenter.com\/index.php\/wp-json\/wp\/v2\/media?parent=2351"}],"wp:term":[{"taxonomy":"product_cat","embeddable":true,"href":"https:\/\/quasarhomecenter.com\/index.php\/wp-json\/wp\/v2\/product_cat?post=2351"},{"taxonomy":"product_tag","embeddable":true,"href":"https:\/\/quasarhomecenter.com\/index.php\/wp-json\/wp\/v2\/product_tag?post=2351"}],"curies":[{"name":"wp","href":"https:\/\/api.w.org\/{rel}","templated":true}]}}