{"id":2355,"date":"2023-10-26T17:37:23","date_gmt":"2023-10-26T20:37:23","guid":{"rendered":"https:\/\/quasarhomecenter.com\/?post_type=product&#038;p=2355"},"modified":"2023-12-01T10:40:49","modified_gmt":"2023-12-01T13:40:49","slug":"calentador-instantaneo-2","status":"publish","type":"product","link":"https:\/\/quasarhomecenter.com\/index.php\/product\/calentador-instantaneo-2\/","title":{"rendered":"Calentador Instant\u00e1neo"},"content":{"rendered":"\n<h2 class=\"wp-block-heading has-vivid-cyan-blue-color has-text-color\" id=\"block-976da0c3-543e-43ca-92e9-676e1f1c63dd\"><br><br>Caracter\u00edsticas destacadas<\/h2>\n\n\n\n<p>El calentador instant\u00e1neo presenta un robusto gabinete de acero inoxidable para mayor durabilidad. Su intercambiador t\u00e9rmico de cobre asegura una eficiente transferencia de calor. Con un indicador de temperatura digital, proporciona informaci\u00f3n clara y precisa. Funciona con tiro natural para una ventilaci\u00f3n adecuada.<\/p>\n\n\n\n<p>Calentador Instant\u00e1neo<br>Gabinete Acero Inox.<br>Intercambiador T\u00e9rmico de cobre<br>Indicador de temperatura digital<br>Tiro Natural<br>C\u00f3digo 11661<\/p>\n\n\n\n<h3 class=\"wp-block-heading has-vivid-cyan-blue-color has-text-color\" id=\"block-ffc54252-16f1-4b78-acaf-87f40ab85a62\">Caracter\u00edsticas generales<\/h3>\n\n\n\n<figure class=\"wp-block-table\"><table><tbody><tr><td><strong>Marca<\/strong><\/td><td>ONE<\/td><\/tr><tr><td><strong>Modelo<\/strong><\/td><td>Calentador Instant\u00e1neo<\/td><\/tr><tr><td><strong>Voltaje<\/strong><\/td><td>220V<\/td><\/tr><tr><td><strong>Color<\/strong><\/td><td>Plateado y Negro<\/td><\/tr><tr><td><strong>Tipo de Montaje<\/strong><\/td><td>Pared<\/td><\/tr><\/tbody><\/table><\/figure>\n\n\n\n<h2 class=\"wp-block-heading has-vivid-cyan-blue-color has-text-color\" id=\"block-353f3aa6-edcd-4fbf-83d6-98c182802e27\">Dimensiones y peso<\/h2>\n\n\n\n<p id=\"block-b5f2f28e-5c09-44a9-a826-64b647c14219\">Largo:&nbsp;44 cm<\/p>\n\n\n\n<p id=\"block-4049bf29-423a-4253-b234-8532cf004604\">Ancho: 30 cm<\/p>\n\n\n\n<p id=\"block-4427bca0-e8dd-4cb2-8bcc-583163f632ce\">Alto: 14 cm<\/p>\n","protected":false},"excerpt":{"rendered":"<p>Gabinete Acero Inox.<br \/>Intercambiador T\u00e9rmico de cobre<br \/>Indicador de temperatura digital<br \/>44x30x14 cm \/ Tiro natural<br \/>C\u00f3digo 11661<\/p>\n","protected":false},"featured_media":2356,"comment_status":"open","ping_status":"closed","template":"","meta":{"om_disable_all_campaigns":false,"_uag_custom_page_level_css":"","_monsterinsights_skip_tracking":false,"_monsterinsights_sitenote_active":false,"_monsterinsights_sitenote_note":"","_monsterinsights_sitenote_category":0},"product_cat":[29],"product_tag":[67],"class_list":{"0":"post-2355","1":"product","2":"type-product","3":"status-publish","4":"has-post-thumbnail","6":"product_cat-electrodomesticos","7":"product_tag-calentador-instantaneo-a-supergas","9":"first","10":"instock","11":"shipping-taxable","12":"purchasable","13":"product-type-simple"},"aioseo_notices":[],"jetpack_sharing_enabled":true,"uagb_featured_image_src":{"full":["https:\/\/quasarhomecenter.com\/wp-content\/uploads\/2023\/10\/image-removebg-preview-73.png",366,612,false],"thumbnail":["https:\/\/quasarhomecenter.com\/wp-content\/uploads\/2023\/10\/image-removebg-preview-73-150x150.png",150,150,true],"medium":["https:\/\/quasarhomecenter.com\/wp-content\/uploads\/2023\/10\/image-removebg-preview-73-179x300.png",179,300,true],"medium_large":["https:\/\/quasarhomecenter.com\/wp-content\/uploads\/2023\/10\/image-removebg-preview-73.png",366,612,false],"large":["https:\/\/quasarhomecenter.com\/wp-content\/uploads\/2023\/10\/image-removebg-preview-73.png",366,612,false],"1536x1536":["https:\/\/quasarhomecenter.com\/wp-content\/uploads\/2023\/10\/image-removebg-preview-73.png",366,612,false],"2048x2048":["https:\/\/quasarhomecenter.com\/wp-content\/uploads\/2023\/10\/image-removebg-preview-73.png",366,612,false],"mailpoet_newsletter_max":["https:\/\/quasarhomecenter.com\/wp-content\/uploads\/2023\/10\/image-removebg-preview-73.png",366,612,false],"woocommerce_thumbnail":["https:\/\/quasarhomecenter.com\/wp-content\/uploads\/2023\/10\/image-removebg-preview-73-300x300.png",300,300,true],"woocommerce_single":["https:\/\/quasarhomecenter.com\/wp-content\/uploads\/2023\/10\/image-removebg-preview-73.png",366,612,false],"woocommerce_gallery_thumbnail":["https:\/\/quasarhomecenter.com\/wp-content\/uploads\/2023\/10\/image-removebg-preview-73-100x100.png",100,100,true]},"uagb_author_info":{"display_name":"quasarhomecenter.com","author_link":"https:\/\/quasarhomecenter.com\/index.php\/author\/"},"uagb_comment_info":0,"uagb_excerpt":"Gabinete Acero Inox.Intercambiador T\u00e9rmico de cobreIndicador de temperatura digital44x30x14 cm \/ Tiro naturalC\u00f3digo 11661","_links":{"self":[{"href":"https:\/\/quasarhomecenter.com\/index.php\/wp-json\/wp\/v2\/product\/2355","targetHints":{"allow":["GET"]}}],"collection":[{"href":"https:\/\/quasarhomecenter.com\/index.php\/wp-json\/wp\/v2\/product"}],"about":[{"href":"https:\/\/quasarhomecenter.com\/index.php\/wp-json\/wp\/v2\/types\/product"}],"replies":[{"embeddable":true,"href":"https:\/\/quasarhomecenter.com\/index.php\/wp-json\/wp\/v2\/comments?post=2355"}],"wp:featuredmedia":[{"embeddable":true,"href":"https:\/\/quasarhomecenter.com\/index.php\/wp-json\/wp\/v2\/media\/2356"}],"wp:attachment":[{"href":"https:\/\/quasarhomecenter.com\/index.php\/wp-json\/wp\/v2\/media?parent=2355"}],"wp:term":[{"taxonomy":"product_cat","embeddable":true,"href":"https:\/\/quasarhomecenter.com\/index.php\/wp-json\/wp\/v2\/product_cat?post=2355"},{"taxonomy":"product_tag","embeddable":true,"href":"https:\/\/quasarhomecenter.com\/index.php\/wp-json\/wp\/v2\/product_tag?post=2355"}],"curies":[{"name":"wp","href":"https:\/\/api.w.org\/{rel}","templated":true}]}}