{"id":2361,"date":"2023-10-26T17:43:07","date_gmt":"2023-10-26T20:43:07","guid":{"rendered":"https:\/\/quasarhomecenter.com\/?post_type=product&#038;p=2361"},"modified":"2023-12-01T11:00:27","modified_gmt":"2023-12-01T14:00:27","slug":"calentador-instantaneo-5","status":"publish","type":"product","link":"https:\/\/quasarhomecenter.com\/index.php\/product\/calentador-instantaneo-5\/","title":{"rendered":"Calentador Instant\u00e1neo"},"content":{"rendered":"\n<h2 class=\"wp-block-heading has-vivid-cyan-blue-color has-text-color\" id=\"block-976da0c3-543e-43ca-92e9-676e1f1c63dd\"><br><br>Caracter\u00edsticas destacadas<\/h2>\n\n\n\n<p id=\"block-8119b533-2ecb-40de-a5cb-c599cea22fbd\">El calentador instant\u00e1neo presenta un resistente gabinete de acero inoxidable que contribuye a su durabilidad y est\u00e9tica. Su intercambiador t\u00e9rmico de cobre asegura una transferencia eficiente de calor. Incorpora un indicador de temperatura digital para proporcionar informaci\u00f3n clara y precisa sobre la temperatura del agua. Este conjunto de caracter\u00edsticas lo convierte en una opci\u00f3n pr\u00e1ctica y eficiente para el suministro instant\u00e1neo de agua caliente.<\/p>\n\n\n\n<p>Calentador Inst\u00e1ntaneo<br>Gabinete Acero Inox.<br>Intercambiador T\u00e9rmico de cobre<br>Indicador de temperatura digital<br>C\u00f3digo 11663<\/p>\n\n\n\n<h3 class=\"wp-block-heading has-vivid-cyan-blue-color has-text-color\" id=\"block-ffc54252-16f1-4b78-acaf-87f40ab85a62\">Caracter\u00edsticas generales<\/h3>\n\n\n\n<figure class=\"wp-block-table\"><table><tbody><tr><td><strong>Marca<\/strong><\/td><td>ONE<\/td><\/tr><tr><td><strong>Modelo<\/strong><\/td><td>Calentador Instant\u00e1neo<\/td><\/tr><tr><td><strong>Voltaje<\/strong><\/td><td>220V<\/td><\/tr><tr><td><strong>Color<\/strong><\/td><td>Plateado y Negro<\/td><\/tr><tr><td><strong>Tipo de Montaje<\/strong><\/td><td>Pared<\/td><\/tr><\/tbody><\/table><\/figure>\n\n\n\n<h2 class=\"wp-block-heading has-vivid-cyan-blue-color has-text-color\" id=\"block-353f3aa6-edcd-4fbf-83d6-98c182802e27\">Dimensiones y peso<\/h2>\n\n\n\n<p id=\"block-b5f2f28e-5c09-44a9-a826-64b647c14219\">Largo:\u00a059 cm<\/p>\n\n\n\n<p id=\"block-4049bf29-423a-4253-b234-8532cf004604\">Ancho: 34 cm<\/p>\n\n\n\n<p id=\"block-4427bca0-e8dd-4cb2-8bcc-583163f632ce\">Alto: 14 cm<\/p>\n","protected":false},"excerpt":{"rendered":"<p>Gabinete Acero Inox.<br \/>Intercambiador T\u00e9rmico de cobre<br \/>Indicador de temperatura digital<br \/>59x34x14 cm \/ Tiro natural<br \/>C\u00f3digo 11663<\/p>\n","protected":false},"featured_media":2362,"comment_status":"open","ping_status":"closed","template":"","meta":{"om_disable_all_campaigns":false,"_uag_custom_page_level_css":"","_monsterinsights_skip_tracking":false,"_monsterinsights_sitenote_active":false,"_monsterinsights_sitenote_note":"","_monsterinsights_sitenote_category":0},"product_cat":[29],"product_tag":[67],"class_list":{"0":"post-2361","1":"product","2":"type-product","3":"status-publish","4":"has-post-thumbnail","6":"product_cat-electrodomesticos","7":"product_tag-calentador-instantaneo-a-supergas","9":"first","10":"instock","11":"shipping-taxable","12":"purchasable","13":"product-type-simple"},"aioseo_notices":[],"jetpack_sharing_enabled":true,"uagb_featured_image_src":{"full":["https:\/\/quasarhomecenter.com\/wp-content\/uploads\/2023\/10\/image-removebg-preview-76.png",386,646,false],"thumbnail":["https:\/\/quasarhomecenter.com\/wp-content\/uploads\/2023\/10\/image-removebg-preview-76-150x150.png",150,150,true],"medium":["https:\/\/quasarhomecenter.com\/wp-content\/uploads\/2023\/10\/image-removebg-preview-76-179x300.png",179,300,true],"medium_large":["https:\/\/quasarhomecenter.com\/wp-content\/uploads\/2023\/10\/image-removebg-preview-76.png",386,646,false],"large":["https:\/\/quasarhomecenter.com\/wp-content\/uploads\/2023\/10\/image-removebg-preview-76.png",386,646,false],"1536x1536":["https:\/\/quasarhomecenter.com\/wp-content\/uploads\/2023\/10\/image-removebg-preview-76.png",386,646,false],"2048x2048":["https:\/\/quasarhomecenter.com\/wp-content\/uploads\/2023\/10\/image-removebg-preview-76.png",386,646,false],"mailpoet_newsletter_max":["https:\/\/quasarhomecenter.com\/wp-content\/uploads\/2023\/10\/image-removebg-preview-76.png",386,646,false],"woocommerce_thumbnail":["https:\/\/quasarhomecenter.com\/wp-content\/uploads\/2023\/10\/image-removebg-preview-76-300x300.png",300,300,true],"woocommerce_single":["https:\/\/quasarhomecenter.com\/wp-content\/uploads\/2023\/10\/image-removebg-preview-76.png",386,646,false],"woocommerce_gallery_thumbnail":["https:\/\/quasarhomecenter.com\/wp-content\/uploads\/2023\/10\/image-removebg-preview-76-100x100.png",100,100,true]},"uagb_author_info":{"display_name":"quasarhomecenter.com","author_link":"https:\/\/quasarhomecenter.com\/index.php\/author\/"},"uagb_comment_info":0,"uagb_excerpt":"Gabinete Acero Inox.Intercambiador T\u00e9rmico de cobreIndicador de temperatura digital59x34x14 cm \/ Tiro naturalC\u00f3digo 11663","_links":{"self":[{"href":"https:\/\/quasarhomecenter.com\/index.php\/wp-json\/wp\/v2\/product\/2361","targetHints":{"allow":["GET"]}}],"collection":[{"href":"https:\/\/quasarhomecenter.com\/index.php\/wp-json\/wp\/v2\/product"}],"about":[{"href":"https:\/\/quasarhomecenter.com\/index.php\/wp-json\/wp\/v2\/types\/product"}],"replies":[{"embeddable":true,"href":"https:\/\/quasarhomecenter.com\/index.php\/wp-json\/wp\/v2\/comments?post=2361"}],"wp:featuredmedia":[{"embeddable":true,"href":"https:\/\/quasarhomecenter.com\/index.php\/wp-json\/wp\/v2\/media\/2362"}],"wp:attachment":[{"href":"https:\/\/quasarhomecenter.com\/index.php\/wp-json\/wp\/v2\/media?parent=2361"}],"wp:term":[{"taxonomy":"product_cat","embeddable":true,"href":"https:\/\/quasarhomecenter.com\/index.php\/wp-json\/wp\/v2\/product_cat?post=2361"},{"taxonomy":"product_tag","embeddable":true,"href":"https:\/\/quasarhomecenter.com\/index.php\/wp-json\/wp\/v2\/product_tag?post=2361"}],"curies":[{"name":"wp","href":"https:\/\/api.w.org\/{rel}","templated":true}]}}