{"id":2367,"date":"2023-10-26T17:55:12","date_gmt":"2023-10-26T20:55:12","guid":{"rendered":"https:\/\/quasarhomecenter.com\/?post_type=product&#038;p=2367"},"modified":"2023-12-01T11:15:57","modified_gmt":"2023-12-01T14:15:57","slug":"telefono-sendtel","status":"publish","type":"product","link":"https:\/\/quasarhomecenter.com\/index.php\/product\/telefono-sendtel\/","title":{"rendered":"Tel\u00e9fono SENDTEL"},"content":{"rendered":"\n<h2 class=\"wp-block-heading has-vivid-cyan-blue-color has-text-color\" id=\"block-976da0c3-543e-43ca-92e9-676e1f1c63dd\">Caracter\u00edsticas destacadas<\/h2>\n\n\n\n<p id=\"block-8119b533-2ecb-40de-a5cb-c599cea22fbd\">El tel\u00e9fono SENDTEL modelo TFA mov es un dispositivo m\u00f3vil que combina funcionalidad y movilidad. Este tel\u00e9fono posiblemente ofrece caracter\u00edsticas modernas, como conectividad inal\u00e1mbrica, acceso a aplicaciones, c\u00e1mara integrada y una interfaz f\u00e1cil de usar. Su dise\u00f1o y tama\u00f1o sugieren que est\u00e1 dise\u00f1ado para ser port\u00e1til y conveniente para el uso diario.<\/p>\n\n\n\n<p>Tel\u00e9fono SENDTEL<br>Modelo: TFA mov<\/p>\n\n\n\n<h3 class=\"wp-block-heading has-vivid-cyan-blue-color has-text-color\" id=\"block-ffc54252-16f1-4b78-acaf-87f40ab85a62\">Caracter\u00edsticas generales<\/h3>\n\n\n\n<figure class=\"wp-block-table\"><table><tbody><tr><td><strong>Marca<\/strong><\/td><td>SENDTEL<\/td><\/tr><tr><td><strong>Modelo<\/strong><\/td><td> TFA mov<\/td><\/tr><tr><td><strong>Tipo de Pantalla<\/strong><\/td><td>Digital <\/td><\/tr><tr><td><strong>Color<\/strong><\/td><td>Negro<\/td><\/tr><tr><td><strong>Montable en Pared<\/strong><\/td><td>Si <\/td><\/tr><\/tbody><\/table><\/figure>\n\n\n\n<h2 class=\"wp-block-heading has-vivid-cyan-blue-color has-text-color\" id=\"block-353f3aa6-edcd-4fbf-83d6-98c182802e27\">Dimensiones y peso<\/h2>\n\n\n\n<p id=\"block-b5f2f28e-5c09-44a9-a826-64b647c14219\">Largo:\u00a0 cm<\/p>\n\n\n\n<p id=\"block-4049bf29-423a-4253-b234-8532cf004604\">Ancho: cm<\/p>\n\n\n\n<p id=\"block-4427bca0-e8dd-4cb2-8bcc-583163f632ce\">Alto: cm<\/p>\n","protected":false},"excerpt":{"rendered":"<p>Modelo: TFA mov<br \/>C\u00f3digo: 18311<\/p>\n","protected":false},"featured_media":2366,"comment_status":"open","ping_status":"closed","template":"","meta":{"om_disable_all_campaigns":false,"_uag_custom_page_level_css":"","_monsterinsights_skip_tracking":false,"_monsterinsights_sitenote_active":false,"_monsterinsights_sitenote_note":"","_monsterinsights_sitenote_category":0},"product_cat":[29],"product_tag":[68],"class_list":{"0":"post-2367","1":"product","2":"type-product","3":"status-publish","4":"has-post-thumbnail","6":"product_cat-electrodomesticos","7":"product_tag-telefonos","9":"first","10":"instock","11":"shipping-taxable","12":"purchasable","13":"product-type-simple"},"aioseo_notices":[],"jetpack_sharing_enabled":true,"uagb_featured_image_src":{"full":["https:\/\/quasarhomecenter.com\/wp-content\/uploads\/2023\/10\/image-removebg-preview-79.png",431,489,false],"thumbnail":["https:\/\/quasarhomecenter.com\/wp-content\/uploads\/2023\/10\/image-removebg-preview-79-150x150.png",150,150,true],"medium":["https:\/\/quasarhomecenter.com\/wp-content\/uploads\/2023\/10\/image-removebg-preview-79-264x300.png",264,300,true],"medium_large":["https:\/\/quasarhomecenter.com\/wp-content\/uploads\/2023\/10\/image-removebg-preview-79.png",431,489,false],"large":["https:\/\/quasarhomecenter.com\/wp-content\/uploads\/2023\/10\/image-removebg-preview-79.png",431,489,false],"1536x1536":["https:\/\/quasarhomecenter.com\/wp-content\/uploads\/2023\/10\/image-removebg-preview-79.png",431,489,false],"2048x2048":["https:\/\/quasarhomecenter.com\/wp-content\/uploads\/2023\/10\/image-removebg-preview-79.png",431,489,false],"mailpoet_newsletter_max":["https:\/\/quasarhomecenter.com\/wp-content\/uploads\/2023\/10\/image-removebg-preview-79.png",431,489,false],"woocommerce_thumbnail":["https:\/\/quasarhomecenter.com\/wp-content\/uploads\/2023\/10\/image-removebg-preview-79-300x300.png",300,300,true],"woocommerce_single":["https:\/\/quasarhomecenter.com\/wp-content\/uploads\/2023\/10\/image-removebg-preview-79.png",431,489,false],"woocommerce_gallery_thumbnail":["https:\/\/quasarhomecenter.com\/wp-content\/uploads\/2023\/10\/image-removebg-preview-79-100x100.png",100,100,true]},"uagb_author_info":{"display_name":"quasarhomecenter.com","author_link":"https:\/\/quasarhomecenter.com\/index.php\/author\/"},"uagb_comment_info":0,"uagb_excerpt":"Modelo: TFA movC\u00f3digo: 18311","_links":{"self":[{"href":"https:\/\/quasarhomecenter.com\/index.php\/wp-json\/wp\/v2\/product\/2367","targetHints":{"allow":["GET"]}}],"collection":[{"href":"https:\/\/quasarhomecenter.com\/index.php\/wp-json\/wp\/v2\/product"}],"about":[{"href":"https:\/\/quasarhomecenter.com\/index.php\/wp-json\/wp\/v2\/types\/product"}],"replies":[{"embeddable":true,"href":"https:\/\/quasarhomecenter.com\/index.php\/wp-json\/wp\/v2\/comments?post=2367"}],"wp:featuredmedia":[{"embeddable":true,"href":"https:\/\/quasarhomecenter.com\/index.php\/wp-json\/wp\/v2\/media\/2366"}],"wp:attachment":[{"href":"https:\/\/quasarhomecenter.com\/index.php\/wp-json\/wp\/v2\/media?parent=2367"}],"wp:term":[{"taxonomy":"product_cat","embeddable":true,"href":"https:\/\/quasarhomecenter.com\/index.php\/wp-json\/wp\/v2\/product_cat?post=2367"},{"taxonomy":"product_tag","embeddable":true,"href":"https:\/\/quasarhomecenter.com\/index.php\/wp-json\/wp\/v2\/product_tag?post=2367"}],"curies":[{"name":"wp","href":"https:\/\/api.w.org\/{rel}","templated":true}]}}