{"id":2374,"date":"2023-10-26T18:03:14","date_gmt":"2023-10-26T21:03:14","guid":{"rendered":"https:\/\/quasarhomecenter.com\/?post_type=product&#038;p=2374"},"modified":"2023-12-01T11:30:43","modified_gmt":"2023-12-01T14:30:43","slug":"telefono-callerid","status":"publish","type":"product","link":"https:\/\/quasarhomecenter.com\/index.php\/product\/telefono-callerid\/","title":{"rendered":"Tel\u00e9fono CallerID"},"content":{"rendered":"\n<h2 class=\"wp-block-heading has-vivid-cyan-blue-color has-text-color\" id=\"block-199b68fd-5011-407b-ab3a-fcec35e4be3b\">Caracter\u00edsticas destacadas<\/h2>\n\n\n\n<p id=\"block-7dd233f1-c277-4630-bbd1-c7ca41a56661\">El tel\u00e9fono CallerID modelo KX TSC 603 es un dispositivo de comunicaci\u00f3n que ofrece la funcionalidad de identificaci\u00f3n de llamadas. Este tel\u00e9fono posiblemente incluye caracter\u00edsticas est\u00e1ndar de telefon\u00eda, como realizar y recibir llamadas, y cuenta con la capacidad adicional de mostrar informaci\u00f3n de identificaci\u00f3n de llamadas en una pantalla incorporada.<\/p>\n\n\n\n<p>Tel\u00e9fono CallerID<br>Modelo: KX TSC 603<br>C\u00f3digo: 10361<\/p>\n\n\n\n<h3 class=\"wp-block-heading has-vivid-cyan-blue-color has-text-color\" id=\"block-0911cbf5-a1b0-495d-82e2-2bf3300b3caf\">Caracter\u00edsticas generales<\/h3>\n\n\n\n<figure class=\"wp-block-table\"><table><tbody><tr><td><strong>Marca<\/strong><\/td><td>CallerID<\/td><\/tr><tr><td><strong>Modelo<\/strong><\/td><td>KX TSC 603<\/td><\/tr><tr><td><strong>Tipo de Pantalla<\/strong><\/td><td>Digital<\/td><\/tr><tr><td><strong>Color<\/strong><\/td><td>Negro<\/td><\/tr><tr><td><strong>Montable en Pared<\/strong><\/td><td>Si<\/td><\/tr><\/tbody><\/table><\/figure>\n\n\n\n<h2 class=\"wp-block-heading has-vivid-cyan-blue-color has-text-color\" id=\"block-2e2cd76a-f543-4910-82ea-9f5e2a42accd\">Dimensiones y peso<\/h2>\n\n\n\n<p id=\"block-58263964-1464-437c-99ef-f9bc7e1e2d92\">Largo:&nbsp; cm<\/p>\n\n\n\n<p id=\"block-dc64588f-6050-42e8-9a63-b91cda4b86e9\">Ancho: cm<\/p>\n\n\n\n<p id=\"block-718cd6a7-04a9-4e41-b468-06944dc8d3a5\">Alto: cm<\/p>\n","protected":false},"excerpt":{"rendered":"<p>Modelo: KX TSC 603<br \/>C\u00f3digo: 10361<\/p>\n","protected":false},"featured_media":2375,"comment_status":"open","ping_status":"closed","template":"","meta":{"om_disable_all_campaigns":false,"_uag_custom_page_level_css":"","_monsterinsights_skip_tracking":false,"_monsterinsights_sitenote_active":false,"_monsterinsights_sitenote_note":"","_monsterinsights_sitenote_category":0},"product_cat":[29],"product_tag":[68],"class_list":{"0":"post-2374","1":"product","2":"type-product","3":"status-publish","4":"has-post-thumbnail","6":"product_cat-electrodomesticos","7":"product_tag-telefonos","9":"first","10":"instock","11":"shipping-taxable","12":"purchasable","13":"product-type-simple"},"aioseo_notices":[],"jetpack_sharing_enabled":true,"uagb_featured_image_src":{"full":["https:\/\/quasarhomecenter.com\/wp-content\/uploads\/2023\/10\/image-removebg-preview-82.png",562,444,false],"thumbnail":["https:\/\/quasarhomecenter.com\/wp-content\/uploads\/2023\/10\/image-removebg-preview-82-150x150.png",150,150,true],"medium":["https:\/\/quasarhomecenter.com\/wp-content\/uploads\/2023\/10\/image-removebg-preview-82-300x237.png",300,237,true],"medium_large":["https:\/\/quasarhomecenter.com\/wp-content\/uploads\/2023\/10\/image-removebg-preview-82.png",562,444,false],"large":["https:\/\/quasarhomecenter.com\/wp-content\/uploads\/2023\/10\/image-removebg-preview-82.png",562,444,false],"1536x1536":["https:\/\/quasarhomecenter.com\/wp-content\/uploads\/2023\/10\/image-removebg-preview-82.png",562,444,false],"2048x2048":["https:\/\/quasarhomecenter.com\/wp-content\/uploads\/2023\/10\/image-removebg-preview-82.png",562,444,false],"mailpoet_newsletter_max":["https:\/\/quasarhomecenter.com\/wp-content\/uploads\/2023\/10\/image-removebg-preview-82.png",562,444,false],"woocommerce_thumbnail":["https:\/\/quasarhomecenter.com\/wp-content\/uploads\/2023\/10\/image-removebg-preview-82-300x300.png",300,300,true],"woocommerce_single":["https:\/\/quasarhomecenter.com\/wp-content\/uploads\/2023\/10\/image-removebg-preview-82.png",562,444,false],"woocommerce_gallery_thumbnail":["https:\/\/quasarhomecenter.com\/wp-content\/uploads\/2023\/10\/image-removebg-preview-82-100x100.png",100,100,true]},"uagb_author_info":{"display_name":"quasarhomecenter.com","author_link":"https:\/\/quasarhomecenter.com\/index.php\/author\/"},"uagb_comment_info":0,"uagb_excerpt":"Modelo: KX TSC 603C\u00f3digo: 10361","_links":{"self":[{"href":"https:\/\/quasarhomecenter.com\/index.php\/wp-json\/wp\/v2\/product\/2374","targetHints":{"allow":["GET"]}}],"collection":[{"href":"https:\/\/quasarhomecenter.com\/index.php\/wp-json\/wp\/v2\/product"}],"about":[{"href":"https:\/\/quasarhomecenter.com\/index.php\/wp-json\/wp\/v2\/types\/product"}],"replies":[{"embeddable":true,"href":"https:\/\/quasarhomecenter.com\/index.php\/wp-json\/wp\/v2\/comments?post=2374"}],"wp:featuredmedia":[{"embeddable":true,"href":"https:\/\/quasarhomecenter.com\/index.php\/wp-json\/wp\/v2\/media\/2375"}],"wp:attachment":[{"href":"https:\/\/quasarhomecenter.com\/index.php\/wp-json\/wp\/v2\/media?parent=2374"}],"wp:term":[{"taxonomy":"product_cat","embeddable":true,"href":"https:\/\/quasarhomecenter.com\/index.php\/wp-json\/wp\/v2\/product_cat?post=2374"},{"taxonomy":"product_tag","embeddable":true,"href":"https:\/\/quasarhomecenter.com\/index.php\/wp-json\/wp\/v2\/product_tag?post=2374"}],"curies":[{"name":"wp","href":"https:\/\/api.w.org\/{rel}","templated":true}]}}