{"id":2376,"date":"2023-10-26T18:06:03","date_gmt":"2023-10-26T21:06:03","guid":{"rendered":"https:\/\/quasarhomecenter.com\/?post_type=product&#038;p=2376"},"modified":"2023-12-01T11:34:17","modified_gmt":"2023-12-01T14:34:17","slug":"telefono-caller-id","status":"publish","type":"product","link":"https:\/\/quasarhomecenter.com\/index.php\/product\/telefono-caller-id\/","title":{"rendered":"Tel\u00e9fono Caller ID"},"content":{"rendered":"\n<h2 class=\"wp-block-heading has-vivid-cyan-blue-color has-text-color\" id=\"block-199b68fd-5011-407b-ab3a-fcec35e4be3b\">Caracter\u00edsticas destacadas<\/h2>\n\n\n\n<p id=\"block-7dd233f1-c277-4630-bbd1-c7ca41a56661\">El tel\u00e9fono CallerID modelo KX TSC6035 es un dispositivo de comunicaci\u00f3n que ofrece la funcionalidad de identificaci\u00f3n de llamadas. Este tel\u00e9fono posiblemente incluye caracter\u00edsticas est\u00e1ndar de telefon\u00eda, como realizar y recibir llamadas, y cuenta con la capacidad adicional de mostrar informaci\u00f3n de identificaci\u00f3n de llamadas en una pantalla incorporada.<\/p>\n\n\n\n<p>Tel\u00e9fono CallerID<br>Modelo KX TSC6035<br>C\u00f3digo 10363<\/p>\n\n\n\n<h3 class=\"wp-block-heading has-vivid-cyan-blue-color has-text-color\" id=\"block-0911cbf5-a1b0-495d-82e2-2bf3300b3caf\">Caracter\u00edsticas generales<\/h3>\n\n\n\n<figure class=\"wp-block-table\"><table><tbody><tr><td><strong>Marca<\/strong><\/td><td>CallerID<\/td><\/tr><tr><td><strong>Modelo<\/strong><\/td><td>KX TSC6035<\/td><\/tr><tr><td><strong>Tipo de Pantalla<\/strong><\/td><td>Digital<\/td><\/tr><tr><td><strong>Color<\/strong><\/td><td>Blanco<\/td><\/tr><tr><td><strong>Montable en Pared<\/strong><\/td><td>Si<\/td><\/tr><\/tbody><\/table><\/figure>\n\n\n\n<h2 class=\"wp-block-heading has-vivid-cyan-blue-color has-text-color\" id=\"block-2e2cd76a-f543-4910-82ea-9f5e2a42accd\">Dimensiones y peso<\/h2>\n\n\n\n<p id=\"block-58263964-1464-437c-99ef-f9bc7e1e2d92\">Largo:&nbsp; cm<\/p>\n\n\n\n<p id=\"block-dc64588f-6050-42e8-9a63-b91cda4b86e9\">Ancho: cm<\/p>\n\n\n\n<p id=\"block-718cd6a7-04a9-4e41-b468-06944dc8d3a5\">Alto: cm<\/p>\n","protected":false},"excerpt":{"rendered":"<p>Modelo KX TSC6035 <br \/>C\u00f3digo 10363<\/p>\n","protected":false},"featured_media":2377,"comment_status":"open","ping_status":"closed","template":"","meta":{"om_disable_all_campaigns":false,"_uag_custom_page_level_css":"","_monsterinsights_skip_tracking":false,"_monsterinsights_sitenote_active":false,"_monsterinsights_sitenote_note":"","_monsterinsights_sitenote_category":0},"product_cat":[29],"product_tag":[68],"class_list":{"0":"post-2376","1":"product","2":"type-product","3":"status-publish","4":"has-post-thumbnail","6":"product_cat-electrodomesticos","7":"product_tag-telefonos","9":"first","10":"instock","11":"shipping-taxable","12":"purchasable","13":"product-type-simple"},"aioseo_notices":[],"jetpack_sharing_enabled":true,"uagb_featured_image_src":{"full":["https:\/\/quasarhomecenter.com\/wp-content\/uploads\/2023\/10\/image-removebg-preview-83.png",213,164,false],"thumbnail":["https:\/\/quasarhomecenter.com\/wp-content\/uploads\/2023\/10\/image-removebg-preview-83-150x150.png",150,150,true],"medium":["https:\/\/quasarhomecenter.com\/wp-content\/uploads\/2023\/10\/image-removebg-preview-83.png",213,164,false],"medium_large":["https:\/\/quasarhomecenter.com\/wp-content\/uploads\/2023\/10\/image-removebg-preview-83.png",213,164,false],"large":["https:\/\/quasarhomecenter.com\/wp-content\/uploads\/2023\/10\/image-removebg-preview-83.png",213,164,false],"1536x1536":["https:\/\/quasarhomecenter.com\/wp-content\/uploads\/2023\/10\/image-removebg-preview-83.png",213,164,false],"2048x2048":["https:\/\/quasarhomecenter.com\/wp-content\/uploads\/2023\/10\/image-removebg-preview-83.png",213,164,false],"mailpoet_newsletter_max":["https:\/\/quasarhomecenter.com\/wp-content\/uploads\/2023\/10\/image-removebg-preview-83.png",213,164,false],"woocommerce_thumbnail":["https:\/\/quasarhomecenter.com\/wp-content\/uploads\/2023\/10\/image-removebg-preview-83.png",213,164,false],"woocommerce_single":["https:\/\/quasarhomecenter.com\/wp-content\/uploads\/2023\/10\/image-removebg-preview-83.png",213,164,false],"woocommerce_gallery_thumbnail":["https:\/\/quasarhomecenter.com\/wp-content\/uploads\/2023\/10\/image-removebg-preview-83-100x100.png",100,100,true]},"uagb_author_info":{"display_name":"quasarhomecenter.com","author_link":"https:\/\/quasarhomecenter.com\/index.php\/author\/"},"uagb_comment_info":0,"uagb_excerpt":"Modelo KX TSC6035 C\u00f3digo 10363","_links":{"self":[{"href":"https:\/\/quasarhomecenter.com\/index.php\/wp-json\/wp\/v2\/product\/2376","targetHints":{"allow":["GET"]}}],"collection":[{"href":"https:\/\/quasarhomecenter.com\/index.php\/wp-json\/wp\/v2\/product"}],"about":[{"href":"https:\/\/quasarhomecenter.com\/index.php\/wp-json\/wp\/v2\/types\/product"}],"replies":[{"embeddable":true,"href":"https:\/\/quasarhomecenter.com\/index.php\/wp-json\/wp\/v2\/comments?post=2376"}],"wp:featuredmedia":[{"embeddable":true,"href":"https:\/\/quasarhomecenter.com\/index.php\/wp-json\/wp\/v2\/media\/2377"}],"wp:attachment":[{"href":"https:\/\/quasarhomecenter.com\/index.php\/wp-json\/wp\/v2\/media?parent=2376"}],"wp:term":[{"taxonomy":"product_cat","embeddable":true,"href":"https:\/\/quasarhomecenter.com\/index.php\/wp-json\/wp\/v2\/product_cat?post=2376"},{"taxonomy":"product_tag","embeddable":true,"href":"https:\/\/quasarhomecenter.com\/index.php\/wp-json\/wp\/v2\/product_tag?post=2376"}],"curies":[{"name":"wp","href":"https:\/\/api.w.org\/{rel}","templated":true}]}}