{"id":2392,"date":"2023-10-27T14:16:51","date_gmt":"2023-10-27T17:16:51","guid":{"rendered":"https:\/\/quasarhomecenter.com\/?post_type=product&#038;p=2392"},"modified":"2023-12-01T17:04:58","modified_gmt":"2023-12-01T20:04:58","slug":"telefono-n-inc-3","status":"publish","type":"product","link":"https:\/\/quasarhomecenter.com\/index.php\/product\/telefono-n-inc-3\/","title":{"rendered":"Tel\u00e9fono N.INC"},"content":{"rendered":"\n<h2 class=\"wp-block-heading has-vivid-cyan-blue-color has-text-color\" id=\"block-8e53d7b4-9999-4d26-a374-170a41a296d2\">Caracter\u00edsticas destacadas<\/h2>\n\n\n\n<p id=\"block-68ff2f30-b4a5-4dec-aa36-9b67beff3063\">El tel\u00e9fono N.INC modelo KXT-580, con el c\u00f3digo 18309, es un dispositivo de comunicaci\u00f3n que ofrece funciones est\u00e1ndar de telefon\u00eda, como realizar y recibir llamadas. Es probable que incluya caracter\u00edsticas adicionales, como la funcionalidad de identificaci\u00f3n de llamadas (CallerID), permitiendo mostrar informaci\u00f3n detallada sobre las llamadas entrantes en una pantalla integrada<\/p>\n\n\n\n<p>Tel\u00e9fono N.INC<br>Modelo: KXT-580<br>C\u00f3digo: 18309<\/p>\n\n\n\n<h3 class=\"wp-block-heading has-vivid-cyan-blue-color has-text-color\" id=\"block-5c69c13e-c2c0-4cf3-9868-06db38708b19\">Caracter\u00edsticas generales<\/h3>\n\n\n\n<figure class=\"wp-block-table\"><table><tbody><tr><td><strong>Marca<\/strong><\/td><td>N.INC<\/td><\/tr><tr><td><strong>Modelo<\/strong><\/td><td>KXT-580<\/td><\/tr><tr><td><strong>Tipo de Pantalla<\/strong><\/td><td>Digital<\/td><\/tr><tr><td><strong>Color<\/strong><\/td><td>Negro<\/td><\/tr><tr><td><strong>Montable en Pared<\/strong><\/td><td>Si<\/td><\/tr><\/tbody><\/table><\/figure>\n\n\n\n<h2 class=\"wp-block-heading has-vivid-cyan-blue-color has-text-color\" id=\"block-7d6a4a16-30dc-459b-913d-a1349cfeacbe\">Dimensiones y peso<\/h2>\n\n\n\n<p id=\"block-f7218b5f-9b0f-4d18-adb7-620cc703cc0e\">Largo:&nbsp; cm<\/p>\n\n\n\n<p id=\"block-ab71901b-e8ff-46c6-be31-093e067e1fb9\">Ancho: cm<\/p>\n\n\n\n<p id=\"block-86bc3106-36a3-4d4a-8dde-1aecfe9afdf9\">Alto: cm<\/p>\n","protected":false},"excerpt":{"rendered":"<p>Modelo: KXT-580<br \/>C\u00f3digo: 18309<\/p>\n","protected":false},"featured_media":2393,"comment_status":"open","ping_status":"closed","template":"","meta":{"om_disable_all_campaigns":false,"_uag_custom_page_level_css":"","_monsterinsights_skip_tracking":false,"_monsterinsights_sitenote_active":false,"_monsterinsights_sitenote_note":"","_monsterinsights_sitenote_category":0},"product_cat":[29],"product_tag":[68],"class_list":{"0":"post-2392","1":"product","2":"type-product","3":"status-publish","4":"has-post-thumbnail","6":"product_cat-electrodomesticos","7":"product_tag-telefonos","9":"first","10":"instock","11":"shipping-taxable","12":"purchasable","13":"product-type-simple"},"aioseo_notices":[],"jetpack_sharing_enabled":true,"uagb_featured_image_src":{"full":["https:\/\/quasarhomecenter.com\/wp-content\/uploads\/2023\/10\/image-removebg-preview-89.png",331,698,false],"thumbnail":["https:\/\/quasarhomecenter.com\/wp-content\/uploads\/2023\/10\/image-removebg-preview-89-150x150.png",150,150,true],"medium":["https:\/\/quasarhomecenter.com\/wp-content\/uploads\/2023\/10\/image-removebg-preview-89-142x300.png",142,300,true],"medium_large":["https:\/\/quasarhomecenter.com\/wp-content\/uploads\/2023\/10\/image-removebg-preview-89.png",331,698,false],"large":["https:\/\/quasarhomecenter.com\/wp-content\/uploads\/2023\/10\/image-removebg-preview-89.png",331,698,false],"1536x1536":["https:\/\/quasarhomecenter.com\/wp-content\/uploads\/2023\/10\/image-removebg-preview-89.png",331,698,false],"2048x2048":["https:\/\/quasarhomecenter.com\/wp-content\/uploads\/2023\/10\/image-removebg-preview-89.png",331,698,false],"mailpoet_newsletter_max":["https:\/\/quasarhomecenter.com\/wp-content\/uploads\/2023\/10\/image-removebg-preview-89.png",331,698,false],"woocommerce_thumbnail":["https:\/\/quasarhomecenter.com\/wp-content\/uploads\/2023\/10\/image-removebg-preview-89-300x300.png",300,300,true],"woocommerce_single":["https:\/\/quasarhomecenter.com\/wp-content\/uploads\/2023\/10\/image-removebg-preview-89.png",331,698,false],"woocommerce_gallery_thumbnail":["https:\/\/quasarhomecenter.com\/wp-content\/uploads\/2023\/10\/image-removebg-preview-89-100x100.png",100,100,true]},"uagb_author_info":{"display_name":"quasarhomecenter.com","author_link":"https:\/\/quasarhomecenter.com\/index.php\/author\/"},"uagb_comment_info":0,"uagb_excerpt":"Modelo: KXT-580C\u00f3digo: 18309","_links":{"self":[{"href":"https:\/\/quasarhomecenter.com\/index.php\/wp-json\/wp\/v2\/product\/2392","targetHints":{"allow":["GET"]}}],"collection":[{"href":"https:\/\/quasarhomecenter.com\/index.php\/wp-json\/wp\/v2\/product"}],"about":[{"href":"https:\/\/quasarhomecenter.com\/index.php\/wp-json\/wp\/v2\/types\/product"}],"replies":[{"embeddable":true,"href":"https:\/\/quasarhomecenter.com\/index.php\/wp-json\/wp\/v2\/comments?post=2392"}],"wp:featuredmedia":[{"embeddable":true,"href":"https:\/\/quasarhomecenter.com\/index.php\/wp-json\/wp\/v2\/media\/2393"}],"wp:attachment":[{"href":"https:\/\/quasarhomecenter.com\/index.php\/wp-json\/wp\/v2\/media?parent=2392"}],"wp:term":[{"taxonomy":"product_cat","embeddable":true,"href":"https:\/\/quasarhomecenter.com\/index.php\/wp-json\/wp\/v2\/product_cat?post=2392"},{"taxonomy":"product_tag","embeddable":true,"href":"https:\/\/quasarhomecenter.com\/index.php\/wp-json\/wp\/v2\/product_tag?post=2392"}],"curies":[{"name":"wp","href":"https:\/\/api.w.org\/{rel}","templated":true}]}}