{"id":2397,"date":"2023-10-27T14:19:43","date_gmt":"2023-10-27T17:19:43","guid":{"rendered":"https:\/\/quasarhomecenter.com\/?post_type=product&#038;p=2397"},"modified":"2023-12-01T17:16:59","modified_gmt":"2023-12-01T20:16:59","slug":"telefono-callerdid","status":"publish","type":"product","link":"https:\/\/quasarhomecenter.com\/index.php\/product\/telefono-callerdid\/","title":{"rendered":"Tel\u00e9fono CallerdID"},"content":{"rendered":"\n<h2 class=\"wp-block-heading has-vivid-cyan-blue-color has-text-color\" id=\"block-8e53d7b4-9999-4d26-a374-170a41a296d2\">Caracter\u00edsticas destacadas<\/h2>\n\n\n\n<p id=\"block-68ff2f30-b4a5-4dec-aa36-9b67beff3063\">El tel\u00e9fono CallerID modelo T-5901LM es un dispositivo de comunicaci\u00f3n que, al igual que otros modelos previamente mencionados, integra la funcionalidad de identificaci\u00f3n de llamadas (CallerID). Este tel\u00e9fono permite visualizar informaci\u00f3n detallada sobre las llamadas entrantes directamente en su pantalla incorporada.<\/p>\n\n\n\n<p>Tel\u00e9fono CallerdID<br>Modelo: T-5901LM<br>C\u00f3digo: 10364<\/p>\n\n\n\n<h3 class=\"wp-block-heading has-vivid-cyan-blue-color has-text-color\" id=\"block-5c69c13e-c2c0-4cf3-9868-06db38708b19\">Caracter\u00edsticas generales<\/h3>\n\n\n\n<figure class=\"wp-block-table\"><table><tbody><tr><td><strong>Marca<\/strong><\/td><td>CallerdID<\/td><\/tr><tr><td><strong>Modelo<\/strong><\/td><td>T-5901LM<\/td><\/tr><tr><td><strong>Tipo de Pantalla<\/strong><\/td><td>Digital<\/td><\/tr><tr><td><strong>Color<\/strong><\/td><td>Rojo<\/td><\/tr><tr><td><strong>Montable en Pared<\/strong><\/td><td>Si<\/td><\/tr><\/tbody><\/table><\/figure>\n\n\n\n<h2 class=\"wp-block-heading has-vivid-cyan-blue-color has-text-color\" id=\"block-7d6a4a16-30dc-459b-913d-a1349cfeacbe\">Dimensiones y peso<\/h2>\n\n\n\n<p id=\"block-f7218b5f-9b0f-4d18-adb7-620cc703cc0e\">Largo:&nbsp; cm<\/p>\n\n\n\n<p id=\"block-ab71901b-e8ff-46c6-be31-093e067e1fb9\">Ancho: cm<\/p>\n\n\n\n<p id=\"block-86bc3106-36a3-4d4a-8dde-1aecfe9afdf9\">Alto: cm<\/p>\n","protected":false},"excerpt":{"rendered":"<p>Modelo: T-5901LM<br \/>C\u00f3digo: 10364<\/p>\n","protected":false},"featured_media":2398,"comment_status":"open","ping_status":"closed","template":"","meta":{"om_disable_all_campaigns":false,"_uag_custom_page_level_css":"","_monsterinsights_skip_tracking":false,"_monsterinsights_sitenote_active":false,"_monsterinsights_sitenote_note":"","_monsterinsights_sitenote_category":0},"product_cat":[29],"product_tag":[68],"class_list":{"0":"post-2397","1":"product","2":"type-product","3":"status-publish","4":"has-post-thumbnail","6":"product_cat-electrodomesticos","7":"product_tag-telefonos","9":"first","10":"instock","11":"shipping-taxable","12":"purchasable","13":"product-type-simple"},"aioseo_notices":[],"jetpack_sharing_enabled":true,"uagb_featured_image_src":{"full":["https:\/\/quasarhomecenter.com\/wp-content\/uploads\/2023\/10\/image-removebg-preview-91.png",442,510,false],"thumbnail":["https:\/\/quasarhomecenter.com\/wp-content\/uploads\/2023\/10\/image-removebg-preview-91-150x150.png",150,150,true],"medium":["https:\/\/quasarhomecenter.com\/wp-content\/uploads\/2023\/10\/image-removebg-preview-91-260x300.png",260,300,true],"medium_large":["https:\/\/quasarhomecenter.com\/wp-content\/uploads\/2023\/10\/image-removebg-preview-91.png",442,510,false],"large":["https:\/\/quasarhomecenter.com\/wp-content\/uploads\/2023\/10\/image-removebg-preview-91.png",442,510,false],"1536x1536":["https:\/\/quasarhomecenter.com\/wp-content\/uploads\/2023\/10\/image-removebg-preview-91.png",442,510,false],"2048x2048":["https:\/\/quasarhomecenter.com\/wp-content\/uploads\/2023\/10\/image-removebg-preview-91.png",442,510,false],"mailpoet_newsletter_max":["https:\/\/quasarhomecenter.com\/wp-content\/uploads\/2023\/10\/image-removebg-preview-91.png",442,510,false],"woocommerce_thumbnail":["https:\/\/quasarhomecenter.com\/wp-content\/uploads\/2023\/10\/image-removebg-preview-91-300x300.png",300,300,true],"woocommerce_single":["https:\/\/quasarhomecenter.com\/wp-content\/uploads\/2023\/10\/image-removebg-preview-91.png",442,510,false],"woocommerce_gallery_thumbnail":["https:\/\/quasarhomecenter.com\/wp-content\/uploads\/2023\/10\/image-removebg-preview-91-100x100.png",100,100,true]},"uagb_author_info":{"display_name":"quasarhomecenter.com","author_link":"https:\/\/quasarhomecenter.com\/index.php\/author\/"},"uagb_comment_info":0,"uagb_excerpt":"Modelo: T-5901LMC\u00f3digo: 10364","_links":{"self":[{"href":"https:\/\/quasarhomecenter.com\/index.php\/wp-json\/wp\/v2\/product\/2397","targetHints":{"allow":["GET"]}}],"collection":[{"href":"https:\/\/quasarhomecenter.com\/index.php\/wp-json\/wp\/v2\/product"}],"about":[{"href":"https:\/\/quasarhomecenter.com\/index.php\/wp-json\/wp\/v2\/types\/product"}],"replies":[{"embeddable":true,"href":"https:\/\/quasarhomecenter.com\/index.php\/wp-json\/wp\/v2\/comments?post=2397"}],"wp:featuredmedia":[{"embeddable":true,"href":"https:\/\/quasarhomecenter.com\/index.php\/wp-json\/wp\/v2\/media\/2398"}],"wp:attachment":[{"href":"https:\/\/quasarhomecenter.com\/index.php\/wp-json\/wp\/v2\/media?parent=2397"}],"wp:term":[{"taxonomy":"product_cat","embeddable":true,"href":"https:\/\/quasarhomecenter.com\/index.php\/wp-json\/wp\/v2\/product_cat?post=2397"},{"taxonomy":"product_tag","embeddable":true,"href":"https:\/\/quasarhomecenter.com\/index.php\/wp-json\/wp\/v2\/product_tag?post=2397"}],"curies":[{"name":"wp","href":"https:\/\/api.w.org\/{rel}","templated":true}]}}