{"id":2403,"date":"2023-10-27T14:26:48","date_gmt":"2023-10-27T17:26:48","guid":{"rendered":"https:\/\/quasarhomecenter.com\/?post_type=product&#038;p=2403"},"modified":"2023-12-01T17:42:31","modified_gmt":"2023-12-01T20:42:31","slug":"secador-braoua-pro","status":"publish","type":"product","link":"https:\/\/quasarhomecenter.com\/index.php\/product\/secador-braoua-pro\/","title":{"rendered":"Secador Braoua Pro"},"content":{"rendered":"\n<h2 class=\"wp-block-heading has-vivid-cyan-blue-color has-text-color\" id=\"block-54932a0d-8ccb-4b6c-8a17-efc040ed7cfa\"><br>Caracter\u00edsticas destacadas<\/h2>\n\n\n\n<p id=\"block-c82aab1a-b086-4873-ba4b-6c055ce63259\">El secador Braoua Pro modelo BR-8860 es un dispositivo de cuidado capilar dise\u00f1ado para proporcionar un secado eficiente y estilizado del cabello. Este modelo espec\u00edfico, el BR-8860, puede tener caracter\u00edsticas y tecnolog\u00edas espec\u00edficas que optimizan su rendimiento.<\/p>\n\n\n\n<p>Secador Braoua Pro<br>C\u00f3digo 22134<\/p>\n\n\n\n<h3 class=\"wp-block-heading has-vivid-cyan-blue-color has-text-color\" id=\"block-033ad67d-0b73-4512-8741-ffc1853b40c4\">Caracter\u00edsticas generales<\/h3>\n\n\n\n<figure class=\"wp-block-table\"><table><tbody><tr><td><strong>Marca<\/strong><\/td><td>Braoua Pro<\/td><\/tr><tr><td><strong>Modelo<\/strong><\/td><td>BR-8860<\/td><\/tr><tr><td><strong>Color<\/strong><\/td><td>Negro<\/td><\/tr><tr><td><strong>Voltaje<\/strong><\/td><td>220v<\/td><\/tr><tr><td><strong>Potencia<\/strong><\/td><td>4000w<\/td><\/tr><\/tbody><\/table><\/figure>\n\n\n\n<h2 class=\"wp-block-heading has-vivid-cyan-blue-color has-text-color\" id=\"block-3e6b63d3-a7fb-47f0-be6b-672f6a2a85bf\">Dimensiones y peso<\/h2>\n\n\n\n<p id=\"block-1518235e-4892-4247-95b6-dba7d9e7ef28\">Largo:&nbsp; cm<\/p>\n\n\n\n<p id=\"block-618fb72b-6175-48f9-b9d1-5f8ea4612b6f\">Ancho: cm<\/p>\n\n\n\n<p id=\"block-3708fd14-12e1-45b1-9da8-5ef70f8ef439\">Alto: cm<\/p>\n","protected":false},"excerpt":{"rendered":"<p>C\u00f3digo 22134<\/p>\n","protected":false},"featured_media":4711,"comment_status":"open","ping_status":"closed","template":"","meta":{"om_disable_all_campaigns":false,"_uag_custom_page_level_css":"","_monsterinsights_skip_tracking":false,"_monsterinsights_sitenote_active":false,"_monsterinsights_sitenote_note":"","_monsterinsights_sitenote_category":0},"product_cat":[29],"product_tag":[69],"class_list":{"0":"post-2403","1":"product","2":"type-product","3":"status-publish","4":"has-post-thumbnail","6":"product_cat-electrodomesticos","7":"product_tag-cuidado-personal","9":"first","10":"instock","11":"shipping-taxable","12":"purchasable","13":"product-type-simple"},"aioseo_notices":[],"jetpack_sharing_enabled":true,"uagb_featured_image_src":{"full":["https:\/\/quasarhomecenter.com\/wp-content\/uploads\/2023\/11\/22134.png",2955,2955,false],"thumbnail":["https:\/\/quasarhomecenter.com\/wp-content\/uploads\/2023\/11\/22134-150x150.png",150,150,true],"medium":["https:\/\/quasarhomecenter.com\/wp-content\/uploads\/2023\/11\/22134-300x300.png",300,300,true],"medium_large":["https:\/\/quasarhomecenter.com\/wp-content\/uploads\/2023\/11\/22134-768x768.png",768,768,true],"large":["https:\/\/quasarhomecenter.com\/wp-content\/uploads\/2023\/11\/22134-1024x1024.png",1024,1024,true],"1536x1536":["https:\/\/quasarhomecenter.com\/wp-content\/uploads\/2023\/11\/22134-1536x1536.png",1536,1536,true],"2048x2048":["https:\/\/quasarhomecenter.com\/wp-content\/uploads\/2023\/11\/22134-2048x2048.png",2048,2048,true],"mailpoet_newsletter_max":["https:\/\/quasarhomecenter.com\/wp-content\/uploads\/2023\/11\/22134-1320x1320.png",1320,1320,true],"woocommerce_thumbnail":["https:\/\/quasarhomecenter.com\/wp-content\/uploads\/2023\/11\/22134-300x300.png",300,300,true],"woocommerce_single":["https:\/\/quasarhomecenter.com\/wp-content\/uploads\/2023\/11\/22134-600x600.png",600,600,true],"woocommerce_gallery_thumbnail":["https:\/\/quasarhomecenter.com\/wp-content\/uploads\/2023\/11\/22134-100x100.png",100,100,true]},"uagb_author_info":{"display_name":"quasarhomecenter.com","author_link":"https:\/\/quasarhomecenter.com\/index.php\/author\/"},"uagb_comment_info":0,"uagb_excerpt":"C\u00f3digo 22134","_links":{"self":[{"href":"https:\/\/quasarhomecenter.com\/index.php\/wp-json\/wp\/v2\/product\/2403","targetHints":{"allow":["GET"]}}],"collection":[{"href":"https:\/\/quasarhomecenter.com\/index.php\/wp-json\/wp\/v2\/product"}],"about":[{"href":"https:\/\/quasarhomecenter.com\/index.php\/wp-json\/wp\/v2\/types\/product"}],"replies":[{"embeddable":true,"href":"https:\/\/quasarhomecenter.com\/index.php\/wp-json\/wp\/v2\/comments?post=2403"}],"wp:featuredmedia":[{"embeddable":true,"href":"https:\/\/quasarhomecenter.com\/index.php\/wp-json\/wp\/v2\/media\/4711"}],"wp:attachment":[{"href":"https:\/\/quasarhomecenter.com\/index.php\/wp-json\/wp\/v2\/media?parent=2403"}],"wp:term":[{"taxonomy":"product_cat","embeddable":true,"href":"https:\/\/quasarhomecenter.com\/index.php\/wp-json\/wp\/v2\/product_cat?post=2403"},{"taxonomy":"product_tag","embeddable":true,"href":"https:\/\/quasarhomecenter.com\/index.php\/wp-json\/wp\/v2\/product_tag?post=2403"}],"curies":[{"name":"wp","href":"https:\/\/api.w.org\/{rel}","templated":true}]}}