{"id":2406,"date":"2023-10-27T14:28:52","date_gmt":"2023-10-27T17:28:52","guid":{"rendered":"https:\/\/quasarhomecenter.com\/?post_type=product&#038;p=2406"},"modified":"2023-12-01T17:55:23","modified_gmt":"2023-12-01T20:55:23","slug":"secador-nikai","status":"publish","type":"product","link":"https:\/\/quasarhomecenter.com\/index.php\/product\/secador-nikai\/","title":{"rendered":"Secador Nikai"},"content":{"rendered":"\n<h2 class=\"wp-block-heading has-vivid-cyan-blue-color has-text-color\" id=\"block-746a2f01-215e-48ec-99b3-ecb77d63ae46\">Caracter\u00edsticas destacadas<\/h2>\n\n\n\n<p id=\"block-6e2dbfc3-7e6d-48cd-9116-b0f5ce28a503\">El secador Nikai modelo DH-900B es un dispositivo dise\u00f1ado para el cuidado capilar con caracter\u00edsticas espec\u00edficas para proporcionar un secado eficiente y estilizado del cabello.<\/p>\n\n\n\n<p>Secador Nikai<br>Modelo: DH-900B<br>C\u00f3digo 7309<\/p>\n\n\n\n<h3 class=\"wp-block-heading has-vivid-cyan-blue-color has-text-color\" id=\"block-75d43fa6-0315-4b21-9277-e028be7accd0\">Caracter\u00edsticas generales<\/h3>\n\n\n\n<figure class=\"wp-block-table\"><table><tbody><tr><td><strong>Marca<\/strong><\/td><td>Nikai<\/td><\/tr><tr><td><strong>Modelo<\/strong><\/td><td>DH-900B<\/td><\/tr><tr><td><strong>Color<\/strong><\/td><td>Azul<\/td><\/tr><tr><td><strong>Voltaje<\/strong><\/td><td>220v<\/td><\/tr><tr><td><strong>Potencia<\/strong><\/td><td>800w<\/td><\/tr><\/tbody><\/table><\/figure>\n\n\n\n<h2 class=\"wp-block-heading has-vivid-cyan-blue-color has-text-color\" id=\"block-7cac10cc-755e-4790-9f27-c9d89daac4f9\">Dimensiones y peso<\/h2>\n\n\n\n<p id=\"block-0fa52772-8d06-4639-b1c4-6498e4f6eaa5\">Largo:&nbsp; cm<\/p>\n\n\n\n<p id=\"block-db992a87-bd7c-4493-9b43-ad566b7e3e50\">Ancho: cm<\/p>\n\n\n\n<p id=\"block-c39df4e9-701d-42a5-b81c-107651516826\">Alto: cm<\/p>\n","protected":false},"excerpt":{"rendered":"<p>Modelo: DH-900B<br \/>C\u00f3digo 7309<\/p>\n","protected":false},"featured_media":4689,"comment_status":"open","ping_status":"closed","template":"","meta":{"om_disable_all_campaigns":false,"_uag_custom_page_level_css":"","_monsterinsights_skip_tracking":false,"_monsterinsights_sitenote_active":false,"_monsterinsights_sitenote_note":"","_monsterinsights_sitenote_category":0},"product_cat":[29],"product_tag":[69],"class_list":{"0":"post-2406","1":"product","2":"type-product","3":"status-publish","4":"has-post-thumbnail","6":"product_cat-electrodomesticos","7":"product_tag-cuidado-personal","9":"first","10":"instock","11":"shipping-taxable","12":"purchasable","13":"product-type-simple"},"aioseo_notices":[],"jetpack_sharing_enabled":true,"uagb_featured_image_src":{"full":["https:\/\/quasarhomecenter.com\/wp-content\/uploads\/2023\/11\/7309-Banco-de-datos-.png",2955,2955,false],"thumbnail":["https:\/\/quasarhomecenter.com\/wp-content\/uploads\/2023\/11\/7309-Banco-de-datos--150x150.png",150,150,true],"medium":["https:\/\/quasarhomecenter.com\/wp-content\/uploads\/2023\/11\/7309-Banco-de-datos--300x300.png",300,300,true],"medium_large":["https:\/\/quasarhomecenter.com\/wp-content\/uploads\/2023\/11\/7309-Banco-de-datos--768x768.png",768,768,true],"large":["https:\/\/quasarhomecenter.com\/wp-content\/uploads\/2023\/11\/7309-Banco-de-datos--1024x1024.png",1024,1024,true],"1536x1536":["https:\/\/quasarhomecenter.com\/wp-content\/uploads\/2023\/11\/7309-Banco-de-datos--1536x1536.png",1536,1536,true],"2048x2048":["https:\/\/quasarhomecenter.com\/wp-content\/uploads\/2023\/11\/7309-Banco-de-datos--2048x2048.png",2048,2048,true],"mailpoet_newsletter_max":["https:\/\/quasarhomecenter.com\/wp-content\/uploads\/2023\/11\/7309-Banco-de-datos--1320x1320.png",1320,1320,true],"woocommerce_thumbnail":["https:\/\/quasarhomecenter.com\/wp-content\/uploads\/2023\/11\/7309-Banco-de-datos--300x300.png",300,300,true],"woocommerce_single":["https:\/\/quasarhomecenter.com\/wp-content\/uploads\/2023\/11\/7309-Banco-de-datos--600x600.png",600,600,true],"woocommerce_gallery_thumbnail":["https:\/\/quasarhomecenter.com\/wp-content\/uploads\/2023\/11\/7309-Banco-de-datos--100x100.png",100,100,true]},"uagb_author_info":{"display_name":"quasarhomecenter.com","author_link":"https:\/\/quasarhomecenter.com\/index.php\/author\/"},"uagb_comment_info":0,"uagb_excerpt":"Modelo: DH-900BC\u00f3digo 7309","_links":{"self":[{"href":"https:\/\/quasarhomecenter.com\/index.php\/wp-json\/wp\/v2\/product\/2406","targetHints":{"allow":["GET"]}}],"collection":[{"href":"https:\/\/quasarhomecenter.com\/index.php\/wp-json\/wp\/v2\/product"}],"about":[{"href":"https:\/\/quasarhomecenter.com\/index.php\/wp-json\/wp\/v2\/types\/product"}],"replies":[{"embeddable":true,"href":"https:\/\/quasarhomecenter.com\/index.php\/wp-json\/wp\/v2\/comments?post=2406"}],"wp:featuredmedia":[{"embeddable":true,"href":"https:\/\/quasarhomecenter.com\/index.php\/wp-json\/wp\/v2\/media\/4689"}],"wp:attachment":[{"href":"https:\/\/quasarhomecenter.com\/index.php\/wp-json\/wp\/v2\/media?parent=2406"}],"wp:term":[{"taxonomy":"product_cat","embeddable":true,"href":"https:\/\/quasarhomecenter.com\/index.php\/wp-json\/wp\/v2\/product_cat?post=2406"},{"taxonomy":"product_tag","embeddable":true,"href":"https:\/\/quasarhomecenter.com\/index.php\/wp-json\/wp\/v2\/product_tag?post=2406"}],"curies":[{"name":"wp","href":"https:\/\/api.w.org\/{rel}","templated":true}]}}