{"id":2411,"date":"2023-10-27T14:35:00","date_gmt":"2023-10-27T17:35:00","guid":{"rendered":"https:\/\/quasarhomecenter.com\/?post_type=product&#038;p=2411"},"modified":"2023-12-01T18:05:56","modified_gmt":"2023-12-01T21:05:56","slug":"plancha-de-pelo","status":"publish","type":"product","link":"https:\/\/quasarhomecenter.com\/index.php\/product\/plancha-de-pelo\/","title":{"rendered":"Plancha de Pelo"},"content":{"rendered":"\n<h2 class=\"wp-block-heading has-vivid-cyan-blue-color has-text-color\" id=\"block-746a2f01-215e-48ec-99b3-ecb77d63ae46\">Caracter\u00edsticas destacadas<\/h2>\n\n\n\n<p id=\"block-6e2dbfc3-7e6d-48cd-9116-b0f5ce28a503\">El secador Braoua Pro modelo BR-8860 es un dispositivo de cuidado capilar dise\u00f1ado para proporcionar un secado eficiente y estilizado del cabello. Este modelo espec\u00edfico, el BR-8860, puede tener caracter\u00edsticas y tecnolog\u00edas espec\u00edficas que optimizan su rendimiento.<\/p>\n\n\n\n<p>Plancha de Pelo<br>C\u00f3digo 7557<\/p>\n\n\n\n<h3 class=\"wp-block-heading has-vivid-cyan-blue-color has-text-color\" id=\"block-75d43fa6-0315-4b21-9277-e028be7accd0\">Caracter\u00edsticas generales<\/h3>\n\n\n\n<figure class=\"wp-block-table\"><table><tbody><tr><td><strong>Marca<\/strong><\/td><td>Plancha de Pelo<\/td><\/tr><tr><td><strong>Modelo<\/strong><\/td><td>Plancha de Pelo<\/td><\/tr><tr><td><strong>Color<\/strong><\/td><td>Negro<\/td><\/tr><tr><td><strong>Voltaje<\/strong><\/td><td>220v<\/td><\/tr><tr><td><strong>Potencia<\/strong><\/td><td><\/td><\/tr><\/tbody><\/table><\/figure>\n\n\n\n<h2 class=\"wp-block-heading has-vivid-cyan-blue-color has-text-color\" id=\"block-7cac10cc-755e-4790-9f27-c9d89daac4f9\">Dimensiones y peso<\/h2>\n\n\n\n<p id=\"block-0fa52772-8d06-4639-b1c4-6498e4f6eaa5\">Largo:&nbsp; cm<\/p>\n\n\n\n<p id=\"block-db992a87-bd7c-4493-9b43-ad566b7e3e50\">Ancho: cm<\/p>\n\n\n\n<p id=\"block-c39df4e9-701d-42a5-b81c-107651516826\">Alto: cm<\/p>\n","protected":false},"excerpt":{"rendered":"<p>C\u00f3digo 7557<\/p>\n","protected":false},"featured_media":2412,"comment_status":"open","ping_status":"closed","template":"","meta":{"om_disable_all_campaigns":false,"_uag_custom_page_level_css":"","_monsterinsights_skip_tracking":false,"_monsterinsights_sitenote_active":false,"_monsterinsights_sitenote_note":"","_monsterinsights_sitenote_category":0},"product_cat":[29],"product_tag":[69],"class_list":{"0":"post-2411","1":"product","2":"type-product","3":"status-publish","4":"has-post-thumbnail","6":"product_cat-electrodomesticos","7":"product_tag-cuidado-personal","9":"first","10":"instock","11":"shipping-taxable","12":"purchasable","13":"product-type-simple"},"aioseo_notices":[],"jetpack_sharing_enabled":true,"uagb_featured_image_src":{"full":["https:\/\/quasarhomecenter.com\/wp-content\/uploads\/2023\/10\/image-removebg-preview-98.png",137,169,false],"thumbnail":["https:\/\/quasarhomecenter.com\/wp-content\/uploads\/2023\/10\/image-removebg-preview-98-137x150.png",137,150,true],"medium":["https:\/\/quasarhomecenter.com\/wp-content\/uploads\/2023\/10\/image-removebg-preview-98.png",137,169,false],"medium_large":["https:\/\/quasarhomecenter.com\/wp-content\/uploads\/2023\/10\/image-removebg-preview-98.png",137,169,false],"large":["https:\/\/quasarhomecenter.com\/wp-content\/uploads\/2023\/10\/image-removebg-preview-98.png",137,169,false],"1536x1536":["https:\/\/quasarhomecenter.com\/wp-content\/uploads\/2023\/10\/image-removebg-preview-98.png",137,169,false],"2048x2048":["https:\/\/quasarhomecenter.com\/wp-content\/uploads\/2023\/10\/image-removebg-preview-98.png",137,169,false],"mailpoet_newsletter_max":["https:\/\/quasarhomecenter.com\/wp-content\/uploads\/2023\/10\/image-removebg-preview-98.png",137,169,false],"woocommerce_thumbnail":["https:\/\/quasarhomecenter.com\/wp-content\/uploads\/2023\/10\/image-removebg-preview-98.png",137,169,false],"woocommerce_single":["https:\/\/quasarhomecenter.com\/wp-content\/uploads\/2023\/10\/image-removebg-preview-98.png",137,169,false],"woocommerce_gallery_thumbnail":["https:\/\/quasarhomecenter.com\/wp-content\/uploads\/2023\/10\/image-removebg-preview-98-100x100.png",100,100,true]},"uagb_author_info":{"display_name":"quasarhomecenter.com","author_link":"https:\/\/quasarhomecenter.com\/index.php\/author\/"},"uagb_comment_info":0,"uagb_excerpt":"C\u00f3digo 7557","_links":{"self":[{"href":"https:\/\/quasarhomecenter.com\/index.php\/wp-json\/wp\/v2\/product\/2411","targetHints":{"allow":["GET"]}}],"collection":[{"href":"https:\/\/quasarhomecenter.com\/index.php\/wp-json\/wp\/v2\/product"}],"about":[{"href":"https:\/\/quasarhomecenter.com\/index.php\/wp-json\/wp\/v2\/types\/product"}],"replies":[{"embeddable":true,"href":"https:\/\/quasarhomecenter.com\/index.php\/wp-json\/wp\/v2\/comments?post=2411"}],"wp:featuredmedia":[{"embeddable":true,"href":"https:\/\/quasarhomecenter.com\/index.php\/wp-json\/wp\/v2\/media\/2412"}],"wp:attachment":[{"href":"https:\/\/quasarhomecenter.com\/index.php\/wp-json\/wp\/v2\/media?parent=2411"}],"wp:term":[{"taxonomy":"product_cat","embeddable":true,"href":"https:\/\/quasarhomecenter.com\/index.php\/wp-json\/wp\/v2\/product_cat?post=2411"},{"taxonomy":"product_tag","embeddable":true,"href":"https:\/\/quasarhomecenter.com\/index.php\/wp-json\/wp\/v2\/product_tag?post=2411"}],"curies":[{"name":"wp","href":"https:\/\/api.w.org\/{rel}","templated":true}]}}