{"id":2434,"date":"2023-10-27T15:06:25","date_gmt":"2023-10-27T18:06:25","guid":{"rendered":"https:\/\/quasarhomecenter.com\/?post_type=product&#038;p=2434"},"modified":"2023-12-06T09:41:40","modified_gmt":"2023-12-06T12:41:40","slug":"plancha-nuo","status":"publish","type":"product","link":"https:\/\/quasarhomecenter.com\/index.php\/product\/plancha-nuo\/","title":{"rendered":"Plancha Nuo"},"content":{"rendered":"\n<h2 class=\"wp-block-heading has-vivid-cyan-blue-color has-text-color\" id=\"block-c924acb0-01dc-4c55-a459-62a1c84a304f\">Caracter\u00edsticas destacadas<\/h2>\n\n\n\n<p id=\"block-d5ad537d-34b2-4128-8d56-a047d0a6869f\">La plancha Nuo es un dispositivo de cuidado capilar dise\u00f1ado para proporcionar un alisado eficiente y vers\u00e1til del cabello. Con un dise\u00f1o ergon\u00f3mico y posiblemente placas fabricadas con materiales de calidad, como cer\u00e1mica o turmalina, esta plancha ofrece un calentamiento uniforme para un resultado suave y duradero. Puede incluir caracter\u00edsticas como control de temperatura ajustable, tecnolog\u00eda de iones para reducir el frizz y un tiempo de calentamiento r\u00e1pido. Ideal para crear diferentes estilos de peinado, la plancha Nuo se presenta como una herramienta esencial para el cuidado y estilizado del cabello.<\/p>\n\n\n\n<p id=\"block-b257ee4d-cb35-4261-84c8-a8b7cc9cb93b\">Plancha Nuo<br>C\u00f3digo 20022<\/p>\n\n\n\n<h3 class=\"wp-block-heading has-vivid-cyan-blue-color has-text-color\" id=\"block-038e2303-058c-4ccf-b1a6-488462b36354\">Caracter\u00edsticas generales<\/h3>\n\n\n\n<figure class=\"wp-block-table\"><table><tbody><tr><td><strong>Marca<\/strong><\/td><td>Plancha Nuo<\/td><\/tr><tr><td><strong>Modelo<\/strong><\/td><td>Plancha Nuo<\/td><\/tr><tr><td><strong>Color<\/strong><\/td><td>Blanco y Azul<\/td><\/tr><tr><td><strong>Voltaje<\/strong><\/td><td>220v<\/td><\/tr><tr><td><strong>Potencia<\/strong><\/td><td>\ufeff<\/td><\/tr><\/tbody><\/table><\/figure>\n\n\n\n<p>\ufeff<\/p>\n\n\n\n<h2 class=\"wp-block-heading has-vivid-cyan-blue-color has-text-color\" id=\"block-297d1e7d-f0f3-4574-8af3-6c6d182e58cf\">Dimensiones y peso<\/h2>\n\n\n\n<p id=\"block-9ba5f8da-5d37-457b-a6ba-97771533026b\">Largo:&nbsp; cm<\/p>\n\n\n\n<p id=\"block-1f3862c1-54c1-48b1-9477-9bf7bd4597fe\">Ancho: cm<\/p>\n\n\n\n<p id=\"block-c8ba91f2-c3b6-4330-ae27-00d26a872939\">Alto: cm<\/p>\n","protected":false},"excerpt":{"rendered":"<p>C\u00f3digo 20022<\/p>\n","protected":false},"featured_media":4554,"comment_status":"open","ping_status":"closed","template":"","meta":{"om_disable_all_campaigns":false,"_uag_custom_page_level_css":"","_monsterinsights_skip_tracking":false,"_monsterinsights_sitenote_active":false,"_monsterinsights_sitenote_note":"","_monsterinsights_sitenote_category":0},"product_cat":[29],"product_tag":[134],"class_list":{"0":"post-2434","1":"product","2":"type-product","3":"status-publish","4":"has-post-thumbnail","6":"product_cat-electrodomesticos","7":"product_tag-pequenos-electrodomesticos","9":"first","10":"instock","11":"shipping-taxable","12":"purchasable","13":"product-type-simple"},"aioseo_notices":[],"jetpack_sharing_enabled":true,"uagb_featured_image_src":{"full":["https:\/\/quasarhomecenter.com\/wp-content\/uploads\/2023\/11\/20022-Banco-de-datos.png",2955,2955,false],"thumbnail":["https:\/\/quasarhomecenter.com\/wp-content\/uploads\/2023\/11\/20022-Banco-de-datos-150x150.png",150,150,true],"medium":["https:\/\/quasarhomecenter.com\/wp-content\/uploads\/2023\/11\/20022-Banco-de-datos-300x300.png",300,300,true],"medium_large":["https:\/\/quasarhomecenter.com\/wp-content\/uploads\/2023\/11\/20022-Banco-de-datos-768x768.png",768,768,true],"large":["https:\/\/quasarhomecenter.com\/wp-content\/uploads\/2023\/11\/20022-Banco-de-datos-1024x1024.png",1024,1024,true],"1536x1536":["https:\/\/quasarhomecenter.com\/wp-content\/uploads\/2023\/11\/20022-Banco-de-datos-1536x1536.png",1536,1536,true],"2048x2048":["https:\/\/quasarhomecenter.com\/wp-content\/uploads\/2023\/11\/20022-Banco-de-datos-2048x2048.png",2048,2048,true],"mailpoet_newsletter_max":["https:\/\/quasarhomecenter.com\/wp-content\/uploads\/2023\/11\/20022-Banco-de-datos-1320x1320.png",1320,1320,true],"woocommerce_thumbnail":["https:\/\/quasarhomecenter.com\/wp-content\/uploads\/2023\/11\/20022-Banco-de-datos-300x300.png",300,300,true],"woocommerce_single":["https:\/\/quasarhomecenter.com\/wp-content\/uploads\/2023\/11\/20022-Banco-de-datos-600x600.png",600,600,true],"woocommerce_gallery_thumbnail":["https:\/\/quasarhomecenter.com\/wp-content\/uploads\/2023\/11\/20022-Banco-de-datos-100x100.png",100,100,true]},"uagb_author_info":{"display_name":"quasarhomecenter.com","author_link":"https:\/\/quasarhomecenter.com\/index.php\/author\/"},"uagb_comment_info":0,"uagb_excerpt":"C\u00f3digo 20022","_links":{"self":[{"href":"https:\/\/quasarhomecenter.com\/index.php\/wp-json\/wp\/v2\/product\/2434","targetHints":{"allow":["GET"]}}],"collection":[{"href":"https:\/\/quasarhomecenter.com\/index.php\/wp-json\/wp\/v2\/product"}],"about":[{"href":"https:\/\/quasarhomecenter.com\/index.php\/wp-json\/wp\/v2\/types\/product"}],"replies":[{"embeddable":true,"href":"https:\/\/quasarhomecenter.com\/index.php\/wp-json\/wp\/v2\/comments?post=2434"}],"wp:featuredmedia":[{"embeddable":true,"href":"https:\/\/quasarhomecenter.com\/index.php\/wp-json\/wp\/v2\/media\/4554"}],"wp:attachment":[{"href":"https:\/\/quasarhomecenter.com\/index.php\/wp-json\/wp\/v2\/media?parent=2434"}],"wp:term":[{"taxonomy":"product_cat","embeddable":true,"href":"https:\/\/quasarhomecenter.com\/index.php\/wp-json\/wp\/v2\/product_cat?post=2434"},{"taxonomy":"product_tag","embeddable":true,"href":"https:\/\/quasarhomecenter.com\/index.php\/wp-json\/wp\/v2\/product_tag?post=2434"}],"curies":[{"name":"wp","href":"https:\/\/api.w.org\/{rel}","templated":true}]}}