{"id":2486,"date":"2023-10-27T16:23:05","date_gmt":"2023-10-27T19:23:05","guid":{"rendered":"https:\/\/quasarhomecenter.com\/?post_type=product&#038;p=2486"},"modified":"2023-12-06T14:59:20","modified_gmt":"2023-12-06T17:59:20","slug":"aspiradora-raf","status":"publish","type":"product","link":"https:\/\/quasarhomecenter.com\/index.php\/product\/aspiradora-raf\/","title":{"rendered":"Aspiradora RAF"},"content":{"rendered":"\n<p>Modelo: R-8661<br>C\u00f3d: 23940<\/p>\n\n\n\n<h2 class=\"wp-block-heading has-vivid-cyan-blue-color has-text-color\" id=\"block-77b01499-d9c9-4d85-acfa-691d97f5bda9\">Caracter\u00edsticas destacadas<\/h2>\n\n\n\n<p id=\"block-669002aa-849d-4d6e-9746-8788816715cb\">Su funci\u00f3n te permitir\u00e1 dejar relucientes tus pisos, alfombras y tapicer\u00edas sin esfuerzo.<br>Capacidad completa<br>Cuando su capacidad de almacenamiento est\u00e9 completa, lo sabr\u00e1s de inmediato a trav\u00e9s de una luz o sonido indicador. As\u00ed no la sobrecargar\u00e1s y evitar\u00e1s roturas.<\/p>\n\n\n\n<h3 class=\"wp-block-heading has-vivid-cyan-blue-color has-text-color\" id=\"block-88bfe9d8-adf0-4863-bb3c-0fbabe6f0bcc\">Caracter\u00edsticas generales<br>\ufeff<\/h3>\n\n\n\n<ul class=\"wp-block-list\" id=\"block-3e99bcfb-e2d0-4f94-9f2b-406ff736ea93\"><\/ul>\n\n\n\n<figure class=\"wp-block-table\"><table><tbody><tr><td><strong>Uso recomendado<\/strong><\/td><td>4,5Kg<\/td><\/tr><tr><td><strong>Es apto para l\u00edquido<\/strong><\/td><td>\ufeff<\/td><\/tr><tr><td><strong>Capacidad del dep\u00f3sito<\/strong><\/td><td>\ufeff<\/td><\/tr><tr><td><strong>Asa ergon\u00f3mica<\/strong><\/td><td>\ufeff<\/td><\/tr><tr><td><strong>Con ruedas<\/strong><\/td><td>\ufeff<\/td><\/tr><tr><td><strong>Largo del cable<\/strong><\/td><td>\ufeff<\/td><\/tr><\/tbody><\/table><\/figure>\n\n\n\n<h3 class=\"wp-block-heading has-vivid-cyan-blue-color has-text-color\" id=\"block-d60db36b-b4e9-4939-bf73-9f795ec2cef7\">Especificaciones<\/h3>\n\n\n\n<figure class=\"wp-block-table\"><table><tbody><tr><td><strong>Tipo de manguera<\/strong><\/td><td>\ufeff<\/td><\/tr><tr><td><strong>Soporte para accesorios<\/strong><\/td><td>\ufeff<\/td><\/tr><tr><td><strong>Potencia<\/strong><\/td><td>\ufeff<\/td><\/tr><tr><td><strong>Voltaje<\/strong><\/td><td>\ufeff<\/td><\/tr><tr><td><strong>Tipo de filtro<\/strong><\/td><td>\ufeff<\/td><\/tr><tr><td><strong>Rotaci\u00f3n 360\u00b0<\/strong><\/td><td>\ufeff<\/td><\/tr><tr><td><strong>Tubo prolongador<\/strong><\/td><td>\ufeff<\/td><\/tr><\/tbody><\/table><\/figure>\n","protected":false},"excerpt":{"rendered":"<p>Modelo: R-8661<br \/>C\u00f3d: 23940<\/p>\n","protected":false},"featured_media":4458,"comment_status":"open","ping_status":"closed","template":"","meta":{"om_disable_all_campaigns":false,"_uag_custom_page_level_css":"","_monsterinsights_skip_tracking":false,"_monsterinsights_sitenote_active":false,"_monsterinsights_sitenote_note":"","_monsterinsights_sitenote_category":0},"product_cat":[29],"product_tag":[48],"class_list":{"0":"post-2486","1":"product","2":"type-product","3":"status-publish","4":"has-post-thumbnail","6":"product_cat-electrodomesticos","7":"product_tag-lavarropas","9":"first","10":"instock","11":"shipping-taxable","12":"purchasable","13":"product-type-simple"},"aioseo_notices":[],"jetpack_sharing_enabled":true,"uagb_featured_image_src":{"full":["https:\/\/quasarhomecenter.com\/wp-content\/uploads\/2023\/11\/Proyecto-nuevo-12.png",2295,2295,false],"thumbnail":["https:\/\/quasarhomecenter.com\/wp-content\/uploads\/2023\/11\/Proyecto-nuevo-12-150x150.png",150,150,true],"medium":["https:\/\/quasarhomecenter.com\/wp-content\/uploads\/2023\/11\/Proyecto-nuevo-12-300x300.png",300,300,true],"medium_large":["https:\/\/quasarhomecenter.com\/wp-content\/uploads\/2023\/11\/Proyecto-nuevo-12-768x768.png",768,768,true],"large":["https:\/\/quasarhomecenter.com\/wp-content\/uploads\/2023\/11\/Proyecto-nuevo-12-1024x1024.png",1024,1024,true],"1536x1536":["https:\/\/quasarhomecenter.com\/wp-content\/uploads\/2023\/11\/Proyecto-nuevo-12-1536x1536.png",1536,1536,true],"2048x2048":["https:\/\/quasarhomecenter.com\/wp-content\/uploads\/2023\/11\/Proyecto-nuevo-12-2048x2048.png",2048,2048,true],"mailpoet_newsletter_max":["https:\/\/quasarhomecenter.com\/wp-content\/uploads\/2023\/11\/Proyecto-nuevo-12-1320x1320.png",1320,1320,true],"woocommerce_thumbnail":["https:\/\/quasarhomecenter.com\/wp-content\/uploads\/2023\/11\/Proyecto-nuevo-12-300x300.png",300,300,true],"woocommerce_single":["https:\/\/quasarhomecenter.com\/wp-content\/uploads\/2023\/11\/Proyecto-nuevo-12-600x600.png",600,600,true],"woocommerce_gallery_thumbnail":["https:\/\/quasarhomecenter.com\/wp-content\/uploads\/2023\/11\/Proyecto-nuevo-12-100x100.png",100,100,true]},"uagb_author_info":{"display_name":"quasarhomecenter.com","author_link":"https:\/\/quasarhomecenter.com\/index.php\/author\/"},"uagb_comment_info":0,"uagb_excerpt":"Modelo: R-8661C\u00f3d: 23940","_links":{"self":[{"href":"https:\/\/quasarhomecenter.com\/index.php\/wp-json\/wp\/v2\/product\/2486","targetHints":{"allow":["GET"]}}],"collection":[{"href":"https:\/\/quasarhomecenter.com\/index.php\/wp-json\/wp\/v2\/product"}],"about":[{"href":"https:\/\/quasarhomecenter.com\/index.php\/wp-json\/wp\/v2\/types\/product"}],"replies":[{"embeddable":true,"href":"https:\/\/quasarhomecenter.com\/index.php\/wp-json\/wp\/v2\/comments?post=2486"}],"wp:featuredmedia":[{"embeddable":true,"href":"https:\/\/quasarhomecenter.com\/index.php\/wp-json\/wp\/v2\/media\/4458"}],"wp:attachment":[{"href":"https:\/\/quasarhomecenter.com\/index.php\/wp-json\/wp\/v2\/media?parent=2486"}],"wp:term":[{"taxonomy":"product_cat","embeddable":true,"href":"https:\/\/quasarhomecenter.com\/index.php\/wp-json\/wp\/v2\/product_cat?post=2486"},{"taxonomy":"product_tag","embeddable":true,"href":"https:\/\/quasarhomecenter.com\/index.php\/wp-json\/wp\/v2\/product_tag?post=2486"}],"curies":[{"name":"wp","href":"https:\/\/api.w.org\/{rel}","templated":true}]}}