{"id":2488,"date":"2023-10-27T16:24:00","date_gmt":"2023-10-27T19:24:00","guid":{"rendered":"https:\/\/quasarhomecenter.com\/?post_type=product&#038;p=2488"},"modified":"2023-12-06T15:03:15","modified_gmt":"2023-12-06T18:03:15","slug":"aspiradora-trineo-sokany","status":"publish","type":"product","link":"https:\/\/quasarhomecenter.com\/index.php\/product\/aspiradora-trineo-sokany\/","title":{"rendered":"Aspiradora trineo sokany"},"content":{"rendered":"\n<p>Aspiradora trineo sokany<br>Modelo: 3L 3000w SK-3387<br>C\u00f3d: 23980<\/p>\n\n\n\n<h2 class=\"wp-block-heading has-vivid-cyan-blue-color has-text-color\" id=\"block-08507f7d-00fa-4045-b317-c5ab4e84c1b3\">Caracter\u00edsticas destacadas<\/h2>\n\n\n\n<p id=\"block-99a3e146-7ad7-44ec-a938-9d2db86ed9d5\">Su funci\u00f3n te permitir\u00e1 dejar relucientes tus pisos, alfombras y tapicer\u00edas sin esfuerzo.<br>Capacidad completa<br>Cuando su capacidad de almacenamiento est\u00e9 completa, lo sabr\u00e1s de inmediato a trav\u00e9s de una luz o sonido indicador. As\u00ed no la sobrecargar\u00e1s y evitar\u00e1s roturas.<\/p>\n\n\n\n<h3 class=\"wp-block-heading has-vivid-cyan-blue-color has-text-color\" id=\"block-03a515de-ac00-466a-9f0b-b02634ce496b\">Caracter\u00edsticas generales<br>\ufeff<\/h3>\n\n\n\n<ul class=\"wp-block-list\" id=\"block-f30a46f4-b97c-4909-a585-ea3a8de606c6\"><\/ul>\n\n\n\n<figure class=\"wp-block-table\"><table><tbody><tr><td><strong>Uso recomendado<\/strong><\/td><td>4,5Kg<\/td><\/tr><tr><td><strong>Es apto para l\u00edquido<\/strong><\/td><td>\ufeff<\/td><\/tr><tr><td><strong>Capacidad del dep\u00f3sito<\/strong><\/td><td>\ufeff<\/td><\/tr><tr><td><strong>Asa ergon\u00f3mica<\/strong><\/td><td>\ufeff<\/td><\/tr><tr><td><strong>Con ruedas<\/strong><\/td><td>\ufeff<\/td><\/tr><tr><td><strong>Largo del cable<\/strong><\/td><td>\ufeff<\/td><\/tr><\/tbody><\/table><\/figure>\n\n\n\n<h3 class=\"wp-block-heading has-vivid-cyan-blue-color has-text-color\" id=\"block-58107c52-be63-4497-877d-671c06986d73\">Especificaciones<\/h3>\n\n\n\n<figure class=\"wp-block-table\"><table><tbody><tr><td><strong>Tipo de manguera<\/strong><\/td><td>\ufeff<\/td><\/tr><tr><td><strong>Soporte para accesorios<\/strong><\/td><td>\ufeff<\/td><\/tr><tr><td><strong>Potencia<\/strong><\/td><td>\ufeff<\/td><\/tr><tr><td><strong>Voltaje<\/strong><\/td><td>\ufeff<\/td><\/tr><tr><td><strong>Tipo de filtro<\/strong><\/td><\/tr><\/tbody><\/table><\/figure>\n","protected":false},"excerpt":{"rendered":"<p>Modelo: 3L 3000w SK-3387<br \/>C\u00f3d: 23980<\/p>\n","protected":false},"featured_media":2489,"comment_status":"open","ping_status":"closed","template":"","meta":{"om_disable_all_campaigns":false,"_uag_custom_page_level_css":"","_monsterinsights_skip_tracking":false,"_monsterinsights_sitenote_active":false,"_monsterinsights_sitenote_note":"","_monsterinsights_sitenote_category":0},"product_cat":[29],"product_tag":[48],"class_list":{"0":"post-2488","1":"product","2":"type-product","3":"status-publish","4":"has-post-thumbnail","6":"product_cat-electrodomesticos","7":"product_tag-lavarropas","9":"first","10":"instock","11":"shipping-taxable","12":"purchasable","13":"product-type-simple"},"aioseo_notices":[],"jetpack_sharing_enabled":true,"uagb_featured_image_src":{"full":["https:\/\/quasarhomecenter.com\/wp-content\/uploads\/2023\/10\/image-removebg-preview-34-2.png",416,427,false],"thumbnail":["https:\/\/quasarhomecenter.com\/wp-content\/uploads\/2023\/10\/image-removebg-preview-34-2-150x150.png",150,150,true],"medium":["https:\/\/quasarhomecenter.com\/wp-content\/uploads\/2023\/10\/image-removebg-preview-34-2-292x300.png",292,300,true],"medium_large":["https:\/\/quasarhomecenter.com\/wp-content\/uploads\/2023\/10\/image-removebg-preview-34-2.png",416,427,false],"large":["https:\/\/quasarhomecenter.com\/wp-content\/uploads\/2023\/10\/image-removebg-preview-34-2.png",416,427,false],"1536x1536":["https:\/\/quasarhomecenter.com\/wp-content\/uploads\/2023\/10\/image-removebg-preview-34-2.png",416,427,false],"2048x2048":["https:\/\/quasarhomecenter.com\/wp-content\/uploads\/2023\/10\/image-removebg-preview-34-2.png",416,427,false],"mailpoet_newsletter_max":["https:\/\/quasarhomecenter.com\/wp-content\/uploads\/2023\/10\/image-removebg-preview-34-2.png",416,427,false],"woocommerce_thumbnail":["https:\/\/quasarhomecenter.com\/wp-content\/uploads\/2023\/10\/image-removebg-preview-34-2-300x300.png",300,300,true],"woocommerce_single":["https:\/\/quasarhomecenter.com\/wp-content\/uploads\/2023\/10\/image-removebg-preview-34-2.png",416,427,false],"woocommerce_gallery_thumbnail":["https:\/\/quasarhomecenter.com\/wp-content\/uploads\/2023\/10\/image-removebg-preview-34-2-100x100.png",100,100,true]},"uagb_author_info":{"display_name":"quasarhomecenter.com","author_link":"https:\/\/quasarhomecenter.com\/index.php\/author\/"},"uagb_comment_info":0,"uagb_excerpt":"Modelo: 3L 3000w SK-3387C\u00f3d: 23980","_links":{"self":[{"href":"https:\/\/quasarhomecenter.com\/index.php\/wp-json\/wp\/v2\/product\/2488","targetHints":{"allow":["GET"]}}],"collection":[{"href":"https:\/\/quasarhomecenter.com\/index.php\/wp-json\/wp\/v2\/product"}],"about":[{"href":"https:\/\/quasarhomecenter.com\/index.php\/wp-json\/wp\/v2\/types\/product"}],"replies":[{"embeddable":true,"href":"https:\/\/quasarhomecenter.com\/index.php\/wp-json\/wp\/v2\/comments?post=2488"}],"wp:featuredmedia":[{"embeddable":true,"href":"https:\/\/quasarhomecenter.com\/index.php\/wp-json\/wp\/v2\/media\/2489"}],"wp:attachment":[{"href":"https:\/\/quasarhomecenter.com\/index.php\/wp-json\/wp\/v2\/media?parent=2488"}],"wp:term":[{"taxonomy":"product_cat","embeddable":true,"href":"https:\/\/quasarhomecenter.com\/index.php\/wp-json\/wp\/v2\/product_cat?post=2488"},{"taxonomy":"product_tag","embeddable":true,"href":"https:\/\/quasarhomecenter.com\/index.php\/wp-json\/wp\/v2\/product_tag?post=2488"}],"curies":[{"name":"wp","href":"https:\/\/api.w.org\/{rel}","templated":true}]}}