{"id":2500,"date":"2023-10-27T16:33:50","date_gmt":"2023-10-27T19:33:50","guid":{"rendered":"https:\/\/quasarhomecenter.com\/?post_type=product&#038;p=2500"},"modified":"2023-12-06T15:14:26","modified_gmt":"2023-12-06T18:14:26","slug":"aspiradora-sokany-15l","status":"publish","type":"product","link":"https:\/\/quasarhomecenter.com\/index.php\/product\/aspiradora-sokany-15l\/","title":{"rendered":"Aspiradora Sokany 1,5L"},"content":{"rendered":"\n<p>Modelo: vertical cyclonica 2000w SK-3378<br>C\u00f3d: 23982<\/p>\n\n\n\n<h2 class=\"wp-block-heading has-vivid-cyan-blue-color has-text-color\" id=\"block-aeef0e3c-564d-47c2-8899-380eed3f3a2c\">Caracter\u00edsticas destacadas<\/h2>\n\n\n\n<p id=\"block-cf322c94-ff61-4f5d-9cdf-113eda8505ce\"><strong>Practicidad en tu d\u00eda a d\u00eda<\/strong><\/p>\n\n\n\n<p id=\"block-0cd58615-709d-4868-8d4c-2f83b209438a\">Tu limpieza va a ser mucho m\u00e1s sencilla. Tiene dos modos que garantizan flexibilidad. Pod\u00e9s elegir entre: Aspiradora vertical o aspiradora manual.<\/p>\n\n\n\n<p id=\"block-d104f217-b652-4a56-8639-ab817eac44ab\">Cuenta con filtro y dep\u00f3sito extra\u00edbles y lavables, una boquilla espec\u00edfica para las esquinas que son m\u00e1s dif\u00edciles de alcanzar, y su funci\u00f3n de aspiradora manual, ideal para sof\u00e1s, cortinas y espacios reducidos.<\/p>\n\n\n\n<h3 class=\"wp-block-heading has-vivid-cyan-blue-color has-text-color\" id=\"block-c8838add-023c-4db3-9bc8-a82d8db0ef23\">Caracter\u00edsticas generales<br>\ufeff<\/h3>\n\n\n\n<ul class=\"wp-block-list\" id=\"block-2c10d2eb-f222-4633-b966-30a61befc71d\"><\/ul>\n\n\n\n<figure class=\"wp-block-table\"><table><tbody><tr><td><strong>Uso recomendado<\/strong><\/td><td>4,5Kg<\/td><\/tr><tr><td><strong>Tipo de colector<\/strong><\/td><td>\ufeff<\/td><\/tr><tr><td><strong>Capacidad del dep\u00f3sito<\/strong><\/td><td>\ufeff<\/td><\/tr><tr><td><strong>Funciones<\/strong><\/td><td>vertical, manual<\/td><\/tr><tr><td><strong>Con ruedas<\/strong><\/td><td>\ufeff<\/td><\/tr><tr><td><strong>Largo del cable<\/strong><\/td><td>\ufeff<\/td><\/tr><tr><td><strong>Desmontable<\/strong><\/td><td>\ufeff<\/td><\/tr><\/tbody><\/table><\/figure>\n\n\n\n<h3 class=\"wp-block-heading has-vivid-cyan-blue-color has-text-color\" id=\"block-ead89bf8-8ffd-4647-8b7c-bf1600e924c3\">Especificaciones<\/h3>\n\n\n\n<figure class=\"wp-block-table\"><table><tbody><tr><td><strong>Tipo de aspiradora<\/strong><\/td><td>2 en 1<br>\ufeff<\/td><\/tr><tr><td><strong>Potencia<\/strong><\/td><td>\ufeff<\/td><\/tr><tr><td><strong>Voltaje<\/strong><\/td><\/tr><\/tbody><\/table><\/figure>\n","protected":false},"excerpt":{"rendered":"<p>Modelo: vertical cyclonica 2000w SK-3378<br \/>C\u00f3d: 23982<\/p>\n","protected":false},"featured_media":4462,"comment_status":"open","ping_status":"closed","template":"","meta":{"om_disable_all_campaigns":false,"_uag_custom_page_level_css":"","_monsterinsights_skip_tracking":false,"_monsterinsights_sitenote_active":false,"_monsterinsights_sitenote_note":"","_monsterinsights_sitenote_category":0},"product_cat":[29],"product_tag":[48],"class_list":{"0":"post-2500","1":"product","2":"type-product","3":"status-publish","4":"has-post-thumbnail","6":"product_cat-electrodomesticos","7":"product_tag-lavarropas","9":"first","10":"instock","11":"shipping-taxable","12":"purchasable","13":"product-type-simple"},"aioseo_notices":[],"jetpack_sharing_enabled":true,"uagb_featured_image_src":{"full":["https:\/\/quasarhomecenter.com\/wp-content\/uploads\/2023\/11\/Proyecto-nuevo-16.png",2295,2295,false],"thumbnail":["https:\/\/quasarhomecenter.com\/wp-content\/uploads\/2023\/11\/Proyecto-nuevo-16-150x150.png",150,150,true],"medium":["https:\/\/quasarhomecenter.com\/wp-content\/uploads\/2023\/11\/Proyecto-nuevo-16-300x300.png",300,300,true],"medium_large":["https:\/\/quasarhomecenter.com\/wp-content\/uploads\/2023\/11\/Proyecto-nuevo-16-768x768.png",768,768,true],"large":["https:\/\/quasarhomecenter.com\/wp-content\/uploads\/2023\/11\/Proyecto-nuevo-16-1024x1024.png",1024,1024,true],"1536x1536":["https:\/\/quasarhomecenter.com\/wp-content\/uploads\/2023\/11\/Proyecto-nuevo-16-1536x1536.png",1536,1536,true],"2048x2048":["https:\/\/quasarhomecenter.com\/wp-content\/uploads\/2023\/11\/Proyecto-nuevo-16-2048x2048.png",2048,2048,true],"mailpoet_newsletter_max":["https:\/\/quasarhomecenter.com\/wp-content\/uploads\/2023\/11\/Proyecto-nuevo-16-1320x1320.png",1320,1320,true],"woocommerce_thumbnail":["https:\/\/quasarhomecenter.com\/wp-content\/uploads\/2023\/11\/Proyecto-nuevo-16-300x300.png",300,300,true],"woocommerce_single":["https:\/\/quasarhomecenter.com\/wp-content\/uploads\/2023\/11\/Proyecto-nuevo-16-600x600.png",600,600,true],"woocommerce_gallery_thumbnail":["https:\/\/quasarhomecenter.com\/wp-content\/uploads\/2023\/11\/Proyecto-nuevo-16-100x100.png",100,100,true]},"uagb_author_info":{"display_name":"quasarhomecenter.com","author_link":"https:\/\/quasarhomecenter.com\/index.php\/author\/"},"uagb_comment_info":0,"uagb_excerpt":"Modelo: vertical cyclonica 2000w SK-3378C\u00f3d: 23982","_links":{"self":[{"href":"https:\/\/quasarhomecenter.com\/index.php\/wp-json\/wp\/v2\/product\/2500","targetHints":{"allow":["GET"]}}],"collection":[{"href":"https:\/\/quasarhomecenter.com\/index.php\/wp-json\/wp\/v2\/product"}],"about":[{"href":"https:\/\/quasarhomecenter.com\/index.php\/wp-json\/wp\/v2\/types\/product"}],"replies":[{"embeddable":true,"href":"https:\/\/quasarhomecenter.com\/index.php\/wp-json\/wp\/v2\/comments?post=2500"}],"wp:featuredmedia":[{"embeddable":true,"href":"https:\/\/quasarhomecenter.com\/index.php\/wp-json\/wp\/v2\/media\/4462"}],"wp:attachment":[{"href":"https:\/\/quasarhomecenter.com\/index.php\/wp-json\/wp\/v2\/media?parent=2500"}],"wp:term":[{"taxonomy":"product_cat","embeddable":true,"href":"https:\/\/quasarhomecenter.com\/index.php\/wp-json\/wp\/v2\/product_cat?post=2500"},{"taxonomy":"product_tag","embeddable":true,"href":"https:\/\/quasarhomecenter.com\/index.php\/wp-json\/wp\/v2\/product_tag?post=2500"}],"curies":[{"name":"wp","href":"https:\/\/api.w.org\/{rel}","templated":true}]}}