{"id":2504,"date":"2023-10-27T16:37:04","date_gmt":"2023-10-27T19:37:04","guid":{"rendered":"https:\/\/quasarhomecenter.com\/?post_type=product&#038;p=2504"},"modified":"2023-12-27T11:39:55","modified_gmt":"2023-12-27T14:39:55","slug":"plancha-a-vapor-vertical-sokany","status":"publish","type":"product","link":"https:\/\/quasarhomecenter.com\/index.php\/product\/plancha-a-vapor-vertical-sokany\/","title":{"rendered":"Plancha a vapor vertical SOKANY"},"content":{"rendered":"\n<p>Plancha a vapor vertical SOKANY<br>Modelo: SK-4002<br>C\u00f3d: 23151<\/p>\n\n\n\n<h2 class=\"wp-block-heading has-vivid-cyan-blue-color has-text-color\" id=\"block-0d585b3a-7a7e-41ed-8ed1-6dd3cb224586\">Caracter\u00edsticas destacadas<\/h2>\n\n\n\n<p id=\"block-3f266b34-9dea-4138-8272-0d14b43dfe6c\">Su funci\u00f3n te permitir\u00e1 dejar relucientes tus pisos, alfombras y tapicer\u00edas sin esfuerzo.<br>Capacidad completa<br>Cuando su capacidad de almacenamiento est\u00e9 completa, lo sabr\u00e1s de inmediato a trav\u00e9s de una luz o sonido indicador. As\u00ed no la sobrecargar\u00e1s y evitar\u00e1s roturas.<\/p>\n\n\n\n<h3 class=\"wp-block-heading has-vivid-cyan-blue-color has-text-color\" id=\"block-51171850-a96a-449f-8e52-13ef25acfa48\">Caracter\u00edsticas generales<br>\ufeff<\/h3>\n\n\n\n<ul class=\"wp-block-list\" id=\"block-13098045-bbd1-41ce-b34b-1529f947ab25\">\n<li>\ufeff<\/li>\n<\/ul>\n\n\n\n<figure class=\"wp-block-table\"><table><tbody><tr><td><strong>Uso recomendado<\/strong><\/td><td>4,5Kg<\/td><\/tr><tr><td><strong>Es apto para l\u00edquido<\/strong><\/td><td>\ufeff<\/td><\/tr><tr><td><strong>Capacidad del dep\u00f3sito<\/strong><\/td><td>\ufeff<\/td><\/tr><tr><td><strong>Asa ergon\u00f3mica<\/strong><\/td><td>\ufeff<\/td><\/tr><tr><td><strong>Con ruedas<\/strong><\/td><td>\ufeff<\/td><\/tr><tr><td><strong>Largo del cable<\/strong><\/td><td>\ufeff<\/td><\/tr><\/tbody><\/table><\/figure>\n\n\n\n<p>\ufeff<\/p>\n\n\n\n<h3 class=\"wp-block-heading has-vivid-cyan-blue-color has-text-color\" id=\"block-b259b916-f296-4e3f-ab20-c837eeaa0522\">Especificaciones<\/h3>\n\n\n\n<figure class=\"wp-block-table\"><table><tbody><tr><td><strong>Tipo de manguera<\/strong><\/td><td>\ufeff<\/td><\/tr><tr><td><strong>Soporte para accesorios<\/strong><\/td><td>\ufeff<\/td><\/tr><tr><td><strong>Potencia<\/strong><\/td><td>\ufeff<\/td><\/tr><tr><td><strong>Voltaje<\/strong><\/td><td>\ufeff<\/td><\/tr><tr><td><strong>Tipo de filtro<\/strong><\/td><\/tr><\/tbody><\/table><\/figure>\n\n\n\n<p>\ufeff<\/p>\n","protected":false},"excerpt":{"rendered":"<p>Modelo: SK-4002<br \/>C\u00f3d: 23151<\/p>\n","protected":false},"featured_media":2505,"comment_status":"open","ping_status":"closed","template":"","meta":{"om_disable_all_campaigns":false,"_uag_custom_page_level_css":"","_monsterinsights_skip_tracking":false,"_monsterinsights_sitenote_active":false,"_monsterinsights_sitenote_note":"","_monsterinsights_sitenote_category":0},"product_cat":[29],"product_tag":[134],"class_list":{"0":"post-2504","1":"product","2":"type-product","3":"status-publish","4":"has-post-thumbnail","6":"product_cat-electrodomesticos","7":"product_tag-pequenos-electrodomesticos","9":"first","10":"instock","11":"shipping-taxable","12":"purchasable","13":"product-type-simple"},"aioseo_notices":[],"jetpack_sharing_enabled":true,"uagb_featured_image_src":{"full":["https:\/\/quasarhomecenter.com\/wp-content\/uploads\/2023\/10\/image-removebg-preview-42-3.png",300,182,false],"thumbnail":["https:\/\/quasarhomecenter.com\/wp-content\/uploads\/2023\/10\/image-removebg-preview-42-3-150x150.png",150,150,true],"medium":["https:\/\/quasarhomecenter.com\/wp-content\/uploads\/2023\/10\/image-removebg-preview-42-3.png",300,182,false],"medium_large":["https:\/\/quasarhomecenter.com\/wp-content\/uploads\/2023\/10\/image-removebg-preview-42-3.png",300,182,false],"large":["https:\/\/quasarhomecenter.com\/wp-content\/uploads\/2023\/10\/image-removebg-preview-42-3.png",300,182,false],"1536x1536":["https:\/\/quasarhomecenter.com\/wp-content\/uploads\/2023\/10\/image-removebg-preview-42-3.png",300,182,false],"2048x2048":["https:\/\/quasarhomecenter.com\/wp-content\/uploads\/2023\/10\/image-removebg-preview-42-3.png",300,182,false],"mailpoet_newsletter_max":["https:\/\/quasarhomecenter.com\/wp-content\/uploads\/2023\/10\/image-removebg-preview-42-3.png",300,182,false],"woocommerce_thumbnail":["https:\/\/quasarhomecenter.com\/wp-content\/uploads\/2023\/10\/image-removebg-preview-42-3.png",300,182,false],"woocommerce_single":["https:\/\/quasarhomecenter.com\/wp-content\/uploads\/2023\/10\/image-removebg-preview-42-3.png",300,182,false],"woocommerce_gallery_thumbnail":["https:\/\/quasarhomecenter.com\/wp-content\/uploads\/2023\/10\/image-removebg-preview-42-3-100x100.png",100,100,true]},"uagb_author_info":{"display_name":"quasarhomecenter.com","author_link":"https:\/\/quasarhomecenter.com\/index.php\/author\/"},"uagb_comment_info":0,"uagb_excerpt":"Modelo: SK-4002C\u00f3d: 23151","_links":{"self":[{"href":"https:\/\/quasarhomecenter.com\/index.php\/wp-json\/wp\/v2\/product\/2504","targetHints":{"allow":["GET"]}}],"collection":[{"href":"https:\/\/quasarhomecenter.com\/index.php\/wp-json\/wp\/v2\/product"}],"about":[{"href":"https:\/\/quasarhomecenter.com\/index.php\/wp-json\/wp\/v2\/types\/product"}],"replies":[{"embeddable":true,"href":"https:\/\/quasarhomecenter.com\/index.php\/wp-json\/wp\/v2\/comments?post=2504"}],"wp:featuredmedia":[{"embeddable":true,"href":"https:\/\/quasarhomecenter.com\/index.php\/wp-json\/wp\/v2\/media\/2505"}],"wp:attachment":[{"href":"https:\/\/quasarhomecenter.com\/index.php\/wp-json\/wp\/v2\/media?parent=2504"}],"wp:term":[{"taxonomy":"product_cat","embeddable":true,"href":"https:\/\/quasarhomecenter.com\/index.php\/wp-json\/wp\/v2\/product_cat?post=2504"},{"taxonomy":"product_tag","embeddable":true,"href":"https:\/\/quasarhomecenter.com\/index.php\/wp-json\/wp\/v2\/product_tag?post=2504"}],"curies":[{"name":"wp","href":"https:\/\/api.w.org\/{rel}","templated":true}]}}