{"id":2506,"date":"2023-10-27T16:38:37","date_gmt":"2023-10-27T19:38:37","guid":{"rendered":"https:\/\/quasarhomecenter.com\/?post_type=product&#038;p=2506"},"modified":"2023-12-27T11:39:18","modified_gmt":"2023-12-27T14:39:18","slug":"plancha-a-vapor-vertical-sokany-2","status":"publish","type":"product","link":"https:\/\/quasarhomecenter.com\/index.php\/product\/plancha-a-vapor-vertical-sokany-2\/","title":{"rendered":"Plancha a vapor vertical SOKANY"},"content":{"rendered":"\n<p>Plancha a vapor vertical SOKANY<br>Modelo: SK-4005<br>C\u00f3d: 23152<\/p>\n\n\n\n<h2 class=\"wp-block-heading has-vivid-cyan-blue-color has-text-color\" id=\"block-9abda827-12e2-4b64-81c4-d58ebbfef4f4\">Caracter\u00edsticas destacadas<\/h2>\n\n\n\n<p id=\"block-32abce8c-af49-4210-85cc-bd6ef2131596\">Su funci\u00f3n te permitir\u00e1 dejar relucientes tus pisos, alfombras y tapicer\u00edas sin esfuerzo.<br>Capacidad completa<br>Cuando su capacidad de almacenamiento est\u00e9 completa, lo sabr\u00e1s de inmediato a trav\u00e9s de una luz o sonido indicador. As\u00ed no la sobrecargar\u00e1s y evitar\u00e1s roturas.<\/p>\n\n\n\n<h3 class=\"wp-block-heading has-vivid-cyan-blue-color has-text-color\" id=\"block-8c8fb8cf-f513-43ef-8647-ffb3cc63758b\">Caracter\u00edsticas generales<br>\ufeff<\/h3>\n\n\n\n<ul class=\"wp-block-list\" id=\"block-9620850d-c82c-443d-bde2-b26cf00bd3e6\"><\/ul>\n\n\n\n<figure class=\"wp-block-table\"><table><tbody><tr><td><strong>Uso recomendado<\/strong><\/td><td>4,5Kg<\/td><\/tr><tr><td><strong>Es apto para l\u00edquido<\/strong><\/td><td>\ufeff<\/td><\/tr><tr><td><strong>Capacidad del dep\u00f3sito<\/strong><\/td><td>\ufeff<\/td><\/tr><tr><td><strong>Asa ergon\u00f3mica<\/strong><\/td><td>\ufeff<\/td><\/tr><tr><td><strong>Con ruedas<\/strong><\/td><td>\ufeff<\/td><\/tr><tr><td><strong>Largo del cable<\/strong><\/td><td>\ufeff<\/td><\/tr><\/tbody><\/table><\/figure>\n\n\n\n<h3 class=\"wp-block-heading has-vivid-cyan-blue-color has-text-color\" id=\"block-6a839f3b-2a4d-4ef9-9376-f7ad18a50d00\">Especificaciones<\/h3>\n\n\n\n<figure class=\"wp-block-table\"><table><tbody><tr><td><strong>Tipo de manguera<\/strong><\/td><td>\ufeff<\/td><\/tr><tr><td><strong>Soporte para accesorios<\/strong><\/td><td>\ufeff<\/td><\/tr><tr><td><strong>Potencia<\/strong><\/td><td>\ufeff<\/td><\/tr><tr><td><strong>Voltaje<\/strong><\/td><td>\ufeff<\/td><\/tr><tr><td><strong>Tipo de filtro<\/strong><\/td><\/tr><\/tbody><\/table><\/figure>\n","protected":false},"excerpt":{"rendered":"<p>Modelo: SK-4005<br \/>C\u00f3d: 23152<\/p>\n","protected":false},"featured_media":2507,"comment_status":"open","ping_status":"closed","template":"","meta":{"om_disable_all_campaigns":false,"_uag_custom_page_level_css":"","_monsterinsights_skip_tracking":false,"_monsterinsights_sitenote_active":false,"_monsterinsights_sitenote_note":"","_monsterinsights_sitenote_category":0},"product_cat":[29],"product_tag":[134],"class_list":{"0":"post-2506","1":"product","2":"type-product","3":"status-publish","4":"has-post-thumbnail","6":"product_cat-electrodomesticos","7":"product_tag-pequenos-electrodomesticos","9":"first","10":"instock","11":"shipping-taxable","12":"purchasable","13":"product-type-simple"},"aioseo_notices":[],"jetpack_sharing_enabled":true,"uagb_featured_image_src":{"full":["https:\/\/quasarhomecenter.com\/wp-content\/uploads\/2023\/10\/image-removebg-preview-43-3.png",612,408,false],"thumbnail":["https:\/\/quasarhomecenter.com\/wp-content\/uploads\/2023\/10\/image-removebg-preview-43-3-150x150.png",150,150,true],"medium":["https:\/\/quasarhomecenter.com\/wp-content\/uploads\/2023\/10\/image-removebg-preview-43-3-300x200.png",300,200,true],"medium_large":["https:\/\/quasarhomecenter.com\/wp-content\/uploads\/2023\/10\/image-removebg-preview-43-3.png",612,408,false],"large":["https:\/\/quasarhomecenter.com\/wp-content\/uploads\/2023\/10\/image-removebg-preview-43-3.png",612,408,false],"1536x1536":["https:\/\/quasarhomecenter.com\/wp-content\/uploads\/2023\/10\/image-removebg-preview-43-3.png",612,408,false],"2048x2048":["https:\/\/quasarhomecenter.com\/wp-content\/uploads\/2023\/10\/image-removebg-preview-43-3.png",612,408,false],"mailpoet_newsletter_max":["https:\/\/quasarhomecenter.com\/wp-content\/uploads\/2023\/10\/image-removebg-preview-43-3.png",612,408,false],"woocommerce_thumbnail":["https:\/\/quasarhomecenter.com\/wp-content\/uploads\/2023\/10\/image-removebg-preview-43-3-300x300.png",300,300,true],"woocommerce_single":["https:\/\/quasarhomecenter.com\/wp-content\/uploads\/2023\/10\/image-removebg-preview-43-3-600x400.png",600,400,true],"woocommerce_gallery_thumbnail":["https:\/\/quasarhomecenter.com\/wp-content\/uploads\/2023\/10\/image-removebg-preview-43-3-100x100.png",100,100,true]},"uagb_author_info":{"display_name":"quasarhomecenter.com","author_link":"https:\/\/quasarhomecenter.com\/index.php\/author\/"},"uagb_comment_info":0,"uagb_excerpt":"Modelo: SK-4005C\u00f3d: 23152","_links":{"self":[{"href":"https:\/\/quasarhomecenter.com\/index.php\/wp-json\/wp\/v2\/product\/2506","targetHints":{"allow":["GET"]}}],"collection":[{"href":"https:\/\/quasarhomecenter.com\/index.php\/wp-json\/wp\/v2\/product"}],"about":[{"href":"https:\/\/quasarhomecenter.com\/index.php\/wp-json\/wp\/v2\/types\/product"}],"replies":[{"embeddable":true,"href":"https:\/\/quasarhomecenter.com\/index.php\/wp-json\/wp\/v2\/comments?post=2506"}],"wp:featuredmedia":[{"embeddable":true,"href":"https:\/\/quasarhomecenter.com\/index.php\/wp-json\/wp\/v2\/media\/2507"}],"wp:attachment":[{"href":"https:\/\/quasarhomecenter.com\/index.php\/wp-json\/wp\/v2\/media?parent=2506"}],"wp:term":[{"taxonomy":"product_cat","embeddable":true,"href":"https:\/\/quasarhomecenter.com\/index.php\/wp-json\/wp\/v2\/product_cat?post=2506"},{"taxonomy":"product_tag","embeddable":true,"href":"https:\/\/quasarhomecenter.com\/index.php\/wp-json\/wp\/v2\/product_tag?post=2506"}],"curies":[{"name":"wp","href":"https:\/\/api.w.org\/{rel}","templated":true}]}}