{"id":2836,"date":"2023-11-01T17:07:24","date_gmt":"2023-11-01T20:07:24","guid":{"rendered":"https:\/\/quasarhomecenter.com\/?post_type=product&#038;p=2836"},"modified":"2023-12-07T09:16:31","modified_gmt":"2023-12-07T12:16:31","slug":"4-puertas-3-niveles-2","status":"publish","type":"product","link":"https:\/\/quasarhomecenter.com\/index.php\/product\/4-puertas-3-niveles-2\/","title":{"rendered":"4 puertas 3 Niveles"},"content":{"rendered":"\n<h2 class=\"wp-block-heading has-vivid-cyan-blue-color has-text-color\" id=\"block-c5cd919b-f49a-4dc0-a209-c35ab9348a9e\">Caracter\u00edsticas destacadas<\/h2>\n\n\n\n<p id=\"block-8f98821d-4719-4cb2-98d4-5b637de3f492\">La biblioteca es una elegante pieza de mobiliario con dimensiones de 80x32x190 cm. Su dise\u00f1o est\u00e1 cuidadosamente pensado para proporcionar funcionalidad y estilo a cualquier espacio. Con una estructura bien proporcionada, esta biblioteca ofrece amplio espacio de almacenamiento para libros, objetos decorativos o elementos personales. Su c\u00f3digo identificador es 9680. La combinaci\u00f3n de dimensiones pr\u00e1cticas y dise\u00f1o est\u00e9tico hace que la biblioteca  sea una elecci\u00f3n vers\u00e1til y atractiva para organizar y realzar la decoraci\u00f3n de tu espacio.<\/p>\n\n\n\n<p>Tama\u00f1o 80x32x190cm<br>C\u00f3digo 9680<\/p>\n\n\n\n<h3 class=\"wp-block-heading has-vivid-cyan-blue-color has-text-color\" id=\"block-3832155b-622f-4cfb-8a49-1d555249038a\">Caracter\u00edsticas generales<\/h3>\n\n\n\n<ul class=\"wp-block-list\" id=\"block-bf0dce2b-ad94-40bf-bae9-5df37e68b5ab\"><\/ul>\n\n\n\n<figure class=\"wp-block-table\"><table><tbody><tr><td><strong>Marca<\/strong><\/td><td>Biblioteca<\/td><\/tr><tr><td><strong>Modelo<\/strong><\/td><td>9680<\/td><\/tr><\/tbody><\/table><\/figure>\n\n\n\n<h3 class=\"wp-block-heading has-vivid-cyan-blue-color has-text-color\" id=\"block-b01d3956-8d51-4761-9bb4-b3d54662f08a\">Especificaciones<\/h3>\n\n\n\n<figure class=\"wp-block-table\"><table><tbody><tr><td><strong>Con ruedas<\/strong><\/td><td>No<\/td><\/tr><tr><td><strong>Con puertas<\/strong><\/td><td>Si<\/td><\/tr><tr><td><strong>Requiere ensamblado<\/strong><\/td><td>Si<\/td><\/tr><\/tbody><\/table><\/figure>\n\n\n\n<h3 class=\"wp-block-heading has-vivid-cyan-blue-color has-text-color\" id=\"block-5e9b5314-ebfb-48e7-a306-61a7d69b2e76\">Dimensiones:<\/h3>\n\n\n\n<p id=\"block-734c2d74-ca45-43f5-b040-fae7a221ef89\">Tama\u00f1o 80x32x190cm<\/p>\n","protected":false},"excerpt":{"rendered":"<p>Tama\u00f1o 80x32x190 cm<br \/>C\u00f3digo 9680<\/p>\n","protected":false},"featured_media":2837,"comment_status":"open","ping_status":"closed","template":"","meta":{"om_disable_all_campaigns":false,"_uag_custom_page_level_css":"","_monsterinsights_skip_tracking":false,"_monsterinsights_sitenote_active":false,"_monsterinsights_sitenote_note":"","_monsterinsights_sitenote_category":0},"product_cat":[30],"product_tag":[],"class_list":{"0":"post-2836","1":"product","2":"type-product","3":"status-publish","4":"has-post-thumbnail","6":"product_cat-muebleria","8":"first","9":"instock","10":"shipping-taxable","11":"purchasable","12":"product-type-simple"},"aioseo_notices":[],"jetpack_sharing_enabled":true,"uagb_featured_image_src":{"full":["https:\/\/quasarhomecenter.com\/wp-content\/uploads\/2023\/11\/image-removebg-preview-90.png",153,229,false],"thumbnail":["https:\/\/quasarhomecenter.com\/wp-content\/uploads\/2023\/11\/image-removebg-preview-90-150x150.png",150,150,true],"medium":["https:\/\/quasarhomecenter.com\/wp-content\/uploads\/2023\/11\/image-removebg-preview-90.png",153,229,false],"medium_large":["https:\/\/quasarhomecenter.com\/wp-content\/uploads\/2023\/11\/image-removebg-preview-90.png",153,229,false],"large":["https:\/\/quasarhomecenter.com\/wp-content\/uploads\/2023\/11\/image-removebg-preview-90.png",153,229,false],"1536x1536":["https:\/\/quasarhomecenter.com\/wp-content\/uploads\/2023\/11\/image-removebg-preview-90.png",153,229,false],"2048x2048":["https:\/\/quasarhomecenter.com\/wp-content\/uploads\/2023\/11\/image-removebg-preview-90.png",153,229,false],"mailpoet_newsletter_max":["https:\/\/quasarhomecenter.com\/wp-content\/uploads\/2023\/11\/image-removebg-preview-90.png",153,229,false],"woocommerce_thumbnail":["https:\/\/quasarhomecenter.com\/wp-content\/uploads\/2023\/11\/image-removebg-preview-90.png",153,229,false],"woocommerce_single":["https:\/\/quasarhomecenter.com\/wp-content\/uploads\/2023\/11\/image-removebg-preview-90.png",153,229,false],"woocommerce_gallery_thumbnail":["https:\/\/quasarhomecenter.com\/wp-content\/uploads\/2023\/11\/image-removebg-preview-90-100x100.png",100,100,true]},"uagb_author_info":{"display_name":"quasarhomecenter.com","author_link":"https:\/\/quasarhomecenter.com\/index.php\/author\/"},"uagb_comment_info":0,"uagb_excerpt":"Tama\u00f1o 80x32x190 cmC\u00f3digo 9680","_links":{"self":[{"href":"https:\/\/quasarhomecenter.com\/index.php\/wp-json\/wp\/v2\/product\/2836","targetHints":{"allow":["GET"]}}],"collection":[{"href":"https:\/\/quasarhomecenter.com\/index.php\/wp-json\/wp\/v2\/product"}],"about":[{"href":"https:\/\/quasarhomecenter.com\/index.php\/wp-json\/wp\/v2\/types\/product"}],"replies":[{"embeddable":true,"href":"https:\/\/quasarhomecenter.com\/index.php\/wp-json\/wp\/v2\/comments?post=2836"}],"wp:featuredmedia":[{"embeddable":true,"href":"https:\/\/quasarhomecenter.com\/index.php\/wp-json\/wp\/v2\/media\/2837"}],"wp:attachment":[{"href":"https:\/\/quasarhomecenter.com\/index.php\/wp-json\/wp\/v2\/media?parent=2836"}],"wp:term":[{"taxonomy":"product_cat","embeddable":true,"href":"https:\/\/quasarhomecenter.com\/index.php\/wp-json\/wp\/v2\/product_cat?post=2836"},{"taxonomy":"product_tag","embeddable":true,"href":"https:\/\/quasarhomecenter.com\/index.php\/wp-json\/wp\/v2\/product_tag?post=2836"}],"curies":[{"name":"wp","href":"https:\/\/api.w.org\/{rel}","templated":true}]}}