{"id":2852,"date":"2023-11-01T17:28:21","date_gmt":"2023-11-01T20:28:21","guid":{"rendered":"https:\/\/quasarhomecenter.com\/?post_type=product&#038;p=2852"},"modified":"2023-12-07T10:02:03","modified_gmt":"2023-12-07T13:02:03","slug":"escritorio-c-alzada","status":"publish","type":"product","link":"https:\/\/quasarhomecenter.com\/index.php\/product\/escritorio-c-alzada\/","title":{"rendered":"Escritorio c\/alzada"},"content":{"rendered":"\n<h2 class=\"wp-block-heading has-vivid-cyan-blue-color has-text-color\" id=\"block-06565ea0-b2b7-49ce-ad72-b6e7bd107805\">Caracter\u00edsticas destacadas<\/h2>\n\n\n\n<p id=\"block-952fa47f-dffa-4dcd-a689-b622928ff0fb\">El escritorio con dimensiones de 137x96x42 cm, identificado como modelo 912 con el c\u00f3digo 6077, es una elecci\u00f3n elegante y funcional para tu espacio de trabajo. Este escritorio presenta un dise\u00f1o espacioso que proporciona una generosa superficie de trabajo. El modelo 912 agrega un toque distintivo, mientras que el c\u00f3digo identificador 6077 resalta su singularidad. Con un equilibrio entre estilo y utilidad, este escritorio ofrece un entorno organizado y est\u00e9ticamente agradable para abordar tus tareas diarias con eficiencia.<\/p>\n\n\n\n<p>Modelo 912<br>C\u00f3digo 6077<\/p>\n\n\n\n<h3 class=\"wp-block-heading has-vivid-cyan-blue-color has-text-color\" id=\"block-6a9cf7d5-efd0-4d74-81a2-9485d8661d23\">Caracter\u00edsticas generales<\/h3>\n\n\n\n<ul class=\"wp-block-list\" id=\"block-a981275a-f8b0-4630-a837-b04d8878f551\"><\/ul>\n\n\n\n<figure class=\"wp-block-table\"><table><tbody><tr><td><strong>Marca<\/strong><\/td><td>Escritorio<\/td><\/tr><tr><td><strong>Modelo<\/strong><\/td><td>Con alzada<\/td><\/tr><\/tbody><\/table><\/figure>\n\n\n\n<h3 class=\"wp-block-heading has-vivid-cyan-blue-color has-text-color\" id=\"block-a69a19fa-1890-4f17-94da-112e2d075d58\">Especificaciones<\/h3>\n\n\n\n<figure class=\"wp-block-table\"><table><tbody><tr><td><strong>Material de Escritorio<\/strong><\/td><td>\ufeff<\/td><\/tr><tr><td><strong>Con Cajones<\/strong><\/td><td>No<\/td><\/tr><tr><td><strong>Es en forma de L<\/strong><\/td><td>No<\/td><\/tr><tr><td><strong>Es Gamer<\/strong><\/td><td>No<\/td><\/tr><tr><td><strong>Con luces LED<\/strong><\/td><td>No<\/td><\/tr><tr><td><strong>Requiere ensamblado<\/strong><\/td><td>No<\/td><\/tr><tr><td><strong>Peso<\/strong><\/td><td>\ufeff<\/td><\/tr><tr><td><strong>Con puertas<\/strong><\/td><td>No<\/td><\/tr><tr><td><strong>Estantes<\/strong><\/td><td>Si<\/td><\/tr><tr><td><strong>Con ruedas<\/strong><\/td><td>No<\/td><\/tr><tr><td><strong>Bandeja deslizante<\/strong><\/td><td>Si<\/td><\/tr><\/tbody><\/table><\/figure>\n\n\n\n<h3 class=\"wp-block-heading has-vivid-cyan-blue-color has-text-color\" id=\"block-241772f3-4e79-4607-aef8-3120c809c3ff\">Dimensiones:<\/h3>\n\n\n\n<p id=\"block-d1ad4b5e-e5c4-4b99-b5eb-8e1bb9148097\">Tama\u00f1o 137x96x42cm<\/p>\n","protected":false},"excerpt":{"rendered":"<p>Tama\u00f1o 96x137x42 cm<br \/>Modelo 912<br \/>C\u00f3digo 6077<\/p>\n","protected":false},"featured_media":2853,"comment_status":"open","ping_status":"closed","template":"","meta":{"om_disable_all_campaigns":false,"_uag_custom_page_level_css":"","_monsterinsights_skip_tracking":false,"_monsterinsights_sitenote_active":false,"_monsterinsights_sitenote_note":"","_monsterinsights_sitenote_category":0},"product_cat":[30],"product_tag":[],"class_list":{"0":"post-2852","1":"product","2":"type-product","3":"status-publish","4":"has-post-thumbnail","6":"product_cat-muebleria","8":"first","9":"instock","10":"shipping-taxable","11":"purchasable","12":"product-type-simple"},"aioseo_notices":[],"jetpack_sharing_enabled":true,"uagb_featured_image_src":{"full":["https:\/\/quasarhomecenter.com\/wp-content\/uploads\/2023\/11\/image-removebg-preview-97.png",164,224,false],"thumbnail":["https:\/\/quasarhomecenter.com\/wp-content\/uploads\/2023\/11\/image-removebg-preview-97-150x150.png",150,150,true],"medium":["https:\/\/quasarhomecenter.com\/wp-content\/uploads\/2023\/11\/image-removebg-preview-97.png",164,224,false],"medium_large":["https:\/\/quasarhomecenter.com\/wp-content\/uploads\/2023\/11\/image-removebg-preview-97.png",164,224,false],"large":["https:\/\/quasarhomecenter.com\/wp-content\/uploads\/2023\/11\/image-removebg-preview-97.png",164,224,false],"1536x1536":["https:\/\/quasarhomecenter.com\/wp-content\/uploads\/2023\/11\/image-removebg-preview-97.png",164,224,false],"2048x2048":["https:\/\/quasarhomecenter.com\/wp-content\/uploads\/2023\/11\/image-removebg-preview-97.png",164,224,false],"mailpoet_newsletter_max":["https:\/\/quasarhomecenter.com\/wp-content\/uploads\/2023\/11\/image-removebg-preview-97.png",164,224,false],"woocommerce_thumbnail":["https:\/\/quasarhomecenter.com\/wp-content\/uploads\/2023\/11\/image-removebg-preview-97.png",164,224,false],"woocommerce_single":["https:\/\/quasarhomecenter.com\/wp-content\/uploads\/2023\/11\/image-removebg-preview-97.png",164,224,false],"woocommerce_gallery_thumbnail":["https:\/\/quasarhomecenter.com\/wp-content\/uploads\/2023\/11\/image-removebg-preview-97-100x100.png",100,100,true]},"uagb_author_info":{"display_name":"quasarhomecenter.com","author_link":"https:\/\/quasarhomecenter.com\/index.php\/author\/"},"uagb_comment_info":0,"uagb_excerpt":"Tama\u00f1o 96x137x42 cmModelo 912C\u00f3digo 6077","_links":{"self":[{"href":"https:\/\/quasarhomecenter.com\/index.php\/wp-json\/wp\/v2\/product\/2852","targetHints":{"allow":["GET"]}}],"collection":[{"href":"https:\/\/quasarhomecenter.com\/index.php\/wp-json\/wp\/v2\/product"}],"about":[{"href":"https:\/\/quasarhomecenter.com\/index.php\/wp-json\/wp\/v2\/types\/product"}],"replies":[{"embeddable":true,"href":"https:\/\/quasarhomecenter.com\/index.php\/wp-json\/wp\/v2\/comments?post=2852"}],"wp:featuredmedia":[{"embeddable":true,"href":"https:\/\/quasarhomecenter.com\/index.php\/wp-json\/wp\/v2\/media\/2853"}],"wp:attachment":[{"href":"https:\/\/quasarhomecenter.com\/index.php\/wp-json\/wp\/v2\/media?parent=2852"}],"wp:term":[{"taxonomy":"product_cat","embeddable":true,"href":"https:\/\/quasarhomecenter.com\/index.php\/wp-json\/wp\/v2\/product_cat?post=2852"},{"taxonomy":"product_tag","embeddable":true,"href":"https:\/\/quasarhomecenter.com\/index.php\/wp-json\/wp\/v2\/product_tag?post=2852"}],"curies":[{"name":"wp","href":"https:\/\/api.w.org\/{rel}","templated":true}]}}