{"id":3078,"date":"2023-11-03T14:32:53","date_gmt":"2023-11-03T17:32:53","guid":{"rendered":"https:\/\/quasarhomecenter.com\/?post_type=product&#038;p=3078"},"modified":"2024-04-03T10:06:12","modified_gmt":"2024-04-03T13:06:12","slug":"organizador-de-bano","status":"publish","type":"product","link":"https:\/\/quasarhomecenter.com\/index.php\/product\/organizador-de-bano\/","title":{"rendered":"Organizador de Ba\u00f1o"},"content":{"rendered":"\n<p>Organizador de Ba\u00f1o<br>Modelo: 4D6<br>Dimensiones: 107x73x43 cm<br>Cierre Magn\u00e9tico<br>C\u00f3digo 12162<\/p>\n","protected":false},"excerpt":{"rendered":"<p>Modelo: 4D6<br \/>Dimensiones: 107x73x43 cm<br \/>Cierre Magn\u00e9tico<br \/>C\u00f3digo 12162<\/p>\n","protected":false},"featured_media":3079,"comment_status":"open","ping_status":"closed","template":"","meta":{"om_disable_all_campaigns":false,"_uag_custom_page_level_css":"","_monsterinsights_skip_tracking":false,"_monsterinsights_sitenote_active":false,"_monsterinsights_sitenote_note":"","_monsterinsights_sitenote_category":0},"product_cat":[271,276,30],"product_tag":[84],"class_list":{"0":"post-3078","1":"product","2":"type-product","3":"status-publish","4":"has-post-thumbnail","6":"product_cat-bano","7":"product_cat-organizadores-bano","8":"product_cat-muebleria","9":"product_tag-bano","11":"first","12":"instock","13":"shipping-taxable","14":"purchasable","15":"product-type-simple"},"aioseo_notices":[],"jetpack_sharing_enabled":true,"uagb_featured_image_src":{"full":["https:\/\/quasarhomecenter.com\/wp-content\/uploads\/2023\/11\/image-removebg-preview-39.png",480,520,false],"thumbnail":["https:\/\/quasarhomecenter.com\/wp-content\/uploads\/2023\/11\/image-removebg-preview-39-150x150.png",150,150,true],"medium":["https:\/\/quasarhomecenter.com\/wp-content\/uploads\/2023\/11\/image-removebg-preview-39-277x300.png",277,300,true],"medium_large":["https:\/\/quasarhomecenter.com\/wp-content\/uploads\/2023\/11\/image-removebg-preview-39.png",480,520,false],"large":["https:\/\/quasarhomecenter.com\/wp-content\/uploads\/2023\/11\/image-removebg-preview-39.png",480,520,false],"1536x1536":["https:\/\/quasarhomecenter.com\/wp-content\/uploads\/2023\/11\/image-removebg-preview-39.png",480,520,false],"2048x2048":["https:\/\/quasarhomecenter.com\/wp-content\/uploads\/2023\/11\/image-removebg-preview-39.png",480,520,false],"mailpoet_newsletter_max":["https:\/\/quasarhomecenter.com\/wp-content\/uploads\/2023\/11\/image-removebg-preview-39.png",480,520,false],"woocommerce_thumbnail":["https:\/\/quasarhomecenter.com\/wp-content\/uploads\/2023\/11\/image-removebg-preview-39-300x300.png",300,300,true],"woocommerce_single":["https:\/\/quasarhomecenter.com\/wp-content\/uploads\/2023\/11\/image-removebg-preview-39.png",480,520,false],"woocommerce_gallery_thumbnail":["https:\/\/quasarhomecenter.com\/wp-content\/uploads\/2023\/11\/image-removebg-preview-39-100x100.png",100,100,true]},"uagb_author_info":{"display_name":"quasarhomecenter.com","author_link":"https:\/\/quasarhomecenter.com\/index.php\/author\/"},"uagb_comment_info":0,"uagb_excerpt":"Modelo: 4D6Dimensiones: 107x73x43 cmCierre Magn\u00e9ticoC\u00f3digo 12162","_links":{"self":[{"href":"https:\/\/quasarhomecenter.com\/index.php\/wp-json\/wp\/v2\/product\/3078","targetHints":{"allow":["GET"]}}],"collection":[{"href":"https:\/\/quasarhomecenter.com\/index.php\/wp-json\/wp\/v2\/product"}],"about":[{"href":"https:\/\/quasarhomecenter.com\/index.php\/wp-json\/wp\/v2\/types\/product"}],"replies":[{"embeddable":true,"href":"https:\/\/quasarhomecenter.com\/index.php\/wp-json\/wp\/v2\/comments?post=3078"}],"wp:featuredmedia":[{"embeddable":true,"href":"https:\/\/quasarhomecenter.com\/index.php\/wp-json\/wp\/v2\/media\/3079"}],"wp:attachment":[{"href":"https:\/\/quasarhomecenter.com\/index.php\/wp-json\/wp\/v2\/media?parent=3078"}],"wp:term":[{"taxonomy":"product_cat","embeddable":true,"href":"https:\/\/quasarhomecenter.com\/index.php\/wp-json\/wp\/v2\/product_cat?post=3078"},{"taxonomy":"product_tag","embeddable":true,"href":"https:\/\/quasarhomecenter.com\/index.php\/wp-json\/wp\/v2\/product_tag?post=3078"}],"curies":[{"name":"wp","href":"https:\/\/api.w.org\/{rel}","templated":true}]}}