{"id":3504,"date":"2023-11-08T14:35:05","date_gmt":"2023-11-08T17:35:05","guid":{"rendered":"https:\/\/quasarhomecenter.com\/?post_type=product&#038;p=3504"},"modified":"2024-04-16T10:20:06","modified_gmt":"2024-04-16T13:20:06","slug":"elevador-placas","status":"publish","type":"product","link":"https:\/\/quasarhomecenter.com\/index.php\/product\/elevador-placas\/","title":{"rendered":"Elevador Placas"},"content":{"rendered":"\n<p>-Soporte de placa expandible , con 3 posiciones.<br>-Extensiones retra\u00eddas.<br>-Apertura m\u00e1xima de extensiones : 2.94 mts<br>-Apertura m\u00ednima de extensiones : 1.25 mts<br>-3 ruedas para direcci\u00f3n de 10 cms. de di\u00e1metro con freno.<br>-Espaciado de 54 cms<br>-Espaciado de 84 cms<br>-Altura m\u00e1xima: 3.35 mts<br>-Altura m\u00ednimA: 1.38 mts<br>-Longitud del brazo : 90 cms + gancho de soporte.<br>-Peso : 41.5 kg<br><br>C\u00f3digo: 23094 <\/p>\n","protected":false},"excerpt":{"rendered":"<p>-Soporte de placa expandible , con 3 posiciones.<br \/>-Extensiones retra\u00eddas.<br \/>-Apertura m\u00e1xima de extensiones : 2.94 mts<br \/>-Apertura m\u00ednima de extensiones : 1.25 mts<br \/>-3 ruedas para direcci\u00f3n de 10 cms. de di\u00e1metro con freno.<br \/>-Espaciado de 54 cms<br \/>-Espaciado de 84 cms<br \/>-Altura m\u00e1xima: 3.35 mts<br \/>-Altura m\u00ednimA: 1.38 mts<br \/>-Longitud del brazo : 90 cms + gancho de soporte.<br \/>-Peso : 41.5 kg<\/p>\n<p>C\u00f3digo: 23094 <\/p>\n","protected":false},"featured_media":3505,"comment_status":"open","ping_status":"closed","template":"","meta":{"om_disable_all_campaigns":false,"_uag_custom_page_level_css":"","_monsterinsights_skip_tracking":false,"_monsterinsights_sitenote_active":false,"_monsterinsights_sitenote_note":"","_monsterinsights_sitenote_category":0},"product_cat":[149,159],"product_tag":[268],"class_list":{"0":"post-3504","1":"product","2":"type-product","3":"status-publish","4":"has-post-thumbnail","6":"product_cat-albanil","7":"product_cat-construccion","8":"product_tag-maquinaria","10":"first","11":"instock","12":"shipping-taxable","13":"purchasable","14":"product-type-simple"},"aioseo_notices":[],"jetpack_sharing_enabled":true,"uagb_featured_image_src":{"full":["https:\/\/quasarhomecenter.com\/wp-content\/uploads\/2023\/11\/23094-Banco-de-datos.png-3.png",2700,2700,false],"thumbnail":["https:\/\/quasarhomecenter.com\/wp-content\/uploads\/2023\/11\/23094-Banco-de-datos.png-3-150x150.png",150,150,true],"medium":["https:\/\/quasarhomecenter.com\/wp-content\/uploads\/2023\/11\/23094-Banco-de-datos.png-3-300x300.png",300,300,true],"medium_large":["https:\/\/quasarhomecenter.com\/wp-content\/uploads\/2023\/11\/23094-Banco-de-datos.png-3-768x768.png",768,768,true],"large":["https:\/\/quasarhomecenter.com\/wp-content\/uploads\/2023\/11\/23094-Banco-de-datos.png-3-1024x1024.png",1024,1024,true],"1536x1536":["https:\/\/quasarhomecenter.com\/wp-content\/uploads\/2023\/11\/23094-Banco-de-datos.png-3-1536x1536.png",1536,1536,true],"2048x2048":["https:\/\/quasarhomecenter.com\/wp-content\/uploads\/2023\/11\/23094-Banco-de-datos.png-3-2048x2048.png",2048,2048,true],"mailpoet_newsletter_max":["https:\/\/quasarhomecenter.com\/wp-content\/uploads\/2023\/11\/23094-Banco-de-datos.png-3-1320x1320.png",1320,1320,true],"woocommerce_thumbnail":["https:\/\/quasarhomecenter.com\/wp-content\/uploads\/2023\/11\/23094-Banco-de-datos.png-3-300x300.png",300,300,true],"woocommerce_single":["https:\/\/quasarhomecenter.com\/wp-content\/uploads\/2023\/11\/23094-Banco-de-datos.png-3-600x600.png",600,600,true],"woocommerce_gallery_thumbnail":["https:\/\/quasarhomecenter.com\/wp-content\/uploads\/2023\/11\/23094-Banco-de-datos.png-3-100x100.png",100,100,true]},"uagb_author_info":{"display_name":"quasarhomecenter.com","author_link":"https:\/\/quasarhomecenter.com\/index.php\/author\/"},"uagb_comment_info":0,"uagb_excerpt":"-Soporte de placa expandible , con 3 posiciones.-Extensiones retra\u00eddas.-Apertura m\u00e1xima de extensiones : 2.94 mts-Apertura m\u00ednima de extensiones : 1.25 mts-3 ruedas para direcci\u00f3n de 10 cms. de di\u00e1metro con freno.-Espaciado de 54 cms-Espaciado de 84 cms-Altura m\u00e1xima: 3.35 mts-Altura m\u00ednimA: 1.38 mts-Longitud del brazo : 90 cms + gancho de soporte.-Peso : 41.5 kgC\u00f3digo:&hellip;","_links":{"self":[{"href":"https:\/\/quasarhomecenter.com\/index.php\/wp-json\/wp\/v2\/product\/3504","targetHints":{"allow":["GET"]}}],"collection":[{"href":"https:\/\/quasarhomecenter.com\/index.php\/wp-json\/wp\/v2\/product"}],"about":[{"href":"https:\/\/quasarhomecenter.com\/index.php\/wp-json\/wp\/v2\/types\/product"}],"replies":[{"embeddable":true,"href":"https:\/\/quasarhomecenter.com\/index.php\/wp-json\/wp\/v2\/comments?post=3504"}],"wp:featuredmedia":[{"embeddable":true,"href":"https:\/\/quasarhomecenter.com\/index.php\/wp-json\/wp\/v2\/media\/3505"}],"wp:attachment":[{"href":"https:\/\/quasarhomecenter.com\/index.php\/wp-json\/wp\/v2\/media?parent=3504"}],"wp:term":[{"taxonomy":"product_cat","embeddable":true,"href":"https:\/\/quasarhomecenter.com\/index.php\/wp-json\/wp\/v2\/product_cat?post=3504"},{"taxonomy":"product_tag","embeddable":true,"href":"https:\/\/quasarhomecenter.com\/index.php\/wp-json\/wp\/v2\/product_tag?post=3504"}],"curies":[{"name":"wp","href":"https:\/\/api.w.org\/{rel}","templated":true}]}}