{"id":4653,"date":"2023-11-23T15:29:08","date_gmt":"2023-11-23T18:29:08","guid":{"rendered":"https:\/\/quasarhomecenter.com\/?post_type=product&#038;p=4653"},"modified":"2023-11-23T15:45:46","modified_gmt":"2023-11-23T18:45:46","slug":"jarra-electrica-vidrio","status":"publish","type":"product","link":"https:\/\/quasarhomecenter.com\/index.php\/product\/jarra-electrica-vidrio\/","title":{"rendered":"Jarra El\u00e9ctrica Vidrio"},"content":{"rendered":"\n<p id=\"block-937c9324-c7ee-41e8-9446-94923b245a11\">C\u00f3d: 21109<\/p>\n\n\n\n<h2 class=\"wp-block-heading has-vivid-cyan-blue-color has-text-color\" id=\"block-79edd88f-bc93-44cc-9352-01741b020325\">Caracter\u00edsticas destacadas<\/h2>\n\n\n\n<p id=\"block-9434ee17-05d4-45a9-b818-0a97b959f13c\"><strong><strong>Descripci\u00f3n<\/strong><\/strong><\/p>\n\n\n\n<p id=\"block-5eae4427-cad3-4a99-a87f-4a136cf142ef\">JARRA EL\u00c9CTRICA CON SELECTOR MATE MARVO \u00a1Ten\u00e9 el agua caliente siempre lista! Con la jarra el\u00e9ctrica MARVO vas a poder disfrutar de una bebida caliente en minutos. Gan\u00e1 tiempo y prepar\u00e1 lo que quieras de manera r\u00e1pida y f\u00e1cil. &#8211; Capacidad del producto: 1.8L &#8211; Interruptor de bot\u00f3n &#8211; Con luz azul &#8211; Opci\u00f3n especial para calentar agua para el mate &#8211; Base giratoria 360\u00b0 &#8211; Protecciones: apagado autom\u00e1tico y protecci\u00f3n contra ebullici\u00f3n &#8211; Hierve el agua en 3-7 minutos &#8211; F\u00e1cil de limpiar &#8211; Material: cuerpo de vidrio de borosilicato, acero inoxidable y pl\u00e1stico PP negro &#8211; Potencia 1500W &#8211; Voltaje 220V &#8211; 50\/60 Hz &#8211; Medidas: di\u00e1metro base 16 cm, alto 24 cm &#8211; Garant\u00eda: 1 A\u00f1o<\/p>\n\n\n\n<ul class=\"wp-block-list\" id=\"block-91f7ebc9-e6b9-44df-b72e-22e491a32809\">\n<li><\/li>\n<\/ul>\n","protected":false},"excerpt":{"rendered":"<p>C\u00f3digo: 21109<\/p>\n","protected":false},"featured_media":4655,"comment_status":"open","ping_status":"closed","template":"","meta":{"om_disable_all_campaigns":false,"_uag_custom_page_level_css":"","_monsterinsights_skip_tracking":false,"_monsterinsights_sitenote_active":false,"_monsterinsights_sitenote_note":"","_monsterinsights_sitenote_category":0},"product_cat":[15],"product_tag":[],"class_list":{"0":"post-4653","1":"product","2":"type-product","3":"status-publish","4":"has-post-thumbnail","6":"product_cat-uncategorized","8":"first","9":"instock","10":"shipping-taxable","11":"purchasable","12":"product-type-simple"},"aioseo_notices":[],"jetpack_sharing_enabled":true,"uagb_featured_image_src":{"full":["https:\/\/quasarhomecenter.com\/wp-content\/uploads\/2023\/11\/21109-Banco-de-datos.png",2955,2955,false],"thumbnail":["https:\/\/quasarhomecenter.com\/wp-content\/uploads\/2023\/11\/21109-Banco-de-datos-150x150.png",150,150,true],"medium":["https:\/\/quasarhomecenter.com\/wp-content\/uploads\/2023\/11\/21109-Banco-de-datos-300x300.png",300,300,true],"medium_large":["https:\/\/quasarhomecenter.com\/wp-content\/uploads\/2023\/11\/21109-Banco-de-datos-768x768.png",768,768,true],"large":["https:\/\/quasarhomecenter.com\/wp-content\/uploads\/2023\/11\/21109-Banco-de-datos-1024x1024.png",1024,1024,true],"1536x1536":["https:\/\/quasarhomecenter.com\/wp-content\/uploads\/2023\/11\/21109-Banco-de-datos-1536x1536.png",1536,1536,true],"2048x2048":["https:\/\/quasarhomecenter.com\/wp-content\/uploads\/2023\/11\/21109-Banco-de-datos-2048x2048.png",2048,2048,true],"mailpoet_newsletter_max":["https:\/\/quasarhomecenter.com\/wp-content\/uploads\/2023\/11\/21109-Banco-de-datos-1320x1320.png",1320,1320,true],"woocommerce_thumbnail":["https:\/\/quasarhomecenter.com\/wp-content\/uploads\/2023\/11\/21109-Banco-de-datos-300x300.png",300,300,true],"woocommerce_single":["https:\/\/quasarhomecenter.com\/wp-content\/uploads\/2023\/11\/21109-Banco-de-datos-600x600.png",600,600,true],"woocommerce_gallery_thumbnail":["https:\/\/quasarhomecenter.com\/wp-content\/uploads\/2023\/11\/21109-Banco-de-datos-100x100.png",100,100,true]},"uagb_author_info":{"display_name":"quasarhomecenter.com","author_link":"https:\/\/quasarhomecenter.com\/index.php\/author\/"},"uagb_comment_info":0,"uagb_excerpt":"C\u00f3digo: 21109","_links":{"self":[{"href":"https:\/\/quasarhomecenter.com\/index.php\/wp-json\/wp\/v2\/product\/4653","targetHints":{"allow":["GET"]}}],"collection":[{"href":"https:\/\/quasarhomecenter.com\/index.php\/wp-json\/wp\/v2\/product"}],"about":[{"href":"https:\/\/quasarhomecenter.com\/index.php\/wp-json\/wp\/v2\/types\/product"}],"replies":[{"embeddable":true,"href":"https:\/\/quasarhomecenter.com\/index.php\/wp-json\/wp\/v2\/comments?post=4653"}],"wp:featuredmedia":[{"embeddable":true,"href":"https:\/\/quasarhomecenter.com\/index.php\/wp-json\/wp\/v2\/media\/4655"}],"wp:attachment":[{"href":"https:\/\/quasarhomecenter.com\/index.php\/wp-json\/wp\/v2\/media?parent=4653"}],"wp:term":[{"taxonomy":"product_cat","embeddable":true,"href":"https:\/\/quasarhomecenter.com\/index.php\/wp-json\/wp\/v2\/product_cat?post=4653"},{"taxonomy":"product_tag","embeddable":true,"href":"https:\/\/quasarhomecenter.com\/index.php\/wp-json\/wp\/v2\/product_tag?post=4653"}],"curies":[{"name":"wp","href":"https:\/\/api.w.org\/{rel}","templated":true}]}}